{"id":13097,"date":"2024-11-10T09:29:38","date_gmt":"2024-11-10T08:29:38","guid":{"rendered":"https:\/\/forzini.com\/producto\/enfriador-de-botellas-de-marmol\/"},"modified":"2025-06-07T14:29:35","modified_gmt":"2025-06-07T12:29:35","slug":"naturstein-weinkuehler","status":"publish","type":"product","link":"https:\/\/forzini.com\/de\/producto\/naturstein-weinkuehler\/","title":{"rendered":"Naturstein weink\u00fchler"},"content":{"rendered":"<h1>Naturstein weink\u00fchler &#8222;Oh Lares W&#8220;<\/h1>\n<p>Dieser beeindruckende Naturstein-Weink\u00fchler ist handgefertigt aus edlem wei\u00dfem Onyx mit einem exklusiven, wellenf\u00f6rmigen Design, das jedem Event oder Dinner eine k\u00fcnstlerische Note verleiht. Die nat\u00fcrliche Sch\u00f6nheit des wei\u00dfen Onyx, mit seinen sanften Cremet\u00f6nen und feinen Maserungen, macht diesen K\u00fchler zu einem auff\u00e4lligen Mittelpunkt \u2013 perfekt f\u00fcr traditionelle und moderne Umgebungen. Entworfen, um Weinflaschen perfekt k\u00fchl zu halten, vereint dieser Marmork\u00fchler Eleganz und Funktionalit\u00e4t und ist ideal f\u00fcr Abendessen, Feiern und besondere Anl\u00e4sse. Jedes St\u00fcck wird individuell von erfahrenen Handwerkern gefertigt, wodurch jeder Marmork\u00fchler einzigartige Maserungen und Texturen erh\u00e4lt. Neben seiner Hauptfunktion kann dieser Naturstein-Weink\u00fchler auch als stilvolle Blumenvase oder eleganter Utensilienhalter in der K\u00fcche verwendet werden, was seine Vielseitigkeit in verschiedenen R\u00e4umen unterstreicht.<\/p>\n<p>Dieser Naturstein-Weink\u00fchler ist ein ideales Geschenk f\u00fcr Hochzeiten, Jubil\u00e4en oder besondere Anl\u00e4sse, da er dem Zuhause des Beschenkten einen Hauch von Luxus verleiht. Perfekt f\u00fcr Weinliebhaber und Gastgeber, die ihre G\u00e4ste mit zeitloser Eleganz und nat\u00fcrlicher Sch\u00f6nheit beeindrucken m\u00f6chten.<\/p>\n<p>Unser Tipp: Dieser Champagnerk\u00fchler passt perfekt zu unserer dekorativen Marmorplatte \u201e<a href=\"https:\/\/forzini.com\/de\/producto\/dekoschale-marmor-weiss-oh-helios\/\" target=\"_blank\" rel=\"noopener\">Oh Helios<\/a>\u201c.<\/p>\n<p>Sugar Blanco Onyx \u2013 Ein reines Wei\u00df, akzentuiert durch feinste goldene Linien, die sanft und cremig \u00fcber seine Oberfl\u00e4che verlaufen. Dieser hochwertige, seltene wei\u00dfe Onyx ist nur in begrenzten Mengen verf\u00fcgbar, da er aus einer exklusiven Region gewonnen wird.<\/p>\n<p><a href=\"https:\/\/forzini.com\/de\/materialien\/\" target=\"_blank\" rel=\"noopener\">Erfahren Sie mehr \u00fcber unsere Kollektion von Marmor und Onyx \u00fcber diesen Link: <\/a><a href=\"https:\/\/forzini.com\/de\/materialien\/\" target=\"_blank\" rel=\"noopener\">Materialien<\/a><\/p>\n","protected":false},"excerpt":{"rendered":"<h2>Naturstein weink\u00fchler<\/h2>\n<p>handgefertigter wei\u00dfer Onyx vereint Eleganz und Funktionalit\u00e4t mit einem markanten Wellen-Design, das Flaschen k\u00fchl h\u00e4lt und jedem Raum eine raffinierte Note verleiht. Seine einzigartige Maserung macht ihn zu einem eleganten Mittelpunkt auf dem Tisch \u2013 ideal, um G\u00e4ste zu empfangen oder als Geschenk f\u00fcr besondere Anl\u00e4sse. Vielseitig genug, um als Blumenvase oder dekoratives Element in der K\u00fcche zu dienen, versch\u00f6nert dieser K\u00fchler jeden Raum mit seiner au\u00dfergew\u00f6hnlichen \u00c4sthetik.<\/p>\n","protected":false},"featured_media":13086,"comment_status":"closed","ping_status":"closed","template":"","meta":{"_acf_changed":false,"_joinchat":[]},"product_brand":[],"product_cat":[260,381],"product_tag":[265],"class_list":{"0":"post-13097","1":"product","2":"type-product","3":"status-publish","4":"has-post-thumbnail","6":"product_cat-accessoires-de","7":"product_cat-wohnaccessoires","8":"product_tag-onyx-de","10":"first","11":"instock","12":"featured","13":"shipping-taxable","14":"purchasable","15":"product-type-simple"},"acf":[],"_links":{"self":[{"href":"https:\/\/forzini.com\/de\/wp-json\/wp\/v2\/product\/13097","targetHints":{"allow":["GET"]}}],"collection":[{"href":"https:\/\/forzini.com\/de\/wp-json\/wp\/v2\/product"}],"about":[{"href":"https:\/\/forzini.com\/de\/wp-json\/wp\/v2\/types\/product"}],"replies":[{"embeddable":true,"href":"https:\/\/forzini.com\/de\/wp-json\/wp\/v2\/comments?post=13097"}],"version-history":[{"count":0,"href":"https:\/\/forzini.com\/de\/wp-json\/wp\/v2\/product\/13097\/revisions"}],"wp:featuredmedia":[{"embeddable":true,"href":"https:\/\/forzini.com\/de\/wp-json\/wp\/v2\/media\/13086"}],"wp:attachment":[{"href":"https:\/\/forzini.com\/de\/wp-json\/wp\/v2\/media?parent=13097"}],"wp:term":[{"taxonomy":"product_brand","embeddable":true,"href":"https:\/\/forzini.com\/de\/wp-json\/wp\/v2\/product_brand?post=13097"},{"taxonomy":"product_cat","embeddable":true,"href":"https:\/\/forzini.com\/de\/wp-json\/wp\/v2\/product_cat?post=13097"},{"taxonomy":"product_tag","embeddable":true,"href":"https:\/\/forzini.com\/de\/wp-json\/wp\/v2\/product_tag?post=13097"}],"curies":[{"name":"wp","href":"https:\/\/api.w.org\/{rel}","templated":true}]}}