{"id":13093,"date":"2024-11-10T10:06:46","date_gmt":"2024-11-10T09:06:46","guid":{"rendered":"https:\/\/forzini.com\/producto\/botellero-enfriador-de-vino\/"},"modified":"2025-05-17T23:03:20","modified_gmt":"2025-05-17T21:03:20","slug":"weinflaschen-kuehler-marmor","status":"publish","type":"product","link":"https:\/\/forzini.com\/de\/producto\/weinflaschen-kuehler-marmor\/","title":{"rendered":"Weinflaschen k\u00fchler marmor"},"content":{"rendered":"<h1><strong>Weinflaschen k\u00fchler marmor <\/strong>&#8222;Oh Lares L&#8220;<\/h1>\n<p>Dieser beeindruckende Weinflaschenk\u00fchler aus Marmor ist f\u00fcr diejenigen konzipiert, die sowohl Eleganz als auch Funktionalit\u00e4t sch\u00e4tzen. Handgefertigt aus nat\u00fcrlichem Onyx-Marmor, besticht er durch seine wundersch\u00f6ne Maserung und eine glatte, polierte Oberfl\u00e4che, die jeder Veranstaltung oder Zusammenkunft eine besondere Raffinesse verleiht. Ideal, um Champagner, Wein oder andere Getr\u00e4nke k\u00fchl zu halten, unterstreicht dieser K\u00fchler m\u00fchelos deinen Gastgeberstil mit seinem zeitlosen und luxuri\u00f6sen Erscheinungsbild. Die nat\u00fcrliche K\u00fchle des Marmors sorgt daf\u00fcr, dass die Getr\u00e4nke stets die perfekte Temperatur behalten, w\u00e4hrend die Vielseitigkeit des Gef\u00e4\u00dfes es erm\u00f6glicht, es f\u00fcr verschiedene Zwecke \u00fcber Feierlichkeiten hinaus zu nutzen.<\/p>\n<p>Wenn er nicht als Weink\u00fchler verwendet wird, verwandelt er sich in eine elegante Blumenvase oder einen stilvollen Utensilienhalter, der jedem Raum Sch\u00f6nheit und Funktionalit\u00e4t verleiht. Dieser Weinflaschenk\u00fchler aus Marmor ist auch ein unvergessliches Geschenk f\u00fcr Hochzeiten, Jubil\u00e4en oder Hauseinweihungen \u2013 perfekt f\u00fcr diejenigen, die einzigartige und raffinierte Dekorationsst\u00fccke zu sch\u00e4tzen wissen. Ein unverzichtbares Element f\u00fcr alle, die ihrem Zuhause nat\u00fcrliche Eleganz und Vielseitigkeit verleihen m\u00f6chten.<\/p>\n<p>Unser Tipp: Dieser Champagnerk\u00fchler passt perfekt zu unserer dekorativen Marmorplatte \u201eOh Helios\u201c.<\/p>\n<p>Verde Galaxy Onyx \u2013 Ein hellgr\u00fcner Hintergrund, wundersch\u00f6n akzentuiert durch wei\u00dfe Wellen, durchzogen von bronzefarbenen, erdigen goldbraunen und r\u00f6tlichen Adern.<\/p>\n<p>Diese seltene und exklusive Onyx-Variante wird nur in sehr geringen Mengen abgebaut und zeichnet sich durch ihre au\u00dfergew\u00f6hnliche Transparenz aus.<\/p>\n<p>&nbsp;<\/p>\n<p><a href=\"https:\/\/forzini.com\/de\/materialien\/\" target=\"_blank\" rel=\"noopener\">Erfahren Sie mehr \u00fcber unsere Kollektion von Marmor und Onyx \u00fcber diesen Link: <\/a><a href=\"https:\/\/forzini.com\/de\/materialien\/\" target=\"_blank\" rel=\"noopener\">Materialien<\/a><\/p>\n","protected":false},"excerpt":{"rendered":"<h2>Weinflaschen k\u00fchler marmor<\/h2>\n<p>Gefertigt aus hochwertigem Onyx-Marmor, h\u00e4lt er Getr\u00e4nke perfekt k\u00fchl und verleiht jeder Gelegenheit eine elegante Note. Sein vielseitiges Design erm\u00f6glicht es, ihn auch als stilvolle Blumenvase oder Utensilienhalter zu verwenden, wodurch er sowohl praktisch als auch \u00e4sthetisch ansprechend ist.<\/p>\n","protected":false},"featured_media":13072,"comment_status":"closed","ping_status":"closed","template":"","meta":{"_acf_changed":false,"_joinchat":[]},"product_brand":[],"product_cat":[260,381],"product_tag":[265],"class_list":{"0":"post-13093","1":"product","2":"type-product","3":"status-publish","4":"has-post-thumbnail","6":"product_cat-accessoires-de","7":"product_cat-wohnaccessoires","8":"product_tag-onyx-de","10":"first","11":"instock","12":"featured","13":"shipping-taxable","14":"purchasable","15":"product-type-simple"},"acf":[],"_links":{"self":[{"href":"https:\/\/forzini.com\/de\/wp-json\/wp\/v2\/product\/13093","targetHints":{"allow":["GET"]}}],"collection":[{"href":"https:\/\/forzini.com\/de\/wp-json\/wp\/v2\/product"}],"about":[{"href":"https:\/\/forzini.com\/de\/wp-json\/wp\/v2\/types\/product"}],"replies":[{"embeddable":true,"href":"https:\/\/forzini.com\/de\/wp-json\/wp\/v2\/comments?post=13093"}],"version-history":[{"count":0,"href":"https:\/\/forzini.com\/de\/wp-json\/wp\/v2\/product\/13093\/revisions"}],"wp:featuredmedia":[{"embeddable":true,"href":"https:\/\/forzini.com\/de\/wp-json\/wp\/v2\/media\/13072"}],"wp:attachment":[{"href":"https:\/\/forzini.com\/de\/wp-json\/wp\/v2\/media?parent=13093"}],"wp:term":[{"taxonomy":"product_brand","embeddable":true,"href":"https:\/\/forzini.com\/de\/wp-json\/wp\/v2\/product_brand?post=13093"},{"taxonomy":"product_cat","embeddable":true,"href":"https:\/\/forzini.com\/de\/wp-json\/wp\/v2\/product_cat?post=13093"},{"taxonomy":"product_tag","embeddable":true,"href":"https:\/\/forzini.com\/de\/wp-json\/wp\/v2\/product_tag?post=13093"}],"curies":[{"name":"wp","href":"https:\/\/api.w.org\/{rel}","templated":true}]}}