{"id":13051,"date":"2024-04-26T11:40:20","date_gmt":"2024-04-26T09:40:20","guid":{"rendered":"https:\/\/forzini.com\/producto\/cubitera-blanca-de-marmol-lares\/"},"modified":"2025-06-07T12:42:50","modified_gmt":"2025-06-07T10:42:50","slug":"marmor-vase-lares","status":"publish","type":"product","link":"https:\/\/forzini.com\/de\/producto\/marmor-vase-lares\/","title":{"rendered":"Marmor vase Lares"},"content":{"rendered":"<h1>Marmor vase &#8222;Lares&#8220;<\/h1>\n<p>Im Herzen deiner Feier erhebt sich die Marmorvase als Symbol f\u00fcr Eleganz und Exklusivit\u00e4t. Ihr wellenf\u00f6rmiges Design, inspiriert von den st\u00fcrmischen Wellen des Meeres, verleiht jedem Event eine raffinierte Note und verwandelt es in eine unvergessliche Gelegenheit.<\/p>\n<p>Stell dir eine perfekte Abendgesellschaft vor, bei der der Tisch mit dieser beeindruckenden Vase aus wei\u00dfem Marmor dekoriert ist. Jede Marmorvase ist ein handgefertigtes Unikat, das die nat\u00fcrliche Sch\u00f6nheit des Marmors hervorhebt. Die grauen Adern, die ihre Oberfl\u00e4che durchziehen, verleihen ihr eine k\u00fcnstlerische Note \u2013 als h\u00e4tte die Natur selbst ihre Spuren hinterlassen. Das Licht, das sich auf ihren geschwungenen W\u00e4nden reflektiert, erzeugt ein faszinierendes Schattenspiel und verleiht jedem Raum eine magische Atmosph\u00e4re. Sie eignet sich auch perfekt als Utensilienhalter, um deine K\u00fcche stilvoll zu organisieren, oder als dekorative Vase, die jeden Raum mit ihrer majest\u00e4tischen Pr\u00e4senz bereichert.<\/p>\n<p>Die Marmorvase ist nicht nur ein Accessoire, sondern eine echte Stil- und Geschmackserkl\u00e4rung. Sie ist das ideale Geschenk f\u00fcr alle, die Sch\u00f6nheit und Qualit\u00e4t sch\u00e4tzen \u2013 perfekt f\u00fcr Jubil\u00e4en, Hochzeiten oder besondere Anl\u00e4sse. Mit ihrem eleganten Design und ihrer Vielseitigkeit macht diese Champagnerk\u00fchler deine Veranstaltungen zu wahrhaft au\u00dfergew\u00f6hnlichen Momenten und hinterl\u00e4sst einen bleibenden Eindruck bei deinen G\u00e4sten.<\/p>\n<p>Unser Tipp: Diese Marmorvase ist ideal in Kombination mit unserer dekorativen Marmor-Schale \u201eHelios\u201c.<\/p>\n<p>Snow Leopard Marmor \u2013 Wei\u00df mit subtilen grauen Nuancen und einzigartiger Maserung.<\/p>\n<p>Dieser seltene und edle Marmor wird in begrenzten Mengen aus einer speziellen Region gewonnen und ist f\u00fcr seine gleichm\u00e4\u00dfigen, kunstvollen Adern bekannt, die an ein Tierfell erinnern.<\/p>\n<p>Unsere Kunsthandwerker, die ihr Wissen \u00fcber Generationen hinweg weitergegeben haben, formen Champagnerk\u00fchler mit geschwungenen Linien, die an Wellen erinnern \u2013 jede Biegung ein Fl\u00fcstern der majest\u00e4tischen Ozeane. Die Herstellung dieser K\u00fchler und Flaschenk\u00fchler ist ein fein abgestimmtes Gleichgewicht zwischen Kraft und Pr\u00e4zision. Die Mei\u00dfel der Handwerker gleiten mit h\u00f6chster Genauigkeit \u00fcber den Marmor und ehren seine nat\u00fcrliche Eleganz. Jeder Schlag ist wohl\u00fcberlegt, jede Bewegung darauf ausgelegt, die einzigartigen Maserungen und Farbt\u00f6ne des Steins hervorzuheben. Die H\u00e4nde der Kunsthandwerker formen den Stein mit einer Fertigkeit, die nur durch jahrelange Erfahrung erlangt wird, und verwandeln den Marmor in Formen, die seine St\u00e4rke und Sch\u00f6nheit zelebrieren. Jede Kreation ist eine visuelle Symphonie \u2013 eine harmonische Verbindung aus flie\u00dfenden Linien und nat\u00fcrlichen Texturen. Das Licht spielt auf der polierten Oberfl\u00e4che des Marmors, hebt seine Maserungen hervor und erzeugt eine dynamische Bewegung.<\/p>\n<p><a href=\"https:\/\/forzini.com\/de\/materialien\/\" target=\"_blank\" rel=\"noopener\">Erfahren Sie mehr \u00fcber unsere Kollektion von Marmor und Onyx \u00fcber diesen Link: <\/a><a href=\"https:\/\/forzini.com\/de\/materialien\/\" target=\"_blank\" rel=\"noopener\">Materialien<\/a><\/p>\n","protected":false},"excerpt":{"rendered":"<h2><span class=\"keyword _ngcontent-bcg-115\" aria-hidden=\"false\">Marmor vase<br \/>\n<\/span><\/h2>\n<p>mit seinem wellenf\u00f6rmigen und originellen Design ist es ein Kunstwerk aus seltenem wei\u00dfem Marmor mit grauen Adern. Jede Kurve spiegelt die nat\u00fcrliche Eleganz des Marmors wider und schafft ein St\u00fcck, das nicht nur eine praktische Funktion erf\u00fcllt, sondern auch jeder Gelegenheit einen Hauch von Raffinesse verleiht. Seine polierte Oberfl\u00e4che reflektiert das Licht sanft und hebt die einzigartigen Maserungen hervor, die jede Marmorvase zu einem unverwechselbaren Einzelst\u00fcck machen.<\/p>\n","protected":false},"featured_media":13662,"comment_status":"closed","ping_status":"closed","template":"","meta":{"_acf_changed":false,"_joinchat":[]},"product_brand":[],"product_cat":[260,381],"product_tag":[264],"class_list":{"0":"post-13051","1":"product","2":"type-product","3":"status-publish","4":"has-post-thumbnail","6":"product_cat-accessoires-de","7":"product_cat-wohnaccessoires","8":"product_tag-marmor","10":"first","11":"instock","12":"sale","13":"featured","14":"shipping-taxable","15":"purchasable","16":"product-type-simple"},"acf":[],"_links":{"self":[{"href":"https:\/\/forzini.com\/de\/wp-json\/wp\/v2\/product\/13051","targetHints":{"allow":["GET"]}}],"collection":[{"href":"https:\/\/forzini.com\/de\/wp-json\/wp\/v2\/product"}],"about":[{"href":"https:\/\/forzini.com\/de\/wp-json\/wp\/v2\/types\/product"}],"replies":[{"embeddable":true,"href":"https:\/\/forzini.com\/de\/wp-json\/wp\/v2\/comments?post=13051"}],"version-history":[{"count":0,"href":"https:\/\/forzini.com\/de\/wp-json\/wp\/v2\/product\/13051\/revisions"}],"wp:featuredmedia":[{"embeddable":true,"href":"https:\/\/forzini.com\/de\/wp-json\/wp\/v2\/media\/13662"}],"wp:attachment":[{"href":"https:\/\/forzini.com\/de\/wp-json\/wp\/v2\/media?parent=13051"}],"wp:term":[{"taxonomy":"product_brand","embeddable":true,"href":"https:\/\/forzini.com\/de\/wp-json\/wp\/v2\/product_brand?post=13051"},{"taxonomy":"product_cat","embeddable":true,"href":"https:\/\/forzini.com\/de\/wp-json\/wp\/v2\/product_cat?post=13051"},{"taxonomy":"product_tag","embeddable":true,"href":"https:\/\/forzini.com\/de\/wp-json\/wp\/v2\/product_tag?post=13051"}],"curies":[{"name":"wp","href":"https:\/\/api.w.org\/{rel}","templated":true}]}}