{"id":13034,"date":"2024-05-14T11:31:50","date_gmt":"2024-05-14T09:31:50","guid":{"rendered":"https:\/\/forzini.com\/producto\/enfriador-de-champagne-oh-lares\/"},"modified":"2025-06-06T23:23:35","modified_gmt":"2025-06-06T21:23:35","slug":"weinkuehler-marmor-oh-lares","status":"publish","type":"product","link":"https:\/\/forzini.com\/de\/producto\/weinkuehler-marmor-oh-lares\/","title":{"rendered":"Weink\u00fchler marmor Oh Lares"},"content":{"rendered":"<h1>Weink\u00fchler marmor &#8222;Oh Lares&#8220;<\/h1>\n<p>Der Weink\u00fchler aus Onyx-Marmor mit seinem exklusiven Design wird zum Mittelpunkt deiner Tafel und fasziniert alle deine G\u00e4ste.<\/p>\n<p>Stell dir dein perfektes Event vor, bei dem der Tisch mit diesem Champagnerk\u00fchler dekoriert ist. Die Eleganz und der Luxus, die er ausstrahlt, werden deinen erlesenen Geschmack hervorheben und eine unvergessliche, anspruchsvolle Atmosph\u00e4re schaffen.<\/p>\n<p>Dieser Flaschenk\u00fchler aus Naturstein erf\u00fcllt nicht nur seine praktische Funktion, sondern besticht auch als exquisites dekoratives Element. Jeder Weink\u00fchler aus Marmor ist ein Unikat, handgefertigt, um die charakteristischen Maserungen und Farbt\u00f6ne des Onyx hervorzuheben \u2013 ein Material, das f\u00fcr seine Haltbarkeit und nat\u00fcrliche Sch\u00f6nheit gesch\u00e4tzt wird.<\/p>\n<p>Dieser vielseitige Champagnerk\u00fchler beschr\u00e4nkt sich nicht nur darauf, deine Weine auf idealer Temperatur zu halten; er kann auch als Onyx-Vase verwendet werden und verleiht deinem Zuhause eine nat\u00fcrliche Eleganz.<\/p>\n<p>Dar\u00fcber hinaus eignet er sich perfekt als Utensilienhalter, um deine K\u00fcche stilvoll zu organisieren, oder als dekorative Vase, die jeden Raum mit ihrer majest\u00e4tischen Pr\u00e4senz bereichert.<\/p>\n<p>Ideal als Blickfang auf dem Tisch w\u00e4hrend deiner Veranstaltungen, verwandelt dieser Champagnerk\u00fchler deine Feierlichkeiten in wahrhaft au\u00dfergew\u00f6hnliche Momente. Sein raffiniertes Design und seine Multifunktionalit\u00e4t machen ihn zur perfekten Wahl, um sowohl auf deiner eigenen Tafel zu beeindrucken als auch als gesch\u00e4tztes Geschenk.<\/p>\n<p>Unser Tipp: Dieser Champagnerk\u00fchler passt perfekt zu unserer dekorativen Marmorplatte \u201eOh Helios\u201c.<\/p>\n<p>Amazonian Green Onyx \u2013 Ein facettenreiches Gr\u00fcn mit einer reichen Palette, die von lebendigen Gr\u00fcnt\u00f6nen bis zu sanften Nuancen reicht, erg\u00e4nzt durch braune, schokoladenfarbene, goldene und r\u00f6tliche Adern, die die Kunst der reinen Natur widerspiegeln.<\/p>\n<p>Um St\u00fccke wie die Marmorplatte und diesen Champagnerk\u00fchler zu kreieren, lie\u00dfen wir uns von den wilden Wellen des Meeres in der abgelegenen Region Qui Nhon inspirieren. W\u00e4hrend unserer Besuche in den Steinbr\u00fcchen, auf der Suche nach den kostbarsten Marmoren der Welt, wurden wir Zeugen der majest\u00e4tischen Kraft der ungez\u00e4hmten Natur. Wir haben die rohe Kraft und die anmutige Sch\u00f6nheit des Meeres in Marmor und Onyx eingefangen. Unsere Kunsthandwerker haben mit ihrer meisterhaften Fertigkeit den Rohstein in pr\u00e4chtige St\u00fccke verwandelt, wie diesen Champagnerk\u00fchler, der die Geschichten st\u00fcrmischer Meere erz\u00e4hlt.<\/p>\n<p>In diesem Design vereinen wir die Harmonie von Kunst und Natur. Der Marmor mit seiner k\u00fchlen, ruhigen Oberfl\u00e4che birgt sowohl die Wucht des Sturms als auch die Gelassenheit des Meeres in sich. Die Kunst unserer Handwerker, die unerm\u00fcdliche Suche nach Innovation und die Auswahl der besten Steine haben zu einzigartigen Kreationen gef\u00fchrt. Diese Werke erz\u00e4hlen die Geschichte dessen, was uns inspiriert und bewegt.<\/p>\n<p>&nbsp;<\/p>\n<p><a href=\"https:\/\/forzini.com\/de\/materialien\/\" target=\"_blank\" rel=\"noopener\">Erfahren Sie mehr \u00fcber unsere Kollektion von Marmor und Onyx \u00fcber diesen Link: <\/a><a href=\"https:\/\/forzini.com\/de\/materialien\/\" target=\"_blank\" rel=\"noopener\">Materialien<\/a><\/p>\n","protected":false},"excerpt":{"rendered":"<h2>Weink\u00fchler marmor<\/h2>\n<p>Onyx ist viel mehr als nur ein funktionales St\u00fcck \u2013 es ist die perfekte Erg\u00e4nzung f\u00fcr jede Feier. Es h\u00e4lt nicht nur deine Flaschen k\u00fchl und servierbereit, sodass jeder Toast erfrischend genossen werden kann, sondern verleiht deinem Event auch einen Hauch von Eleganz und Stil. Sein modernes und anspruchsvolles Design wertet die Tischdekoration auf, wird zum Mittelpunkt der Aufmerksamkeit und zieht die Bewunderung aller G\u00e4ste auf sich.<\/p>\n","protected":false},"featured_media":13035,"comment_status":"closed","ping_status":"closed","template":"","meta":{"_acf_changed":false,"_joinchat":[]},"product_brand":[],"product_cat":[260,381],"product_tag":[265],"class_list":{"0":"post-13034","1":"product","2":"type-product","3":"status-publish","4":"has-post-thumbnail","6":"product_cat-accessoires-de","7":"product_cat-wohnaccessoires","8":"product_tag-onyx-de","10":"first","11":"instock","12":"sale","13":"featured","14":"shipping-taxable","15":"purchasable","16":"product-type-simple"},"acf":[],"_links":{"self":[{"href":"https:\/\/forzini.com\/de\/wp-json\/wp\/v2\/product\/13034","targetHints":{"allow":["GET"]}}],"collection":[{"href":"https:\/\/forzini.com\/de\/wp-json\/wp\/v2\/product"}],"about":[{"href":"https:\/\/forzini.com\/de\/wp-json\/wp\/v2\/types\/product"}],"replies":[{"embeddable":true,"href":"https:\/\/forzini.com\/de\/wp-json\/wp\/v2\/comments?post=13034"}],"version-history":[{"count":0,"href":"https:\/\/forzini.com\/de\/wp-json\/wp\/v2\/product\/13034\/revisions"}],"wp:featuredmedia":[{"embeddable":true,"href":"https:\/\/forzini.com\/de\/wp-json\/wp\/v2\/media\/13035"}],"wp:attachment":[{"href":"https:\/\/forzini.com\/de\/wp-json\/wp\/v2\/media?parent=13034"}],"wp:term":[{"taxonomy":"product_brand","embeddable":true,"href":"https:\/\/forzini.com\/de\/wp-json\/wp\/v2\/product_brand?post=13034"},{"taxonomy":"product_cat","embeddable":true,"href":"https:\/\/forzini.com\/de\/wp-json\/wp\/v2\/product_cat?post=13034"},{"taxonomy":"product_tag","embeddable":true,"href":"https:\/\/forzini.com\/de\/wp-json\/wp\/v2\/product_tag?post=13034"}],"curies":[{"name":"wp","href":"https:\/\/api.w.org\/{rel}","templated":true}]}}