{"id":12997,"date":"2024-02-13T16:45:58","date_gmt":"2024-02-13T16:45:58","guid":{"rendered":"https:\/\/forzini.com\/producto\/kettlebell-de-marmol-virtus-s\/"},"modified":"2025-12-23T17:46:11","modified_gmt":"2025-12-23T16:46:11","slug":"platzsparende-fitnessgeraete","status":"publish","type":"product","link":"https:\/\/forzini.com\/de\/producto\/platzsparende-fitnessgeraete\/","title":{"rendered":"Platzsparende fitnessger\u00e4te 3 kg &#8211; Kompakte Kettlebell"},"content":{"rendered":"<h2>P<span class=\"keyword _ngcontent-cyc-115\" aria-hidden=\"false\">latzsparende fitnessger\u00e4te<\/span> &#8222;Virtus&#8220; 3 kg.<\/h2>\n<p>Dieses platzsparende Fitnessger\u00e4t \u2013 ein 3-kg-Kettlebell aus Marmor \u2013 besticht durch seine Einzigartigkeit und Exklusivit\u00e4t, da es jedes Jahr in limitierter St\u00fcckzahl handgefertigt wird. Jedes St\u00fcck ist ein Meisterwerk, geschaffen von erfahrenen Handwerkern, die Kraft mit der Eleganz von nat\u00fcrlichem Marmor vereinen. Das Ergebnis ist ein Kunstobjekt, das jedes Fitnessstudio mit seiner imposanten Pr\u00e4senz bereichert.<\/p>\n<p>Das au\u00dfergew\u00f6hnliche Design und die abgerundete Form dieses Kettlebells strahlen Luxus und Sch\u00f6nheit aus und schaffen eine Atmosph\u00e4re der Exklusivit\u00e4t. Die sanften Kurven, die flie\u00dfenden Konturen und die reiche Textur des au\u00dfergew\u00f6hnlichen Marmors verschmelzen zu einer perfekten Harmonie und machen dieses St\u00fcck sowohl funktional als auch visuell beeindruckend.<\/p>\n<p>F\u00fcr seine Herstellung haben wir sorgf\u00e4ltig den markantesten Marmor in Wei\u00df- und Schwarzt\u00f6nen ausgew\u00e4hlt, um die Dualit\u00e4t der Natur und das Gleichgewicht von Yin und Yang widerzuspiegeln. Diese Dualit\u00e4t wird zu einer visuellen Metapher daf\u00fcr, wie unser Design Komfort mit Eleganz vereint.<\/p>\n<p>Unser Marmor-Kettlebell ist ein Ausdruck von raffiniertem Stil, ein Symbol f\u00fcr Engagement und das ideale Geschenk f\u00fcr Fitnessliebhaber, die nach etwas wirklich Exklusivem und Eleganten f\u00fcr ihren Trainingsbereich suchen. Ein wahres platzsparendes Fitnessger\u00e4t \u2013 bequem f\u00fcr das Workout und danach als dekorative Marmorskulptur auf dem Regal platzierbar.<\/p>\n<p>Unser Tipp: Dieser Marmor-Kettlebell passt perfekt zu unseren Marmor-Hanteln \u201e<a href=\"https:\/\/forzini.com\/de\/producto\/hantelsets-fuer-zuhause-3-kg\/\" target=\"_blank\" rel=\"noopener\">Apolo L<\/a>\u201c.<\/p>\n<p>Snow Leopard Marmor \u2013 Wei\u00df mit subtilen grauen Nuancen und einzigartiger Maserung. Dieser au\u00dfergew\u00f6hnliche und edle Marmor wird nur in kleinen Mengen aus einer bestimmten Region gewonnen und ist wegen seiner besonderen, gleichm\u00e4\u00dfigen Musterung sehr gesch\u00e4tzt.<\/p>\n<p>Jet Black Marmor \u2013 Er zeichnet sich durch seine tiefschwarze Farbe aus, die von gl\u00e4nzenden wei\u00dfen Adern durchzogen wird. Dieser auff\u00e4llige Kontrast verleiht ihm eine klassische Eleganz und zieht alle Blicke auf sich.<\/p>\n<p>Stellen Sie sich ein Fitnessger\u00e4t vor, das nicht nur praktisch ist, sondern auch Ihre \u00e4sthetischen Sinne anspricht. Unser dekorativer Marmor-Kettlebell ist genau das \u2013 eine Fusion aus Eleganz und Kraft.<\/p>\n<p>Jedes St\u00fcck wird mit h\u00f6chster Pr\u00e4zision handgefertigt und aus dem erlesensten Marmor geschnitzt, sodass kein Exemplar dem anderen gleicht. Die einzigartige Form unseres Kettlebells ist ergonomisch gestaltet, um sich beim Heben und Transportieren angenehm in die Hand zu schmiegen.<\/p>\n<p>Aufgrund der Seltenheit des verwendeten hochwertigen Marmors und der handwerklichen Fertigung werden diese Kettlebells nur in begrenzter St\u00fcckzahl und wenigen Produktionszyklen pro Jahr hergestellt.<\/p>\n<p>F\u00fcr die Herstellung dieses Marmor-Kettlebells haben wir Jet Black Marmor ausgew\u00e4hlt \u2013 eine wahrhaft einzigartige und begehrte Steinart, die f\u00fcr ihren tiefschwarzen Hintergrund und die feinen wei\u00dfen Adern bekannt ist und eine Aura von Eleganz und raffinierter Sch\u00f6nheit ausstrahlt.<\/p>\n<p>Die Einzigartigkeit dieses schwarzen Marmors ist auf seine spezifische geologische Entstehung zur\u00fcckzuf\u00fchren, die ihn seltener macht als andere Varianten. Die Pr\u00e4senz von organischen Materialien und Karbonaten, die einem nat\u00fcrlichen Prozess unterliegen, verleiht dem Stein seine charakteristische dunkle Farbe.<\/p>\n<p>Die Seltenheit dieses Farbtons im Marmor ergibt sich aus der besonderen Kombination von Sedimenten, organischer Materie und niedrigen Sauerstoffbedingungen, die f\u00fcr seine Bildung erforderlich sind.<\/p>\n<p>Jet Black Marmor ist ein Symbol f\u00fcr Exklusivit\u00e4t und Luxus \u2013 perfekt f\u00fcr alle, die die subtilsten Details im Design zu sch\u00e4tzen wissen.<\/p>\n<p>Die handwerkliche Fertigung jedes Kettlebells und die Einzigartigkeit dieses Marmors machen seine Verf\u00fcgbarkeit begrenzt, wodurch jedes St\u00fcck zu einem begehrten Objekt f\u00fcr diejenigen wird, die funktionales Fitness-Equipment mit luxuri\u00f6sem Design vereinen m\u00f6chten.<\/p>\n<p>&nbsp;<\/p>\n<p><a href=\"https:\/\/forzini.com\/de\/materialien\/\" target=\"_blank\" rel=\"noopener\">Erfahren Sie mehr \u00fcber unsere Kollektion von Marmor und Onyx \u00fcber diesen Link: <\/a><a href=\"https:\/\/forzini.com\/de\/materialien\/\" target=\"_blank\" rel=\"noopener\">Materialien<\/a><\/p>\n","protected":false},"excerpt":{"rendered":"<h1>P<span class=\"keyword _ngcontent-cyc-115\" aria-hidden=\"false\">latzsparende fitnessger\u00e4te<\/span><\/h1>\n<p>Kettlebell aus Marmor, 3 kg \u2013 speziell entworfen, um Platz zu sparen und das Zuhause stilvoll zu bereichern. Diese Kettlebell vereint Eleganz und Funktionalit\u00e4t und verwandelt jeden Raum in eine harmonische Verbindung von Design und Leistung.<\/p>\n<p>Ideal f\u00fcr alle, die eine Balance zwischen \u00c4sthetik und praktischer Nutzung suchen, ist diese Marmor-Kettlebell die perfekte Wahl, um Exklusivit\u00e4t in das Training zu bringen. Ein wahres platzsparendes Fitnessger\u00e4t \u2013 bequem f\u00fcr das Workout und danach als dekorative Marmorskulptur auf dem Regal platzierbar.<\/p>\n<p>Um den Kauf abzuschlie\u00dfen, w\u00e4hlen Sie bitte zuerst das <strong>Material<\/strong> unten aus.<\/p>\n<p>&nbsp;<\/p>\n","protected":false},"featured_media":13789,"comment_status":"closed","ping_status":"closed","template":"","meta":{"_acf_changed":false,"_joinchat":[]},"product_brand":[],"product_cat":[260,366],"product_tag":[264],"class_list":{"0":"post-12997","1":"product","2":"type-product","3":"status-publish","4":"has-post-thumbnail","6":"product_cat-accessoires-de","7":"product_cat-trainingszubehoer","8":"product_tag-marmor","10":"first","11":"instock","12":"sale","13":"featured","14":"shipping-taxable","15":"purchasable","16":"product-type-variable"},"acf":[],"_links":{"self":[{"href":"https:\/\/forzini.com\/de\/wp-json\/wp\/v2\/product\/12997","targetHints":{"allow":["GET"]}}],"collection":[{"href":"https:\/\/forzini.com\/de\/wp-json\/wp\/v2\/product"}],"about":[{"href":"https:\/\/forzini.com\/de\/wp-json\/wp\/v2\/types\/product"}],"replies":[{"embeddable":true,"href":"https:\/\/forzini.com\/de\/wp-json\/wp\/v2\/comments?post=12997"}],"version-history":[{"count":2,"href":"https:\/\/forzini.com\/de\/wp-json\/wp\/v2\/product\/12997\/revisions"}],"predecessor-version":[{"id":22975,"href":"https:\/\/forzini.com\/de\/wp-json\/wp\/v2\/product\/12997\/revisions\/22975"}],"wp:featuredmedia":[{"embeddable":true,"href":"https:\/\/forzini.com\/de\/wp-json\/wp\/v2\/media\/13789"}],"wp:attachment":[{"href":"https:\/\/forzini.com\/de\/wp-json\/wp\/v2\/media?parent=12997"}],"wp:term":[{"taxonomy":"product_brand","embeddable":true,"href":"https:\/\/forzini.com\/de\/wp-json\/wp\/v2\/product_brand?post=12997"},{"taxonomy":"product_cat","embeddable":true,"href":"https:\/\/forzini.com\/de\/wp-json\/wp\/v2\/product_cat?post=12997"},{"taxonomy":"product_tag","embeddable":true,"href":"https:\/\/forzini.com\/de\/wp-json\/wp\/v2\/product_tag?post=12997"}],"curies":[{"name":"wp","href":"https:\/\/api.w.org\/{rel}","templated":true}]}}