{"id":12936,"date":"2024-08-14T17:59:10","date_gmt":"2024-08-14T15:59:10","guid":{"rendered":"https:\/\/forzini.com\/producto\/bandeja-de-marmol\/"},"modified":"2025-05-17T10:59:04","modified_gmt":"2025-05-17T08:59:04","slug":"deko-tablett-aus-marmor","status":"publish","type":"product","link":"https:\/\/forzini.com\/de\/producto\/deko-tablett-aus-marmor\/","title":{"rendered":"Deko-Tablett aus Marmor Pallas"},"content":{"rendered":"<h1>Deko-Tablett aus Marmor &#8222;Pallas&#8220;<\/h1>\n<p>Unser Deko-Tablett aus Marmor ist ein Ausdruck von Eleganz und gutem Geschmack, der jeden Raum in eine luxuri\u00f6se Oase verwandelt. Diese Marmorplatte besteht aus dem einzigartigsten und sch\u00f6nsten Travertin. Ihre rechteckige Form und die sanften Beiget\u00f6ne, durchzogen von nat\u00fcrlichen Maserungen, machen sie zu einem einzigartigen und raffinierten St\u00fcck. Die vielseitige Verwendung dieses Marmortabletts macht es ideal als Schmink-Organizer, Badezimmerablage, Schmuckhalter, Tischdekoration oder sogar als elegante Servierplatte f\u00fcr Getr\u00e4nke.<\/p>\n<p>Stellen Sie sich einen perfekten Sonntagmorgen vor, an dem Sie mit dem Duft von frisch gebr\u00fchtem Kaffee und einem ofenwarmen Croissant aufwachen, serviert auf dieser wundersch\u00f6nen Marmorplatte. Das Morgenlicht spiegelt sich auf ihrer polierten Oberfl\u00e4che und schafft einen intimen und besonderen Moment \u2013 nur f\u00fcr Sie.<\/p>\n<p>Dieses Marmortablett ist ein perfektes Geschenk f\u00fcr jeden Anlass: Geburtstage, Jubil\u00e4en oder einfach als unerwartete \u00dcberraschung f\u00fcr eine besondere Person, die Sch\u00f6nheit im Detail sch\u00e4tzt. Wenn Sie nach der perfekten Geschenkidee suchen, ist dieses Deko-Tablett aus Marmor eine sichere Wahl, die Funktionalit\u00e4t und Stil vereint und \u00fcber Jahre hinweg gesch\u00e4tzt wird. Jeder Moment mit ihm erinnert daran, dass Luxus in den kleinen Dingen liegt und dass man sich jeden Tag mit Sch\u00f6nheit umgeben sollte.<\/p>\n<p>Travertino Royal \u2013 Eine faszinierende und einzigartige Travertin-Variante. Ber\u00fchmt f\u00fcr seine besonderen Eigenschaften, besticht er durch seinen warmen beige-cremefarbenen Ton, der eine neutrale, aber dennoch raffinierte \u00c4sthetik schafft. Die Steinstruktur zeigt kleine Hohlr\u00e4ume und ein faszinierendes Wellenmuster, das an sanft flie\u00dfendes Wasser erinnert. Die Maserung variiert von zarten Wei\u00dft\u00f6nen bis hin zu tiefen Braunt\u00f6nen und spielt wunderbar mit dem cremigen Hintergrund, wodurch Tiefe und Eleganz entstehen.<\/p>\n<p>Wussten Sie, dass unser Travertino Royal eine wahre Naturwunder ist, gefeiert f\u00fcr seine au\u00dfergew\u00f6hnliche Sch\u00f6nheit und seinen Charakter? Dieser einzigartige Travertin zeichnet sich durch seinen cremig-beigen Farbton aus, der jeden Raum in ein warmes und einladendes Licht taucht. Besonders charakteristisch sind seine nat\u00fcrlichen Hohlr\u00e4ume, die eine dynamische Textur auf der gesamten Oberfl\u00e4che erzeugen. Diese einzigartigen Vertiefungen entstehen auf nat\u00fcrliche Weise w\u00e4hrend des uralten geologischen Prozesses der Mineralablagerung und verleihen dem Stein sein unverwechselbares Erscheinungsbild.<\/p>\n<p>Durchzogen von zarten wei\u00dfen Adern verschmelzen diese Hohlr\u00e4ume perfekt mit dem cremig-beigen Hintergrund und schaffen ein faszinierendes und einzigartiges Muster, das alle Blicke auf sich zieht. Wenn Licht auf die Oberfl\u00e4che trifft, werden die Maserungen noch deutlicher und betonen die filigranen Details des Steins, wodurch sein zeitloser Charme verst\u00e4rkt wird. Die einzigartige Mischung aus Texturen und Farben macht jedes St\u00fcck zu einem Kunstwerk und zu einer beeindruckenden Wahl f\u00fcr alle, die ihrem Zuhause einen Hauch von Raffinesse und Eleganz verleihen m\u00f6chten.<\/p>\n<p>&nbsp;<\/p>\n<p><a href=\"https:\/\/forzini.com\/de\/materialien\/\" target=\"_blank\" rel=\"noopener\">Erfahren Sie mehr \u00fcber unsere Kollektion von Marmor und Onyx \u00fcber diesen Link: <\/a><a href=\"https:\/\/forzini.com\/de\/materialien\/\" target=\"_blank\" rel=\"noopener\">Materialien<\/a><\/p>\n","protected":false},"excerpt":{"rendered":"<h2>Deko-Tablett aus Marmor<\/h2>\n<p>das perfekte Accessoire, um jedem Raum einen Hauch von Luxus zu verleihen. Mit seinem eleganten Design und den sanften Beiget\u00f6nen ist es ideal zum Servieren von Kaffee, Snacks oder zum Genie\u00dfen besonderer Momente, wie einem Fr\u00fchst\u00fcck im Bett oder als Badezimmerablage. Seine Vielseitigkeit macht es zu einem idealen Geschenk f\u00fcr jede Gelegenheit \u2013 eine raffinierte und funktionale Wahl, die diejenigen begeistert, die Sch\u00f6nheit im Detail sch\u00e4tzen. Ein einzigartiges Geschenk, das Eleganz und Komfort in den Alltag bringt.<\/p>\n","protected":false},"featured_media":12937,"comment_status":"closed","ping_status":"closed","template":"","meta":{"_acf_changed":false,"_joinchat":[]},"product_brand":[],"product_cat":[260,381],"product_tag":[264],"class_list":{"0":"post-12936","1":"product","2":"type-product","3":"status-publish","4":"has-post-thumbnail","6":"product_cat-accessoires-de","7":"product_cat-wohnaccessoires","8":"product_tag-marmor","10":"first","11":"instock","12":"sale","13":"featured","14":"shipping-taxable","15":"purchasable","16":"product-type-simple"},"acf":[],"_links":{"self":[{"href":"https:\/\/forzini.com\/de\/wp-json\/wp\/v2\/product\/12936","targetHints":{"allow":["GET"]}}],"collection":[{"href":"https:\/\/forzini.com\/de\/wp-json\/wp\/v2\/product"}],"about":[{"href":"https:\/\/forzini.com\/de\/wp-json\/wp\/v2\/types\/product"}],"replies":[{"embeddable":true,"href":"https:\/\/forzini.com\/de\/wp-json\/wp\/v2\/comments?post=12936"}],"version-history":[{"count":0,"href":"https:\/\/forzini.com\/de\/wp-json\/wp\/v2\/product\/12936\/revisions"}],"wp:featuredmedia":[{"embeddable":true,"href":"https:\/\/forzini.com\/de\/wp-json\/wp\/v2\/media\/12937"}],"wp:attachment":[{"href":"https:\/\/forzini.com\/de\/wp-json\/wp\/v2\/media?parent=12936"}],"wp:term":[{"taxonomy":"product_brand","embeddable":true,"href":"https:\/\/forzini.com\/de\/wp-json\/wp\/v2\/product_brand?post=12936"},{"taxonomy":"product_cat","embeddable":true,"href":"https:\/\/forzini.com\/de\/wp-json\/wp\/v2\/product_cat?post=12936"},{"taxonomy":"product_tag","embeddable":true,"href":"https:\/\/forzini.com\/de\/wp-json\/wp\/v2\/product_tag?post=12936"}],"curies":[{"name":"wp","href":"https:\/\/api.w.org\/{rel}","templated":true}]}}