{"id":12931,"date":"2024-10-30T21:47:51","date_gmt":"2024-10-30T20:47:51","guid":{"rendered":"https:\/\/forzini.com\/producto\/bowl-oval-grande-de-marmol\/"},"modified":"2026-01-05T23:09:39","modified_gmt":"2026-01-05T22:09:39","slug":"marmor-schale-gruen","status":"publish","type":"product","link":"https:\/\/forzini.com\/de\/producto\/marmor-schale-gruen\/","title":{"rendered":"Marmor schale gr\u00fcn"},"content":{"rendered":"<h2>Marmor schale gr\u00fcn &#8222;Oh Helios L&#8220;<\/h2>\n<p>Diese transluzente Marmor schale gr\u00fcn Onyx ist ein Symbol f\u00fcr Eleganz und Meisterhandwerk. Ihre wellenf\u00f6rmige Form zieht die Aufmerksamkeit auf sich und hebt die exquisite Kunst erfahrener Handwerksmeister hervor, die jede Kurve mit Perfektion formen. Diese ovale Schale ist nicht nur ein funktionales St\u00fcck, sondern ein Kunstwerk, das jedem Raum eine raffinierte Note verleiht. Der zarte Onyx l\u00e4sst das Licht durch seine W\u00e4nde hindurchscheinen und erzeugt einen fast \u00e4therischen Effekt, als w\u00e4re er aus einer seidigen, wolken\u00e4hnlichen Steinstruktur geschnitzt.<\/p>\n<p>\u00c4u\u00dferst vielseitig, diese gr\u00fcne Onyx Marmorschale ist perfekt als dekorative Obstschale, Ablageschale im Eingangsbereich oder einfach als stilvolles Tischzentrum. Ob f\u00fcr ein gem\u00fctliches Treffen oder eine gro\u00dfe Veranstaltung, sie verleiht jedem Anlass eine raffinierte luxuri\u00f6se Note und beeindruckt G\u00e4ste mit ihrem filigranen Design und der exklusiven Steinbearbeitung.<\/p>\n<p>F\u00fcr diejenigen, die ein unvergessliches Geschenk suchen, ist diese Marmorschale die ideale Wahl f\u00fcr Geburtstage, Einweihungen und besondere Anl\u00e4sse. Ihr zeitloser Stil und ihre Vielseitigkeit machen sie zu einem wertvollen St\u00fcck f\u00fcr jedes Zuhause, das Sch\u00f6nheit und Funktionalit\u00e4t vereint und die Kunst der Steinbearbeitung w\u00fcrdigt.<\/p>\n<p>Unser Tipp: Diese dekorative Schale passt perfekt zu unserem Champagnerk\u00fchler &#8222;Oh Lares&#8220;.<\/p>\n<p>Green Galaxy Onyx \u2013 Ein hellgr\u00fcner Hintergrund, wundersch\u00f6n akzentuiert durch wei\u00dfe Wellen, durchzogen von bronzefarbenen, erdigen goldbraunen und r\u00f6tlichen Adern. Diese \u00e4u\u00dferst transluzente Onyx-Variante wird nur in sehr geringen Mengen abgebaut.<\/p>\n<p>&nbsp;<\/p>\n<p>&nbsp;<\/p>\n<p><a href=\"https:\/\/forzini.com\/de\/materialien\/\" target=\"_blank\" rel=\"noopener\">Erfahren Sie mehr \u00fcber unsere Kollektion von Marmor und Onyx \u00fcber diesen Link: <\/a><a href=\"https:\/\/forzini.com\/de\/materialien\/\" target=\"_blank\" rel=\"noopener\">Materialien<\/a><\/p>\n","protected":false},"excerpt":{"rendered":"<h1>Marmor schale gr\u00fcn<\/h1>\n<p>transluzenter Onyx mit einzigartiger wellenf\u00f6rmiger Form. Sein elegantes und leichtes Design f\u00e4ngt das Licht wunderbar ein und erzeugt einen sanften, wolken\u00e4hnlichen Effekt. Ideal als Tischdekoration, Obstschale oder dekorativer Teller. Perfekt f\u00fcr besondere Anl\u00e4sse \u2013 diese exquisite Schale ist ein beeindruckendes Geschenk f\u00fcr Geburtstage, Einweihungen oder Feierlichkeiten, da sie Kunst mit Funktionalit\u00e4t vereint und einen bleibenden Eindruck hinterl\u00e4sst.<\/p>\n<h2><strong>Ma\u00dfe: <\/strong>L\u00e4nge 35 cm, Breite 15 cm, H\u00f6he 10 cm.<\/h2>\n","protected":false},"featured_media":14010,"comment_status":"closed","ping_status":"closed","template":"","meta":{"_acf_changed":false,"_joinchat":[]},"product_brand":[],"product_cat":[260,381],"product_tag":[265],"class_list":{"0":"post-12931","1":"product","2":"type-product","3":"status-publish","4":"has-post-thumbnail","6":"product_cat-accessoires-de","7":"product_cat-wohnaccessoires","8":"product_tag-onyx-de","10":"first","11":"instock","12":"sale","13":"featured","14":"shipping-taxable","15":"purchasable","16":"product-type-simple"},"acf":[],"_links":{"self":[{"href":"https:\/\/forzini.com\/de\/wp-json\/wp\/v2\/product\/12931","targetHints":{"allow":["GET"]}}],"collection":[{"href":"https:\/\/forzini.com\/de\/wp-json\/wp\/v2\/product"}],"about":[{"href":"https:\/\/forzini.com\/de\/wp-json\/wp\/v2\/types\/product"}],"replies":[{"embeddable":true,"href":"https:\/\/forzini.com\/de\/wp-json\/wp\/v2\/comments?post=12931"}],"version-history":[{"count":2,"href":"https:\/\/forzini.com\/de\/wp-json\/wp\/v2\/product\/12931\/revisions"}],"predecessor-version":[{"id":23465,"href":"https:\/\/forzini.com\/de\/wp-json\/wp\/v2\/product\/12931\/revisions\/23465"}],"wp:featuredmedia":[{"embeddable":true,"href":"https:\/\/forzini.com\/de\/wp-json\/wp\/v2\/media\/14010"}],"wp:attachment":[{"href":"https:\/\/forzini.com\/de\/wp-json\/wp\/v2\/media?parent=12931"}],"wp:term":[{"taxonomy":"product_brand","embeddable":true,"href":"https:\/\/forzini.com\/de\/wp-json\/wp\/v2\/product_brand?post=12931"},{"taxonomy":"product_cat","embeddable":true,"href":"https:\/\/forzini.com\/de\/wp-json\/wp\/v2\/product_cat?post=12931"},{"taxonomy":"product_tag","embeddable":true,"href":"https:\/\/forzini.com\/de\/wp-json\/wp\/v2\/product_tag?post=12931"}],"curies":[{"name":"wp","href":"https:\/\/api.w.org\/{rel}","templated":true}]}}