{"id":12904,"date":"2024-10-30T20:53:41","date_gmt":"2024-10-30T19:53:41","guid":{"rendered":"https:\/\/forzini.com\/producto\/bandeja-de-marmol-verde\/"},"modified":"2026-01-05T23:10:15","modified_gmt":"2026-01-05T22:10:15","slug":"schale-naturstein-onyx","status":"publish","type":"product","link":"https:\/\/forzini.com\/de\/producto\/schale-naturstein-onyx\/","title":{"rendered":"Schale naturstein onyx &#8211; Moderner Obstteller"},"content":{"rendered":"<h2>Schale naturstein onyx &#8222;Oh Helios G&#8220;<\/h2>\n<p>Diese Schale aus Naturstein-Onyx ist ein Beispiel feinster Handwerkskunst in Stein, mit akribischer Perfektion aus seltenem gr\u00fcnem Onyx geschnitzt. Ihre beeindruckende ovale Form in gro\u00dfz\u00fcgiger Gr\u00f6\u00dfe und die elegante Riffelung betonen die nat\u00fcrliche Sch\u00f6nheit des Steins, w\u00e4hrend jede Kurve und Kontur die geschickte Hand des Kunsthandwerkers offenbart. Diese Schale ist nicht nur ein Gef\u00e4\u00df, sondern ein wahres Meisterwerk, das ein Gef\u00fchl zeitloser Eleganz vermittelt.<\/p>\n<p>Diese Schale aus Naturstein-Onyx wurde f\u00fcr vielseitige Anwendungen entworfen. Sie zeichnet sich nicht nur durch ihre dekorative Sch\u00f6nheit aus, sondern auch durch ihre Funktionalit\u00e4t. Als Tischmittelpunkt zieht sie sofort alle Blicke auf sich, ob als dekorative Obstschale, f\u00fcr Blumenarrangements oder als stilvolles Dekorationselement. Ihre gro\u00dfz\u00fcgige Gr\u00f6\u00dfe und feinen Details machen sie perfekt f\u00fcr eine einladende Tischgestaltung \u2013 sei es als Mittelpunkt eines Esstisches oder auf einer gro\u00dfen K\u00fccheninsel.<\/p>\n<p>Diese Schale aus gr\u00fcnem Naturstein-Onyx ist eine au\u00dfergew\u00f6hnliche Wahl f\u00fcr diejenigen, die ein einzigartiges und luxuri\u00f6ses Geschenk suchen. Sie verleiht dem Zuhause Raffinesse und W\u00e4rme. Sie kann auch als eleganter Kerzenhalter verwendet werden, um ein sanftes Umgebungslicht zu erzeugen, oder einfach als eigenst\u00e4ndiges Kunstwerk bewundert werden. Mit ihrer edlen Form und den satten Gr\u00fcnt\u00f6nen verk\u00f6rpert diese Schale die h\u00f6chste Kunstfertigkeit in Stein, zieht alle Blicke auf sich und veredelt jeden Raum, den sie schm\u00fcckt.<\/p>\n<p>Unser Tipp: Diese dekorative Schale l\u00e4sst sich perfekt mit unserem Champagnerk\u00fchler \u201eOh Lares\u201c kombinieren.<\/p>\n<p>Verde Amazonian Onyx: Ein vielseitiger Gr\u00fcnton mit einer reichen Palette, die von lebendigen Gr\u00fcnt\u00f6nen bis hin zu sanften Nuancen reicht, erg\u00e4nzt durch braune, schokoladenfarbene, goldene und r\u00f6tliche Maserungen, die die Kunst der reinen Natur widerspiegeln.<\/p>\n<p><a href=\"https:\/\/forzini.com\/de\/materialien\/\" target=\"_blank\" rel=\"noopener\">Erfahren Sie mehr \u00fcber unsere Kollektion von Marmor und Onyx \u00fcber diesen Link: <\/a><a href=\"https:\/\/forzini.com\/de\/materialien\/\" target=\"_blank\" rel=\"noopener\">Materialien<\/a><\/p>\n","protected":false},"excerpt":{"rendered":"<h1>Schale naturstein onyx<\/h1>\n<p>moderner Obstteller, handgeschnitzt aus gr\u00fcnem Onyx, mit eleganter ovaler Form und feiner Maserung \u2013 verleiht jedem Raum eine zeitlose Sch\u00f6nheit. Mit seinem stilvollen Design und exquisiter Handwerkskunst ist die Schale ein vielseitiges Wohnaccessoire, das als Mittelpunkt auf dem Esstisch mit Fr\u00fcchten, Blumen oder dekorativen Objekten begeistert.<\/p>\n<h2><strong>Ma\u00dfe: <\/strong>L\u00e4nge 35 cm, Breite 15 cm, H\u00f6he 10 cm.<\/h2>\n","protected":false},"featured_media":14656,"comment_status":"closed","ping_status":"closed","template":"","meta":{"_acf_changed":false,"_joinchat":[]},"product_brand":[],"product_cat":[260,381],"product_tag":[265],"class_list":{"0":"post-12904","1":"product","2":"type-product","3":"status-publish","4":"has-post-thumbnail","6":"product_cat-accessoires-de","7":"product_cat-wohnaccessoires","8":"product_tag-onyx-de","10":"first","11":"instock","12":"sale","13":"featured","14":"shipping-taxable","15":"purchasable","16":"product-type-simple"},"acf":[],"_links":{"self":[{"href":"https:\/\/forzini.com\/de\/wp-json\/wp\/v2\/product\/12904","targetHints":{"allow":["GET"]}}],"collection":[{"href":"https:\/\/forzini.com\/de\/wp-json\/wp\/v2\/product"}],"about":[{"href":"https:\/\/forzini.com\/de\/wp-json\/wp\/v2\/types\/product"}],"replies":[{"embeddable":true,"href":"https:\/\/forzini.com\/de\/wp-json\/wp\/v2\/comments?post=12904"}],"version-history":[{"count":2,"href":"https:\/\/forzini.com\/de\/wp-json\/wp\/v2\/product\/12904\/revisions"}],"predecessor-version":[{"id":23468,"href":"https:\/\/forzini.com\/de\/wp-json\/wp\/v2\/product\/12904\/revisions\/23468"}],"wp:featuredmedia":[{"embeddable":true,"href":"https:\/\/forzini.com\/de\/wp-json\/wp\/v2\/media\/14656"}],"wp:attachment":[{"href":"https:\/\/forzini.com\/de\/wp-json\/wp\/v2\/media?parent=12904"}],"wp:term":[{"taxonomy":"product_brand","embeddable":true,"href":"https:\/\/forzini.com\/de\/wp-json\/wp\/v2\/product_brand?post=12904"},{"taxonomy":"product_cat","embeddable":true,"href":"https:\/\/forzini.com\/de\/wp-json\/wp\/v2\/product_cat?post=12904"},{"taxonomy":"product_tag","embeddable":true,"href":"https:\/\/forzini.com\/de\/wp-json\/wp\/v2\/product_tag?post=12904"}],"curies":[{"name":"wp","href":"https:\/\/api.w.org\/{rel}","templated":true}]}}