{"id":12900,"date":"2024-07-05T11:46:18","date_gmt":"2024-07-05T09:46:18","guid":{"rendered":"https:\/\/forzini.com\/producto\/cadena-marmol-rhea\/"},"modified":"2025-05-16T21:01:34","modified_gmt":"2025-05-16T19:01:34","slug":"skulptur-aus-marmor-rhea","status":"publish","type":"product","link":"https:\/\/forzini.com\/de\/producto\/skulptur-aus-marmor-rhea\/","title":{"rendered":"Skulptur aus marmor Rhea"},"content":{"rendered":"<h1>Skulptur aus marmor &#8222;Rhea&#8220;<\/h1>\n<p>Diese exquisite Knoten-Skulptur aus Marmor-Onyx ist ein dekoratives Schmuckst\u00fcck, handgefertigt aus gr\u00fcnem Onyx, mit einer eleganten Knotenform. Sie ist ein gesch\u00e4tztes Dekorationsobjekt, ideal zur Versch\u00f6nerung und um eine Note der Eleganz hinzuzuf\u00fcgen, die alle Blicke auf sich zieht. Der gr\u00fcne Onyx mit seinen charakteristischen r\u00f6tlichen, goldenen und wei\u00dfen Maserungen verleiht ihm eine nat\u00fcrliche und einzigartige Sch\u00f6nheit. Dieses Schmuckst\u00fcck ist eine wunderbare Erg\u00e4nzung zur Hervorhebung von Blickpunkten im Zuhause und schafft eine warme Atmosph\u00e4re, die jeden Raum in ein echtes Heim verwandelt \u2013 mit diesem kleinen, aber beeindruckenden Detail.<\/p>\n<p>Au\u00dferdem ist diese Onyx-Marmorkette das perfekte Geschenk f\u00fcr alle, die eine besondere Idee suchen. Ob zum Geburtstag, Jubil\u00e4um, als Geschenk f\u00fcr die Mutter, zur Versch\u00f6nerung eines neuen Zuhauses oder f\u00fcr Arbeitskollegen \u2013 dieses Schmuckst\u00fcck ist eine hervorragende Wahl. Es kann auch als Buchst\u00fctze oder Briefbeschwerer verwendet werden, wodurch es Sch\u00f6nheit mit Funktionalit\u00e4t vereint.<\/p>\n<p>Amazonian Green Onyx: Ein au\u00dfergew\u00f6hnliches Gr\u00fcn mit einer reichen Palette, die von lebendigen Gr\u00fcnt\u00f6nen bis zu sanften Schattierungen reicht, erg\u00e4nzt durch braune, schokoladenfarbene, goldene und r\u00f6tliche Maserungen \u2013 eine wahre Kunst der Natur.<\/p>\n<p>Bei der Gestaltung dieser Onyx-Marmorkette lie\u00dfen wir uns von der Idee der Verbundenheit inspirieren und davon, wie sich dieses Konzept im Zuhause widerspiegelt. Das Zuhause ist der Ort, der uns alle verbindet \u2013 unser Ausgangspunkt und ein besonderer Raum, an den wir immer zur\u00fcckkehren m\u00f6chten. Die drei Glieder symbolisieren die Lebensphasen, die wir durchlaufen: Geburt, Erwachsenenalter und Alter \u2013 alle verbunden mit einem Zentrum, unserem Zuhause, einem wertvollen und heiligen Ort in unserem Leben.<\/p>\n<p>Die Bearbeitung von Onyx, einer f\u00fcr ihre H\u00e4rte und Sch\u00f6nheit bekannten Steinart, stellte eine gro\u00dfe Herausforderung dar. Unsere erfahrenen Handwerker haben mit Pr\u00e4zision und Hingabe diesen Knoten der Verbundenheit geschaffen und ihn zu einem wahren Meisterwerk gemacht. Die Feinheit seiner Verarbeitung und die Perfektion seiner Form spiegeln die Geschicklichkeit und das Engagement unserer Kunsthandwerker wider. Heute pr\u00e4sentieren wir dieses <strong>einzigartige St\u00fcck<\/strong>, das dazu dient, das Wertvollste im Leben zu versch\u00f6nern: Ihr Zuhause.<\/p>\n<p>Diese Onyx-Marmorkette ist ein unverwechselbares Schmuckst\u00fcck, ein tiefes Symbol f\u00fcr die Verbindungen, die unser Leben formen, und eine Hommage an das Zuhause, das uns empf\u00e4ngt und definiert. Ein visuell beeindruckendes Dekorationsst\u00fcck voller Bedeutung, das Ihr Zuhause noch besonderer macht.<\/p>\n<p>&nbsp;<\/p>\n<p><a href=\"https:\/\/forzini.com\/de\/materialien\/\" target=\"_blank\" rel=\"noopener\">Erfahren Sie mehr \u00fcber unsere Kollektion von Marmor und Onyx \u00fcber diesen Link: <\/a><a href=\"https:\/\/forzini.com\/de\/materialien\/\" target=\"_blank\" rel=\"noopener\">Materialien<\/a><\/p>\n","protected":false},"excerpt":{"rendered":"<h2>Skulptur aus marmor<\/h2>\n<p>dekorative Knoten aus gr\u00fcnem Onyx ist die perfekte Erg\u00e4nzung f\u00fcr jeden Tisch oder jedes Regal. Ideal als Geschenk, kann er als Briefbeschwerer, Buchst\u00fctze oder dekoratives Objekt verwendet werden, das die Umgebung versch\u00f6nert und eine elegante Note verleiht. Dieses Schmuckst\u00fcck ist eine wunderbare Erg\u00e4nzung zur Hervorhebung von Blickpunkten im Zuhause, bringt eine warme Atmosph\u00e4re und verwandelt jeden Raum in ein echtes Zuhause mit diesem kleinen, aber eindrucksvollen Detail.<\/p>\n","protected":false},"featured_media":12889,"comment_status":"closed","ping_status":"closed","template":"","meta":{"_acf_changed":false,"_joinchat":[]},"product_brand":[],"product_cat":[260,388],"product_tag":[265],"class_list":{"0":"post-12900","1":"product","2":"type-product","3":"status-publish","4":"has-post-thumbnail","6":"product_cat-accessoires-de","7":"product_cat-wohndekoration","8":"product_tag-onyx-de","10":"first","11":"instock","12":"featured","13":"shipping-taxable","14":"purchasable","15":"product-type-simple"},"acf":[],"_links":{"self":[{"href":"https:\/\/forzini.com\/de\/wp-json\/wp\/v2\/product\/12900","targetHints":{"allow":["GET"]}}],"collection":[{"href":"https:\/\/forzini.com\/de\/wp-json\/wp\/v2\/product"}],"about":[{"href":"https:\/\/forzini.com\/de\/wp-json\/wp\/v2\/types\/product"}],"replies":[{"embeddable":true,"href":"https:\/\/forzini.com\/de\/wp-json\/wp\/v2\/comments?post=12900"}],"version-history":[{"count":0,"href":"https:\/\/forzini.com\/de\/wp-json\/wp\/v2\/product\/12900\/revisions"}],"wp:featuredmedia":[{"embeddable":true,"href":"https:\/\/forzini.com\/de\/wp-json\/wp\/v2\/media\/12889"}],"wp:attachment":[{"href":"https:\/\/forzini.com\/de\/wp-json\/wp\/v2\/media?parent=12900"}],"wp:term":[{"taxonomy":"product_brand","embeddable":true,"href":"https:\/\/forzini.com\/de\/wp-json\/wp\/v2\/product_brand?post=12900"},{"taxonomy":"product_cat","embeddable":true,"href":"https:\/\/forzini.com\/de\/wp-json\/wp\/v2\/product_cat?post=12900"},{"taxonomy":"product_tag","embeddable":true,"href":"https:\/\/forzini.com\/de\/wp-json\/wp\/v2\/product_tag?post=12900"}],"curies":[{"name":"wp","href":"https:\/\/api.w.org\/{rel}","templated":true}]}}