{"id":12862,"date":"2024-11-02T09:13:51","date_gmt":"2024-11-02T08:13:51","guid":{"rendered":"https:\/\/forzini.com\/producto\/bol-decorativo-de-marmol-de-pie\/"},"modified":"2025-08-08T22:43:19","modified_gmt":"2025-08-08T20:43:19","slug":"dekoschale-mit-fuss-aus-marmor","status":"publish","type":"product","link":"https:\/\/forzini.com\/de\/producto\/dekoschale-mit-fuss-aus-marmor\/","title":{"rendered":"Dekoschale mit Fu\u00df aus Marmor &#8211; Dekotablett"},"content":{"rendered":"<h2>\u00a0<strong>Dekoschale mit Fu\u00df aus Marmor<\/strong> &#8222;Ceres L&#8220;<\/h2>\n<p>Diese Dekoschale mit Fu\u00df aus Marmor Onyx ist ein wahres Kunstwerk. Handgefertigt aus dem luxuri\u00f6sesten hellgr\u00fcnen Onyx, strahlt sie Eleganz und einen Hauch von Opulenz aus. Das Licht tanzt durch die zarten, transluzenten W\u00e4nde und verwandelt sie in ein fast magisches Objekt, das jeden Betrachter in seinen Bann zieht. Ein beeindruckendes Tischmittelst\u00fcck, ein Gespr\u00e4chsthema und ein Kunstwerk, das jeden Raum verwandelt.<\/p>\n<p>Stell dir vor, wie diese pr\u00e4chtige Schale deine Wohnzimmertisch, den Eingangsbereich oder den Essbereich schm\u00fcckt. Ihre Vielseitigkeit kennt keine Grenzen \u2013 sie kann als eleganter Schmuckhalter, raffinierter Schl\u00fcsselablage oder stilvoller Kerzenhalter dienen und den Raum mit sanftem, warmem Licht erf\u00fcllen. Dies ist kein gew\u00f6hnliches Dekorationsst\u00fcck, sondern eine Sammlerst\u00fcck, gefertigt von meisterhaften Handwerkern, die zeitlose Qualit\u00e4t schaffen und jedem Moment einen Hauch von Exquisit\u00e4t verleihen.<\/p>\n<p>F\u00fcr Liebhaber der Eleganz ist diese Onyx Marmorschale mehr als ein Kauf \u2013 sie ist ein Erlebnis, das dein Zuhause veredelt und jeden Gast begeistert.<\/p>\n<p>Galaxy Green Onyx: Ein hellgr\u00fcner Hintergrund, kunstvoll akzentuiert mit wei\u00dfen Wellen, durchzogen von bronzefarbenen Adern in erdigen Goldbraun- und r\u00f6tlichen T\u00f6nen. Diese exklusive und besonders transluzente Onyx-Variante wird nur in sehr begrenzten Mengen abgebaut.<\/p>\n<p>&nbsp;<\/p>\n<p><a href=\"https:\/\/forzini.com\/de\/materialien\/\" target=\"_blank\" rel=\"noopener\">Erfahren Sie mehr \u00fcber unsere Kollektion von Marmor und Onyx \u00fcber diesen Link: <\/a><a href=\"https:\/\/forzini.com\/de\/materialien\/\" target=\"_blank\" rel=\"noopener\">Materialien<\/a><\/p>\n","protected":false},"excerpt":{"rendered":"<h1>\u00a0<strong>Dekoschale mit Fu\u00df aus Marmor<\/strong><\/h1>\n<p>das perfekte Geschenk f\u00fcr diejenigen, die die Sch\u00f6nheit handgefertigter Kunst sch\u00e4tzen und eine Leidenschaft f\u00fcr elegante Wohnkultur haben. Von erfahrenen Kunsthandwerkern aus hellgr\u00fcnem Onyx handgefertigt, verleiht es jedem Raum eine besondere Note und macht es zu einem unvergesslichen Geschenk f\u00fcr Menschen mit anspruchsvollem Geschmack.<\/p>\n<p>Jede Dekoschale mit Fu\u00df aus Marmor ist ein einzigartiges Kunstwerk, das als stilvolles Accessoire in jedem Raum Eleganz und Individualit\u00e4t ausstrahlt. Ob auf einem Couchtisch als Servierschale, Kerzenhalter oder dekoratives Tablett \u2013 sie zieht Blicke auf sich und bereichert jede Einrichtung.<\/p>\n","protected":false},"featured_media":14186,"comment_status":"closed","ping_status":"closed","template":"","meta":{"_acf_changed":false,"_joinchat":[]},"product_brand":[],"product_cat":[260,381],"product_tag":[265],"class_list":{"0":"post-12862","1":"product","2":"type-product","3":"status-publish","4":"has-post-thumbnail","6":"product_cat-accessoires-de","7":"product_cat-wohnaccessoires","8":"product_tag-onyx-de","10":"first","11":"instock","12":"sale","13":"featured","14":"shipping-taxable","15":"purchasable","16":"product-type-simple"},"acf":[],"_links":{"self":[{"href":"https:\/\/forzini.com\/de\/wp-json\/wp\/v2\/product\/12862","targetHints":{"allow":["GET"]}}],"collection":[{"href":"https:\/\/forzini.com\/de\/wp-json\/wp\/v2\/product"}],"about":[{"href":"https:\/\/forzini.com\/de\/wp-json\/wp\/v2\/types\/product"}],"replies":[{"embeddable":true,"href":"https:\/\/forzini.com\/de\/wp-json\/wp\/v2\/comments?post=12862"}],"version-history":[{"count":0,"href":"https:\/\/forzini.com\/de\/wp-json\/wp\/v2\/product\/12862\/revisions"}],"wp:featuredmedia":[{"embeddable":true,"href":"https:\/\/forzini.com\/de\/wp-json\/wp\/v2\/media\/14186"}],"wp:attachment":[{"href":"https:\/\/forzini.com\/de\/wp-json\/wp\/v2\/media?parent=12862"}],"wp:term":[{"taxonomy":"product_brand","embeddable":true,"href":"https:\/\/forzini.com\/de\/wp-json\/wp\/v2\/product_brand?post=12862"},{"taxonomy":"product_cat","embeddable":true,"href":"https:\/\/forzini.com\/de\/wp-json\/wp\/v2\/product_cat?post=12862"},{"taxonomy":"product_tag","embeddable":true,"href":"https:\/\/forzini.com\/de\/wp-json\/wp\/v2\/product_tag?post=12862"}],"curies":[{"name":"wp","href":"https:\/\/api.w.org\/{rel}","templated":true}]}}