{"id":12858,"date":"2024-11-02T17:36:36","date_gmt":"2024-11-02T16:36:36","guid":{"rendered":"https:\/\/forzini.com\/producto\/cuenco-de-marmol-decorativo\/"},"modified":"2025-08-09T13:52:11","modified_gmt":"2025-08-09T11:52:11","slug":"weisse-marmorschale-mit-fuss","status":"publish","type":"product","link":"https:\/\/forzini.com\/de\/producto\/weisse-marmorschale-mit-fuss\/","title":{"rendered":"Wei\u00dfe Marmorschale mit Fu\u00df &#8211; Ablageschale"},"content":{"rendered":"<h2>Wei\u00dfe Marmorschale mit Fu\u00df &#8222;Ceres W&#8220;<\/h2>\n<p>Diese Wei\u00dfe Marmorschale mit Fu\u00df ist ein beeindruckendes Kunstwerk, das Eleganz und Raffinesse ausstrahlt. Von erfahrenen Kunsthandwerkern aus hochwertigem nat\u00fcrlichen Onyx handgefertigt, f\u00e4ngt dieses St\u00fcck die Essenz von Luxus und feiner Handwerkskunst ein. Jede Wei\u00dfe Marmorschale mit Fu\u00df beginnt als roher Naturstein, den unsere Meisterhandwerker in ein k\u00fcnstlerisches, dekoratives und funktionales Objekt verwandeln.<\/p>\n<p>Seine sanft abgerundeten W\u00e4nde fangen das Licht ein und lassen es durch die filigranen Adern des Onyx spielen, wodurch ein faszinierendes Schattenspiel entsteht. Der Effekt ist fast \u00e4therisch, mit einer Wolken-\u00e4hnlichen Transparenz. Perfekt f\u00fcr eine Vielzahl von Anwendungen: Diese Wei\u00dfe Marmorschale mit Fu\u00df dient als eleganter Kerzenhalter f\u00fcr Teelichter, Schmuckschale, Badeaccessoire-Tablett, Pr\u00e4sentationsplatte oder als stilvolles dekoratives Objekt.<\/p>\n<p>Ideal zur Tischdekoration bei Veranstaltungen, Festen oder gem\u00fctlichen Familientreffen, verleiht diese dekorative Marmorschale jedem Raum ihren zeitlosen Charme und ihre vielseitige Funktionalit\u00e4t. Dieses einzigartige Onyx-St\u00fcck ist mehr als nur Dekoration; es ist eine geschmackvolle Erkl\u00e4rung und ein unverzichtbares Element f\u00fcr diejenigen, die exquisites Kunsthandwerk in ihrer Wohnkultur sch\u00e4tzen.<\/p>\n<p>Sugar White Onyx \u2013 Ein reines Wei\u00df, durchzogen von feinsten goldenen Linien, die sanft und cremig \u00fcber die Oberfl\u00e4che gleiten. Dieser hochwertige, seltene Onyx ist nur in begrenzten Mengen verf\u00fcgbar, da er aus einer speziellen Quelle gewonnen wird.<\/p>\n<p>&nbsp;<\/p>\n<p><a href=\"https:\/\/forzini.com\/de\/materialien\/\" target=\"_blank\" rel=\"noopener\">Erfahren Sie mehr \u00fcber unsere Kollektion von Marmor und Onyx \u00fcber diesen Link: <\/a><a href=\"https:\/\/forzini.com\/de\/materialien\/\" target=\"_blank\" rel=\"noopener\">Materialien<\/a><\/p>\n","protected":false},"excerpt":{"rendered":"<h1>Wei\u00dfe Marmorschale mit Fu\u00df<\/h1>\n<p>ein faszinierendes St\u00fcck, handgefertigt aus nat\u00fcrlichem Onyx. Sein sanft geschwungenes Design l\u00e4sst das Licht durch feine Adern spielen und erzeugt einen weichen Schimmer mit einer fast wolkenartigen Anmutung. Sowohl dekorativ als auch funktional dient diese Schale als Kerzenhalter, Schmuckschale, Ablage f\u00fcr Schl\u00fcssel oder stilvolles Pr\u00e4sentationsst\u00fcck in jeder Umgebung.<\/p>\n<p>Diese Wei\u00dfe Marmorschale mit Fu\u00df ist eine beeindruckende Erg\u00e4nzung zur Tischdekoration bei Zusammenk\u00fcnften oder als elegantes Highlight im Alltag stilvoller Haushalte, da sie Kunst und zeitlose Eleganz verk\u00f6rpert.<\/p>\n","protected":false},"featured_media":14251,"comment_status":"closed","ping_status":"closed","template":"","meta":{"_acf_changed":false,"_joinchat":[]},"product_brand":[],"product_cat":[260,381],"product_tag":[265],"class_list":{"0":"post-12858","1":"product","2":"type-product","3":"status-publish","4":"has-post-thumbnail","6":"product_cat-accessoires-de","7":"product_cat-wohnaccessoires","8":"product_tag-onyx-de","10":"first","11":"instock","12":"sale","13":"featured","14":"shipping-taxable","15":"purchasable","16":"product-type-simple"},"acf":[],"_links":{"self":[{"href":"https:\/\/forzini.com\/de\/wp-json\/wp\/v2\/product\/12858","targetHints":{"allow":["GET"]}}],"collection":[{"href":"https:\/\/forzini.com\/de\/wp-json\/wp\/v2\/product"}],"about":[{"href":"https:\/\/forzini.com\/de\/wp-json\/wp\/v2\/types\/product"}],"replies":[{"embeddable":true,"href":"https:\/\/forzini.com\/de\/wp-json\/wp\/v2\/comments?post=12858"}],"version-history":[{"count":0,"href":"https:\/\/forzini.com\/de\/wp-json\/wp\/v2\/product\/12858\/revisions"}],"wp:featuredmedia":[{"embeddable":true,"href":"https:\/\/forzini.com\/de\/wp-json\/wp\/v2\/media\/14251"}],"wp:attachment":[{"href":"https:\/\/forzini.com\/de\/wp-json\/wp\/v2\/media?parent=12858"}],"wp:term":[{"taxonomy":"product_brand","embeddable":true,"href":"https:\/\/forzini.com\/de\/wp-json\/wp\/v2\/product_brand?post=12858"},{"taxonomy":"product_cat","embeddable":true,"href":"https:\/\/forzini.com\/de\/wp-json\/wp\/v2\/product_cat?post=12858"},{"taxonomy":"product_tag","embeddable":true,"href":"https:\/\/forzini.com\/de\/wp-json\/wp\/v2\/product_tag?post=12858"}],"curies":[{"name":"wp","href":"https:\/\/api.w.org\/{rel}","templated":true}]}}