{"id":12823,"date":"2024-07-04T17:54:31","date_gmt":"2024-07-04T15:54:31","guid":{"rendered":"https:\/\/forzini.com\/producto\/bowl-de-onix-ceres\/"},"modified":"2025-08-09T20:28:54","modified_gmt":"2025-08-09T18:28:54","slug":"marmorschale-mit-fuss-ceres","status":"publish","type":"product","link":"https:\/\/forzini.com\/de\/producto\/marmorschale-mit-fuss-ceres\/","title":{"rendered":"Marmorschale mit fu\u00df &#8211; Rosa Onyx Kuchenst\u00e4nder"},"content":{"rendered":"<h2>Marmorschale mit fu\u00df &#8222;Ceres&#8220;<\/h2>\n<p>Gefertigt von Meisterhandwerkern, ist diese Marmorschale mit Fu\u00df aus rosa Onyx ein Symbol unvergleichlicher Eleganz. Sie strahlt einen sanften Glanz aus und verf\u00fchrt mit einer Farbpalette, die die Sinne begeistert. Perfekt f\u00fcr jede Gelegenheit \u2013 diese luxuri\u00f6se Onyx-Schale dient sowohl als edle Pr\u00e4sentationsschale als auch als exquisite Dekoration und wird garantiert zum Mittelpunkt Ihres Tisches und zum Schmuckst\u00fcck Ihres Hauses. Fein gearbeitet aus echtem rosa Onyx, erhellt diese Marmorschale mit Fu\u00df mit ihrer einzigartigen Sch\u00f6nheit und verleiht jedem Ambiente einen Hauch von Charme und Raffinesse.<\/p>\n<p>Ihre Vielseitigkeit ist beeindruckend: Sie kann als Teelichthalter, Servierschale, kleine Tafelaufsatz oder als luxuri\u00f6se Ablageschale verwendet werden. Mit ihrer runden Form und ihrem raffinierten Design setzt sie ein dekoratives Statement von Klasse und Eleganz. Wir haben den exklusivsten Onyx ausgew\u00e4hlt, bekannt f\u00fcr seine hohe Lichtdurchl\u00e4ssigkeit. Das Licht durchdringt seine zarten W\u00e4nde und erzeugt atemberaubende Reflexe, die nur eine echte Halbedelstein wie Onyx bieten kann.<\/p>\n<p>Rosa Cloud Onyx \u2013 Ber\u00fchmt f\u00fcr seine beeindruckende Sch\u00f6nheit und die edle, reine Rosaf\u00e4rbung, die das Licht mit faszinierendem Glanz durchscheinen l\u00e4sst. Seine komplexen Schichten erschaffen einen spektakul\u00e4ren visuellen Effekt. Die Emotionen, die Rosa Cloud Onyx hervorruft \u2013 mit seinem Hintergrund in sanften Rosat\u00f6nen und feinen Wolken sowie wei\u00dfen Maserungen \u2013 ergeben ein strahlendes und kostbares Muster.<\/p>\n<p>Unser Streben nach Perfektion f\u00fchrt uns zu den reinsten nat\u00fcrlichen Rosa Cloud Onyx-Vorkommen. Wir besuchen die Steinbr\u00fcche pers\u00f6nlich, um die seltensten Exemplare zu finden, die die Natur \u00fcber Jahrtausende geformt hat. So stellen wir sicher, dass jede Platte authentisch ist und nicht k\u00fcnstlich gef\u00e4rbt wurde. Anders als handels\u00fcblicher Onyx, der oft behandelt wird, um seine Farbe zu intensivieren, ist unser Rosa Cloud Onyx v\u00f6llig nat\u00fcrlich. Die Faszination unserer Rosa Cloud Onyx-St\u00fccke liegt in ihrer hypnotisierenden Farbintensit\u00e4t. Jede einzelne wird nach ihrer \u00e4sthetischen Perfektion ausgew\u00e4hlt, sodass die leuchtenden Rosat\u00f6ne rein und gleichm\u00e4\u00dfig \u00fcber die Oberfl\u00e4che flie\u00dfen \u2013 wie ein lebendiges Gem\u00e4lde. Dank der nat\u00fcrlichen Transparenz des Steins tanzt das Licht auf seiner Oberfl\u00e4che und erzeugt einen zauberhaften, beruhigenden Glanz.<\/p>\n<p>&nbsp;<\/p>\n<p><a href=\"https:\/\/forzini.com\/de\/materialien\/\" target=\"_blank\" rel=\"noopener\">Erfahren Sie mehr \u00fcber unsere Kollektion von Marmor und Onyx \u00fcber diesen Link: <\/a><a href=\"https:\/\/forzini.com\/de\/materialien\/\" target=\"_blank\" rel=\"noopener\">Materialien<\/a><\/p>\n","protected":false},"excerpt":{"rendered":"<h1>Marmorschale mit fu\u00df<\/h1>\n<p>aus reinem rosa Onyx, <span class=\"keyword _ngcontent-llr-116\" aria-hidden=\"false\">kerzenst\u00e4nder<\/span>, sorgf\u00e4ltig von Meisterhandwerkern handgeschnitzt, strahlt diese Servierschale mit sanftem Glanz und einer reichen, vielf\u00e4ltigen Farbpalette. Perfekt f\u00fcr jedes Event \u2013 sie dient als luxuri\u00f6se Pr\u00e4sentationsschale, elegantes Dekorelement, Teelichthalter oder Schmuckablage und wird garantiert zum Blickfang in deinem Zuhause.<\/p>\n","protected":false},"featured_media":14196,"comment_status":"closed","ping_status":"closed","template":"","meta":{"_acf_changed":false,"_joinchat":[]},"product_brand":[],"product_cat":[260,381],"product_tag":[265],"class_list":{"0":"post-12823","1":"product","2":"type-product","3":"status-publish","4":"has-post-thumbnail","6":"product_cat-accessoires-de","7":"product_cat-wohnaccessoires","8":"product_tag-onyx-de","10":"first","11":"instock","12":"featured","13":"shipping-taxable","14":"purchasable","15":"product-type-simple"},"acf":[],"_links":{"self":[{"href":"https:\/\/forzini.com\/de\/wp-json\/wp\/v2\/product\/12823","targetHints":{"allow":["GET"]}}],"collection":[{"href":"https:\/\/forzini.com\/de\/wp-json\/wp\/v2\/product"}],"about":[{"href":"https:\/\/forzini.com\/de\/wp-json\/wp\/v2\/types\/product"}],"replies":[{"embeddable":true,"href":"https:\/\/forzini.com\/de\/wp-json\/wp\/v2\/comments?post=12823"}],"version-history":[{"count":0,"href":"https:\/\/forzini.com\/de\/wp-json\/wp\/v2\/product\/12823\/revisions"}],"wp:featuredmedia":[{"embeddable":true,"href":"https:\/\/forzini.com\/de\/wp-json\/wp\/v2\/media\/14196"}],"wp:attachment":[{"href":"https:\/\/forzini.com\/de\/wp-json\/wp\/v2\/media?parent=12823"}],"wp:term":[{"taxonomy":"product_brand","embeddable":true,"href":"https:\/\/forzini.com\/de\/wp-json\/wp\/v2\/product_brand?post=12823"},{"taxonomy":"product_cat","embeddable":true,"href":"https:\/\/forzini.com\/de\/wp-json\/wp\/v2\/product_cat?post=12823"},{"taxonomy":"product_tag","embeddable":true,"href":"https:\/\/forzini.com\/de\/wp-json\/wp\/v2\/product_tag?post=12823"}],"curies":[{"name":"wp","href":"https:\/\/api.w.org\/{rel}","templated":true}]}}