{"id":12806,"date":"2024-07-04T12:22:58","date_gmt":"2024-07-04T10:22:58","guid":{"rendered":"https:\/\/forzini.com\/producto\/cuenco-de-piedra-oh-fontus\/"},"modified":"2025-08-03T22:46:57","modified_gmt":"2025-08-03T20:46:57","slug":"teelicht-halter-oh-fontus","status":"publish","type":"product","link":"https:\/\/forzini.com\/de\/producto\/teelicht-halter-oh-fontus\/","title":{"rendered":"Teelicht halter Oh Fontus"},"content":{"rendered":"<h2>T<span class=\"keyword _ngcontent-gmb-116\" aria-hidden=\"false\">eelicht halter<\/span> &#8222;Oh Fontus&#8220;<\/h2>\n<p>Dieser kleine Teelicht halter aus Onyx, handgefertigt von unseren renommierten Kunsthandwerkern, ist ein wahres Juwel, das nicht nur versch\u00f6nert, sondern auch eine Geschichte erz\u00e4hlt. Seine runde Form und der seltene Galaxy-Gr\u00fcn-Onyx mit seiner hohen Transluzenz machen dieses St\u00fcck zu einem Blickfang, der Bewunderung hervorruft. Stell dir vor, wie diese Onyx-Schale deine Tafel bei einem besonderen Abendessen schm\u00fcckt, das Kerzenlicht reflektiert und eine magische, gem\u00fctliche Atmosph\u00e4re schafft. Jede Steinschale ist einzigartig, mit Maserungen und Farbt\u00f6nen, die die Geheimnisse der Erde erz\u00e4hlen, aus der sie stammt. Perfekt zur Aufbewahrung kleiner Gegenst\u00e4nde wie Schmuck oder Erinnerungsst\u00fccke, h\u00e4lt sie alles stilvoll organisiert. Als Tischdekoration wird diese Schale zum Mittelpunkt, der mit seiner nat\u00fcrlichen Sch\u00f6nheit alle Blicke auf sich zieht. Wenn du ein Geschenk suchst, das wirklich \u00fcberrascht und ber\u00fchrt, ist diese Onyx-Schale die ideale Wahl. Sie ist nicht nur ein Objekt, sondern ein St\u00fcck Geschichte und Kunst, das Luxus und Opulenz ausstrahlt. Seit der Antike gilt Onyx als Symbol f\u00fcr Reichtum und schm\u00fcckte die Pal\u00e4ste von K\u00f6nigen und Kaisern. Jetzt kannst du ein St\u00fcck dieser Pracht in deinem Zuhause haben.<\/p>\n<p>Galaxy-Gr\u00fcn-Onyx: Ein hellgr\u00fcner Hintergrund, wundersch\u00f6n akzentuiert durch wei\u00dfe Wellen, durchzogen von erdigen, goldbraunen und r\u00f6tlichen Adern. Diese \u00e4u\u00dferst transluzente Onyx-Variante wird nur in sehr geringen Mengen abgebaut und ist daher besonders exklusiv.<\/p>\n<p>Unsere Suche nach den faszinierendsten Steinen hat uns durch ferne und exotische L\u00e4nder gef\u00fchrt. Wir sind um die ganze Welt gereist, haben abgelegene Orte erkundet, an denen die Natur ihre Sch\u00e4tze eifers\u00fcchtig bewahrt. In den Bergen S\u00fcdasiens, wo die Gipfel den Himmel ber\u00fchren und die Fl\u00fcsse mit der Reinheit unber\u00fchrter Natur flie\u00dfen, liegt dieser pr\u00e4chtige Onyx verborgen. Unter der gl\u00fchenden Hitze und dem Druck der Erde hat sich Kalkstein \u00fcber Jahrtausende hinweg metamorphisiert und das einzigartige Muster aus Adern und Farben geschaffen, das den Galaxy-Gr\u00fcn-Onyx auszeichnet. Angetrieben von unserer Leidenschaft f\u00fcr das Au\u00dfergew\u00f6hnliche w\u00e4hlen wir jedes St\u00fcck dieses seltenen Onyxs sorgf\u00e4ltig aus. Jedes Fragment wird mit Hingabe von unseren renommierten Kunsthandwerkern bearbeitet, die den Stein mit Pr\u00e4zision schleifen und polieren, bis er Perfektion erreicht. Seine Transluzenz l\u00e4sst das Licht durch seine W\u00e4nde dringen und erzeugt schimmernde Reflexe, die seine nat\u00fcrliche Sch\u00f6nheit noch weiter hervorheben. Das Ergebnis unserer Hingabe sind Kreationen, die \u00fcber blo\u00dfe Funktionalit\u00e4t hinausgehen. In jeder Galaxy-Gr\u00fcn-Onyx-Schale steckt ein Teil unserer Geschichte und der fernen L\u00e4nder, die wir erkundet haben. Sie ist mehr als nur ein dekoratives Objekt \u2013 sie ist ein Zeugnis unserer Reise, unserer unerm\u00fcdlichen Suche nach Sch\u00f6nheit und Seltenheit sowie unserer Hingabe, unseren Kunden St\u00fccke zu bieten, die wahrhaft einzigartig und au\u00dfergew\u00f6hnlich sind.<\/p>\n<p>&nbsp;<\/p>\n<p><a href=\"https:\/\/forzini.com\/de\/materialien\/\" target=\"_blank\" rel=\"noopener\">Erfahren Sie mehr \u00fcber unsere Kollektion von Marmor und Onyx \u00fcber diesen Link: <\/a><a href=\"https:\/\/forzini.com\/de\/materialien\/\" target=\"_blank\" rel=\"noopener\">Materialien<\/a><\/p>\n","protected":false},"excerpt":{"rendered":"<h1>Teelicht halter<\/h1>\n<p>Aus gr\u00fcnem Onyx gefertigt, ist diese au\u00dfergew\u00f6hnliche Dekorationsst\u00fcck eine elegante Bereicherung f\u00fcr jedes Interieur. Sein raffiniertes Design und die Reinheit des Onyxs machen es zu einem charmanten und vielseitigen Accessoire f\u00fcr dein Zuhause. Jedes Schale ist ein Unikat, handgefertigt, um die charakteristischen Maserungen und Farbt\u00f6ne des Onyxs hervorzuheben \u2013 ein Material, das f\u00fcr seine Haltbarkeit und nat\u00fcrliche Sch\u00f6nheit gesch\u00e4tzt wird. Die polierte Oberfl\u00e4che f\u00e4ngt das Licht subtil ein und schafft eine warme, anspruchsvolle Atmosph\u00e4re. Ob als Tischdekoration, Kerzenhalter oder zur Aufbewahrung kleiner Gegenst\u00e4nde \u2013 diese Onyx-Schale verleiht deinem Raum mit ihrer exquisiten Pr\u00e4senz einen Hauch von Luxus und Gelassenheit.<\/p>\n","protected":false},"featured_media":14113,"comment_status":"closed","ping_status":"closed","template":"","meta":{"_acf_changed":false,"_joinchat":[]},"product_brand":[],"product_cat":[260,381],"product_tag":[265],"class_list":{"0":"post-12806","1":"product","2":"type-product","3":"status-publish","4":"has-post-thumbnail","6":"product_cat-accessoires-de","7":"product_cat-wohnaccessoires","8":"product_tag-onyx-de","10":"first","11":"instock","12":"sale","13":"featured","14":"shipping-taxable","15":"purchasable","16":"product-type-simple"},"acf":[],"_links":{"self":[{"href":"https:\/\/forzini.com\/de\/wp-json\/wp\/v2\/product\/12806","targetHints":{"allow":["GET"]}}],"collection":[{"href":"https:\/\/forzini.com\/de\/wp-json\/wp\/v2\/product"}],"about":[{"href":"https:\/\/forzini.com\/de\/wp-json\/wp\/v2\/types\/product"}],"replies":[{"embeddable":true,"href":"https:\/\/forzini.com\/de\/wp-json\/wp\/v2\/comments?post=12806"}],"version-history":[{"count":0,"href":"https:\/\/forzini.com\/de\/wp-json\/wp\/v2\/product\/12806\/revisions"}],"wp:featuredmedia":[{"embeddable":true,"href":"https:\/\/forzini.com\/de\/wp-json\/wp\/v2\/media\/14113"}],"wp:attachment":[{"href":"https:\/\/forzini.com\/de\/wp-json\/wp\/v2\/media?parent=12806"}],"wp:term":[{"taxonomy":"product_brand","embeddable":true,"href":"https:\/\/forzini.com\/de\/wp-json\/wp\/v2\/product_brand?post=12806"},{"taxonomy":"product_cat","embeddable":true,"href":"https:\/\/forzini.com\/de\/wp-json\/wp\/v2\/product_cat?post=12806"},{"taxonomy":"product_tag","embeddable":true,"href":"https:\/\/forzini.com\/de\/wp-json\/wp\/v2\/product_tag?post=12806"}],"curies":[{"name":"wp","href":"https:\/\/api.w.org\/{rel}","templated":true}]}}