{"id":12771,"date":"2024-07-04T16:13:21","date_gmt":"2024-07-04T14:13:21","guid":{"rendered":"https:\/\/forzini.com\/producto\/bol-de-piedra-oh-bacchus-mediano\/"},"modified":"2025-05-12T22:28:40","modified_gmt":"2025-05-12T20:28:40","slug":"naturstein-schale","status":"publish","type":"product","link":"https:\/\/forzini.com\/de\/producto\/naturstein-schale\/","title":{"rendered":"Naturstein schale"},"content":{"rendered":"<h2>N<span class=\"keyword _ngcontent-kzy-117\" aria-hidden=\"false\">aturstein schale<\/span> &#8222;Oh Bacchus&#8220;<\/h2>\n<p>Diese mittlere Naturstein Schale aus gr\u00fcnem Onyx mit raffiniertem Design ist ein charmantes und vielseitiges Accessoire, das Ihr Zuhause versch\u00f6nert. Die feine Verarbeitung dieses Bowls zeigt sich in seiner polierten Oberfl\u00e4che, die das Licht sanft und gleichm\u00e4\u00dfig reflektiert und ihm einen subtilen, eleganten Glanz verleiht. Diese Eigenschaft macht jeden Bowl nicht nur zu einem dekorativen, sondern auch zu einem funktionalen Element, das die Atmosph\u00e4re jedes Raumes verwandeln kann.<\/p>\n<p>Perfekt als Tischmittelpunkt, als Kerzenhalter f\u00fcr eine gem\u00fctliche Stimmung oder als stilvolle Ablage f\u00fcr kleine Gegenst\u00e4nde \u2013 dieser Onyx-Bowl verleiht jedem Raum einen Hauch von Luxus und Ruhe. Seine sanfte Haptik ist ein Zeugnis der hochwertigen Handwerkskunst, mit der er gefertigt wurde. Die Einzigartigkeit jedes Bowls wird durch die individuellen Maserungen und nat\u00fcrlichen Farbnuancen des Onyx unterstrichen, die von St\u00fcck zu St\u00fcck variieren und jede Schale zu einem einzigartigen Kunstwerk machen.<\/p>\n<p>Onyx, eine edle Halbedelsteinart mit reicher Textur und vielf\u00e4ltigen Farben, ist f\u00fcr seine Sch\u00f6nheit und Langlebigkeit bekannt und wird h\u00e4ufig von renommierten Schmuckh\u00e4usern in exklusiven Kollektionen verwendet. Ob als Geburtstags-, Hochzeits- oder besonderes Geschenk \u2013 seine Eleganz und Raffinesse machen ihn zu einer au\u00dfergew\u00f6hnlichen Wahl, die \u00fcber Jahre hinweg gesch\u00e4tzt wird.<\/p>\n<p>Galaxy Gr\u00fcner Onyx &#8211; Ein sanftes gr\u00fcnes Farbspiel, wundersch\u00f6n akzentuiert durch wei\u00dfe Wellen, durchzogen von bronzefarbenen, goldbraunen und r\u00f6tlichen Adern. Da dieser Onyx nur in sehr geringen Mengen abgebaut wird, ist er besonders exklusiv und au\u00dfergew\u00f6hnlich transluzent.<\/p>\n<p>Wussten Sie, dass unser Galaxy Gr\u00fcner Onyx nicht nur wegen seiner Seltenheit und \u00c4sthetik gesch\u00e4tzt wird, sondern auch aufgrund seiner einzigartigen geologischen Entstehung? Dieser Onyx ist das Ergebnis von Jahrtausenden mineralischer Schichtung, die unter enormem Druck in einer bestimmten Region S\u00fcdasiens geformt wurde. Sein charakteristischer, heller Gr\u00fcnton ist ein Naturph\u00e4nomen, das nirgendwo sonst auf der Welt zu finden ist \u2013 eine perfekte Wahl f\u00fcr luxuri\u00f6se Innenr\u00e4ume.<\/p>\n<p>Die Exklusivit\u00e4t dieses Steins wird durch seine geografische Einzigartigkeit verst\u00e4rkt, wodurch jede Schale zu einem seltenen Kunstwerk der Erde wird \u2013 ideal f\u00fcr alle, die im Luxusdesign nach wahrhaft einzigartigen St\u00fccken suchen. Die wei\u00dfen und goldenen Adern, die den <em>Galaxy Gr\u00fcner Onyx<\/em> durchziehen, verleihen ihm eine zus\u00e4tzliche Dimension von Sch\u00f6nheit und schaffen einen visuellen Kontrast, der seine nat\u00fcrliche Eleganz betont.<\/p>\n<p>Diese Maserungen scheinen durch den Stein zu flie\u00dfen und erinnern an gewundene Fl\u00fcsse und Miniaturlandschaften. Neben seiner beeindruckenden Optik ist der <em>Galaxy Gr\u00fcner Onyx<\/em> f\u00fcr seine hohe Lichtdurchl\u00e4ssigkeit bekannt, die es erm\u00f6glicht, dass Licht durch den Stein dringt und einen leuchtenden, \u00e4therischen Effekt erzeugt.<\/p>\n<p>Dieses Ph\u00e4nomen verst\u00e4rkt nicht nur die Sch\u00f6nheit des Steins, sondern verleiht jedem Raum eine magische und raffinierte Atmosph\u00e4re. Ob als Tischmittelpunkt, Wandverkleidung in einem luxuri\u00f6sen Wohnzimmer oder als dekoratives Detail \u2013 der <em>Galaxy Gr\u00fcner Onyx<\/em> zieht stets bewundernde Blicke auf sich.<\/p>\n<p>&nbsp;<\/p>\n<p><a href=\"https:\/\/forzini.com\/de\/materialien\/\" target=\"_blank\" rel=\"noopener\">Erfahren Sie mehr \u00fcber unsere Kollektion von Marmor und Onyx \u00fcber diesen Link: <\/a><a href=\"https:\/\/forzini.com\/de\/materialien\/\" target=\"_blank\" rel=\"noopener\">Materialien<\/a><\/p>\n","protected":false},"excerpt":{"rendered":"<h2>Naturstein schale<\/h2>\n<p>aus gr\u00fcnem Onyx \u2013 ein wundersch\u00f6ner und vielseitiger Bowl mit 17 cm Durchmesser, der Ihr Zuhause versch\u00f6nert. Seine runde Form und die sanfte Oberfl\u00e4che machen ihn zu einem eleganten Akzent, der alle Blicke auf sich zieht. Perfekt als Geschenk f\u00fcr besondere Anl\u00e4sse wie eine Hauseinweihung, ein Jubil\u00e4um oder einen Geburtstag. Diese dekorative Onyx-Schale wird alle begeistern.<\/p>\n","protected":false},"featured_media":12772,"comment_status":"closed","ping_status":"closed","template":"","meta":{"_acf_changed":false,"_joinchat":[]},"product_brand":[],"product_cat":[260,381],"product_tag":[265],"class_list":{"0":"post-12771","1":"product","2":"type-product","3":"status-publish","4":"has-post-thumbnail","6":"product_cat-accessoires-de","7":"product_cat-wohnaccessoires","8":"product_tag-onyx-de","10":"first","11":"instock","12":"sale","13":"featured","14":"shipping-taxable","15":"purchasable","16":"product-type-simple"},"acf":[],"_links":{"self":[{"href":"https:\/\/forzini.com\/de\/wp-json\/wp\/v2\/product\/12771","targetHints":{"allow":["GET"]}}],"collection":[{"href":"https:\/\/forzini.com\/de\/wp-json\/wp\/v2\/product"}],"about":[{"href":"https:\/\/forzini.com\/de\/wp-json\/wp\/v2\/types\/product"}],"replies":[{"embeddable":true,"href":"https:\/\/forzini.com\/de\/wp-json\/wp\/v2\/comments?post=12771"}],"version-history":[{"count":0,"href":"https:\/\/forzini.com\/de\/wp-json\/wp\/v2\/product\/12771\/revisions"}],"wp:featuredmedia":[{"embeddable":true,"href":"https:\/\/forzini.com\/de\/wp-json\/wp\/v2\/media\/12772"}],"wp:attachment":[{"href":"https:\/\/forzini.com\/de\/wp-json\/wp\/v2\/media?parent=12771"}],"wp:term":[{"taxonomy":"product_brand","embeddable":true,"href":"https:\/\/forzini.com\/de\/wp-json\/wp\/v2\/product_brand?post=12771"},{"taxonomy":"product_cat","embeddable":true,"href":"https:\/\/forzini.com\/de\/wp-json\/wp\/v2\/product_cat?post=12771"},{"taxonomy":"product_tag","embeddable":true,"href":"https:\/\/forzini.com\/de\/wp-json\/wp\/v2\/product_tag?post=12771"}],"curies":[{"name":"wp","href":"https:\/\/api.w.org\/{rel}","templated":true}]}}