{"id":12755,"date":"2024-07-04T16:53:51","date_gmt":"2024-07-04T14:53:51","guid":{"rendered":"https:\/\/forzini.com\/producto\/bowl-de-marmol-bacchus-mediano\/"},"modified":"2025-08-15T18:46:02","modified_gmt":"2025-08-15T16:46:02","slug":"grosse-marmorschale","status":"publish","type":"product","link":"https:\/\/forzini.com\/de\/producto\/grosse-marmorschale\/","title":{"rendered":"Gro\u00dfe Marmorschale &#8211; Dekorative Pr\u00e4sentationsschale"},"content":{"rendered":"<h2>Gro\u00dfe Marmorschale &#8222;Bacchus&#8220;<\/h2>\n<p>Diese gro\u00dfe Marmorschale ist ein dekoratives St\u00fcck mit einem Durchmesser von 17 cm, das Ihrer Wohnraumgestaltung eine besondere Note verleiht. Handgefertigt vereint diese Marmorschale \u00c4sthetik und Funktionalit\u00e4t und eignet sich perfekt f\u00fcr verschiedene Anwendungen oder als anspruchsvolles Geschenk. Ihre Vielseitigkeit macht sie zu einem eleganten Schl\u00fcsselorganizer im Eingangsbereich, einer stilvollen Ablage, einem Kerzenhalter oder einem attraktiven Tischmittelpunkt im Esszimmer. Das zeitlose und minimalistische Design dieser Marmorschale garantiert, dass sie in jeder Umgebung ein herausragendes Element sein wird. Jede Schale ist ein Unikat mit nat\u00fcrlichen Maserungen und Farbnuancen, die die urspr\u00fcngliche Sch\u00f6nheit des Marmors widerspiegeln. Die feine Handwerkskunst zeigt sich in jedem Detail und schafft ein Kunstwerk, das Liebhaber von Wohnraumdekoration begeistern wird. Ob als Geburtstags-, Hochzeits- oder besonderes Geschenk \u2013 ihre Eleganz und Sch\u00f6nheit machen sie zu einer au\u00dfergew\u00f6hnlichen Wahl, die \u00fcber Jahre hinweg gesch\u00e4tzt wird.<\/p>\n<p>Erh\u00e4ltlich in zwei verschiedenen Varianten unseres pr\u00e4chtigen Marmors, ist diese Marmorschale ein Meisterwerk der Handwerkskunst, das jedem Raum eine Note von Raffinesse und Eleganz verleiht.<\/p>\n<p>Golden Cascad Marmor: Dieser au\u00dfergew\u00f6hnliche Marmor ist eine Symphonie der Kontraste, in der tiefes, geheimnisvolles Schwarz mit einem Ballett aus wei\u00dfen, gelben, roten, goldenen und braunen Adern erstrahlt. Jede Platte erz\u00e4hlt eine Geschichte geologischer Kunst \u2013 eine Leinwand, auf der die Natur ihr opulentestes Design gemalt hat.<\/p>\n<p>Wussten Sie, dass unser Golden Cascad Marmor nicht nur ein Stein, sondern ein nat\u00fcrliches Kunstwerk ist? Dieser au\u00dfergew\u00f6hnliche Marmor stammt ausschlie\u00dflich aus einer bestimmten Region in S\u00fcdasien, wo er nur in begrenzten Mengen abgebaut wird, was jedes St\u00fcck zu einer seltenen Kostbarkeit macht. Die Adern aus Gelb, Wei\u00df, Karamell und Braun flie\u00dfen wie farbige Fl\u00fcsse und erzeugen eine Illusion von Bewegung, die fasziniert und verzaubert. Die Interaktion der Farbt\u00f6ne verleiht dem Stein eine dreidimensionale Tiefe, die jeden Blickwinkel zu einer neuen Entdeckung macht. Es ist, als ob der Stein lebendig w\u00e4re, mit Farben, die in einem ewigen goldenen Licht tanzen. Diese lebendigen Maserungen erzeugen ein Gef\u00fchl von Dynamik und Tiefe, das den Eindruck eines flie\u00dfenden Wasserfalls vermittelt.<\/p>\n<p>Was Golden Cascad wirklich einzigartig macht, ist seine Seltenheit. Da er nur an einem bestimmten Ort abgebaut wird, bedeutet der Besitz eines St\u00fccks dieses Marmors, ein St\u00fcck Geschichte zu besitzen. Seine Knappheit erinnert uns an die Verg\u00e4nglichkeit der Sch\u00f6nheit und fordert uns auf, die Pracht zu sch\u00e4tzen, die die Natur unter den au\u00dfergew\u00f6hnlichsten Bedingungen erschaffen kann. Der Golden Cascad Marmor ist ein Zeugnis der k\u00fcnstlerischen Meisterwerke der Erde \u2013 eine Erinnerung daran, dass die sch\u00f6nsten Dinge oft die verg\u00e4nglichsten und einzigartigsten sind.<\/p>\n<p>&nbsp;<\/p>\n<p><a href=\"https:\/\/forzini.com\/de\/materialien\/\" target=\"_blank\" rel=\"noopener\">Erfahren Sie mehr \u00fcber unsere Kollektion von Marmor und Onyx \u00fcber diesen Link: <\/a><a href=\"https:\/\/forzini.com\/de\/materialien\/\" target=\"_blank\" rel=\"noopener\">Materialien<\/a><\/p>\n","protected":false},"excerpt":{"rendered":"<h1>Gro\u00dfe Marmorschale<\/h1>\n<p>sie ist \u00e4u\u00dferst vielseitig und kann als eleganter Schl\u00fcsselorganizer im Eingangsbereich, Schmuckablage, Kerzenhalter f\u00fcr eine gem\u00fctliche Atmosph\u00e4re oder als stilvolles Tischzentrum im Esszimmer dienen. Ihr zeitloses und minimalistisches Design garantiert, dass sie in jeder Umgebung \u2013 von klassisch bis modern \u2013 ein herausragendes Element sein wird. Eine ideale L\u00f6sung f\u00fcr alle, die ein besonderes Einzugsgeschenk suchen oder jemanden mit einem einzigartigen St\u00fcck \u00fcberraschen m\u00f6chten, das viele Jahre lang in Erinnerung bleibt.<\/p>\n","protected":false},"featured_media":12759,"comment_status":"closed","ping_status":"closed","template":"","meta":{"_acf_changed":false,"_joinchat":[]},"product_brand":[],"product_cat":[260,381],"product_tag":[264],"class_list":{"0":"post-12755","1":"product","2":"type-product","3":"status-publish","4":"has-post-thumbnail","6":"product_cat-accessoires-de","7":"product_cat-wohnaccessoires","8":"product_tag-marmor","10":"first","11":"instock","12":"sale","13":"featured","14":"shipping-taxable","15":"purchasable","16":"product-type-simple"},"acf":[],"_links":{"self":[{"href":"https:\/\/forzini.com\/de\/wp-json\/wp\/v2\/product\/12755","targetHints":{"allow":["GET"]}}],"collection":[{"href":"https:\/\/forzini.com\/de\/wp-json\/wp\/v2\/product"}],"about":[{"href":"https:\/\/forzini.com\/de\/wp-json\/wp\/v2\/types\/product"}],"replies":[{"embeddable":true,"href":"https:\/\/forzini.com\/de\/wp-json\/wp\/v2\/comments?post=12755"}],"version-history":[{"count":0,"href":"https:\/\/forzini.com\/de\/wp-json\/wp\/v2\/product\/12755\/revisions"}],"wp:featuredmedia":[{"embeddable":true,"href":"https:\/\/forzini.com\/de\/wp-json\/wp\/v2\/media\/12759"}],"wp:attachment":[{"href":"https:\/\/forzini.com\/de\/wp-json\/wp\/v2\/media?parent=12755"}],"wp:term":[{"taxonomy":"product_brand","embeddable":true,"href":"https:\/\/forzini.com\/de\/wp-json\/wp\/v2\/product_brand?post=12755"},{"taxonomy":"product_cat","embeddable":true,"href":"https:\/\/forzini.com\/de\/wp-json\/wp\/v2\/product_cat?post=12755"},{"taxonomy":"product_tag","embeddable":true,"href":"https:\/\/forzini.com\/de\/wp-json\/wp\/v2\/product_tag?post=12755"}],"curies":[{"name":"wp","href":"https:\/\/api.w.org\/{rel}","templated":true}]}}