{"id":12737,"date":"2024-10-29T23:20:25","date_gmt":"2024-10-29T22:20:25","guid":{"rendered":"https:\/\/forzini.com\/producto\/bowl-de-marmol-redondo\/"},"modified":"2025-10-05T16:07:15","modified_gmt":"2025-10-05T14:07:15","slug":"schale-marmor-weiss","status":"publish","type":"product","link":"https:\/\/forzini.com\/de\/producto\/schale-marmor-weiss\/","title":{"rendered":"Schale marmor wei\u00df"},"content":{"rendered":"<h2>Schale marmor wei\u00df &#8222;Bacchus W&#8220;<\/h2>\n<p>Die Schale aus wei\u00dfem Marmor ist ein einzigartiges und vielseitiges St\u00fcck, das Eleganz und Funktionalit\u00e4t in jeden Raum bringt. Diese mittelgro\u00dfe Schale, handgefertigt aus hochwertigem wei\u00dfen Marmor, besticht durch ihr filigranes Design und die sanften nat\u00fcrlichen Maserungen, die ihr einen exklusiven und anspruchsvollen Charakter verleihen. Dank ihrer Vielseitigkeit kann die Schale f\u00fcr verschiedene Zwecke verwendet werden \u2013 als stilvolles Tischmittelst\u00fcck, dekorativer Kerzenhalter oder zur Aufbewahrung kleiner Gegenst\u00e4nde, Fr\u00fcchte oder getrockneter Blumen.<\/p>\n<p>Der wei\u00dfe Marmor verleiht nicht nur einen Hauch von Luxus, sondern garantiert auch Langlebigkeit und Widerstandsf\u00e4higkeit, wodurch er sich ideal als dekoratives Element f\u00fcr den t\u00e4glichen Gebrauch oder besondere Anl\u00e4sse eignet. Die sanft polierte Oberfl\u00e4che und die handgefertigte Verarbeitung verleihen ihm eine angenehme Textur und ein edles Erscheinungsbild, das sich harmonisch in verschiedene Einrichtungsstile einf\u00fcgt \u2013 von modernem Minimalismus bis hin zu klassischer Eleganz.<\/p>\n<p>Diese runde Marmorschale ist auch eine hervorragende Geschenkidee, da ihr zeitloses Design und ihre erstklassige Qualit\u00e4t sie zu einem unverzichtbaren dekorativen Accessoire f\u00fcr jedes Zuhause machen. Zudem ist jede Schale ein handgefertigtes Unikat, das die nat\u00fcrliche Sch\u00f6nheit des Marmors und die Kunstfertigkeit des Handwerks widerspiegelt.<\/p>\n<p>Perfekt zur Versch\u00f6nerung von Tischen, Regalen oder Arbeitsfl\u00e4chen \u2013 diese runde Marmorschale f\u00fcgt sich nahtlos in jeden Raum ein, wird zum Blickfang und unterstreicht den Stil der Einrichtung.<\/p>\n<p><a href=\"https:\/\/forzini.com\/de\/materialien\/\" target=\"_blank\" rel=\"noopener\">Erfahren Sie mehr \u00fcber unsere Kollektion von Marmor und Onyx \u00fcber diesen Link: <\/a><a href=\"https:\/\/forzini.com\/de\/materialien\/\" target=\"_blank\" rel=\"noopener\">Materialien<\/a><\/p>\n","protected":false},"excerpt":{"rendered":"<h1>Schale marmor wei\u00df<\/h1>\n<p>dieses vielseitige und raffinierte Dekorationsst\u00fcck ist ideal f\u00fcr das Zuhause. Handgefertigt aus wei\u00dfem Marmor mit zarten nat\u00fcrlichen Maserungen, besticht sein elegantes Design als Tischmittelpunkt, Kerzenhalter oder zur Aufbewahrung kleiner Gegenst\u00e4nde. Diese mittelgro\u00dfe Schale \u00fcberzeugt nicht nur durch ihre Sch\u00f6nheit, sondern auch durch ihre Langlebigkeit, was sie zu einer praktischen Wahl f\u00fcr den t\u00e4glichen Gebrauch oder als besonderes Geschenk macht. Ihr zeitloser Stil f\u00fcgt sich harmonisch in jede Einrichtung ein und verleiht jedem Raum eine Note von Eleganz und Exklusivit\u00e4t.<\/p>\n","protected":false},"featured_media":12738,"comment_status":"closed","ping_status":"closed","template":"","meta":{"_acf_changed":false,"_joinchat":[]},"product_brand":[],"product_cat":[260,381],"product_tag":[264],"class_list":{"0":"post-12737","1":"product","2":"type-product","3":"status-publish","4":"has-post-thumbnail","6":"product_cat-accessoires-de","7":"product_cat-wohnaccessoires","8":"product_tag-marmor","10":"first","11":"instock","12":"sale","13":"featured","14":"shipping-taxable","15":"purchasable","16":"product-type-simple"},"acf":[],"_links":{"self":[{"href":"https:\/\/forzini.com\/de\/wp-json\/wp\/v2\/product\/12737","targetHints":{"allow":["GET"]}}],"collection":[{"href":"https:\/\/forzini.com\/de\/wp-json\/wp\/v2\/product"}],"about":[{"href":"https:\/\/forzini.com\/de\/wp-json\/wp\/v2\/types\/product"}],"replies":[{"embeddable":true,"href":"https:\/\/forzini.com\/de\/wp-json\/wp\/v2\/comments?post=12737"}],"version-history":[{"count":0,"href":"https:\/\/forzini.com\/de\/wp-json\/wp\/v2\/product\/12737\/revisions"}],"wp:featuredmedia":[{"embeddable":true,"href":"https:\/\/forzini.com\/de\/wp-json\/wp\/v2\/media\/12738"}],"wp:attachment":[{"href":"https:\/\/forzini.com\/de\/wp-json\/wp\/v2\/media?parent=12737"}],"wp:term":[{"taxonomy":"product_brand","embeddable":true,"href":"https:\/\/forzini.com\/de\/wp-json\/wp\/v2\/product_brand?post=12737"},{"taxonomy":"product_cat","embeddable":true,"href":"https:\/\/forzini.com\/de\/wp-json\/wp\/v2\/product_cat?post=12737"},{"taxonomy":"product_tag","embeddable":true,"href":"https:\/\/forzini.com\/de\/wp-json\/wp\/v2\/product_tag?post=12737"}],"curies":[{"name":"wp","href":"https:\/\/api.w.org\/{rel}","templated":true}]}}