{"id":12723,"date":"2024-11-08T09:19:08","date_gmt":"2024-11-08T08:19:08","guid":{"rendered":"https:\/\/forzini.com\/producto\/cuenco-vaciabolsillos-de-marmol\/"},"modified":"2025-08-04T23:16:19","modified_gmt":"2025-08-04T21:16:19","slug":"dekorative-schale","status":"publish","type":"product","link":"https:\/\/forzini.com\/de\/producto\/dekorative-schale\/","title":{"rendered":"Dekorative schale &#8211; schwarze Marmorschale"},"content":{"rendered":"<h2>Dekorative schale &#8222;Fontus B&#8220;<\/h2>\n<p>Diese dekorative Schale aus schwarzem Marmor ist ein wahres handgefertigtes Kunstwerk, sorgf\u00e4ltig aus dem seltenen und au\u00dfergew\u00f6hnlichen Marmor Golden Cascadgemei\u00dfelt. Ihr anspruchsvolles und exklusives Design wertet jeden Raum auf und verleiht ihm eine Note von Eleganz, die guten Geschmack und eine raffinierte Pers\u00f6nlichkeit widerspiegelt.<\/p>\n<p>Der Cascada Dorada-Marmor bietet einen faszinierenden Kontrast aus tiefem Schokoladenbraun, goldenen Karamellt\u00f6nen und wei\u00dfen Adern, die eine unvergleichliche nat\u00fcrliche Sch\u00f6nheit hervorrufen und diese Schale zu einem beeindruckenden dekorativen Element machen.<\/p>\n<p>Die Vielseitigkeit dieser Marmor-Schale erm\u00f6glicht zahlreiche Einsatzm\u00f6glichkeiten im Zuhause: Sie kann als Kerzenhalter, dekorative Schale f\u00fcr Pralinen oder als Ablage f\u00fcr kleine Utensilien im Badezimmer dienen. Auf Veranstaltungstischen oder bei Zusammenk\u00fcnften zieht sie mit ihrem exquisiten Design alle Blicke auf sich. Ihre Pr\u00e4senz vereint Eleganz und Funktionalit\u00e4t und macht sie zu einem unverzichtbaren Accessoire f\u00fcr alle, die ihre Einrichtung mit einem Hauch von Luxus und Exklusivit\u00e4t bereichern m\u00f6chten.<\/p>\n<p>Golden Cascad Marmor &#8211; Dieser au\u00dfergew\u00f6hnliche Marmor ist eine Symphonie der Kontraste, in der das tiefe, geheimnisvolle Schwarz von einem Tanz aus wei\u00dfen, karamellfarbenen, r\u00f6tlichen, goldenen und braunen Adern erhellt wird. Jedes St\u00fcck erz\u00e4hlt eine Geschichte geologischer Kunst \u2013 eine Leinwand, auf der die Natur ihr opulentestes Design geschaffen hat.<\/p>\n<p>&nbsp;<\/p>\n<p><a href=\"https:\/\/forzini.com\/de\/materialien\/\" target=\"_blank\" rel=\"noopener\">Erfahren Sie mehr \u00fcber unsere Kollektion von Marmor und Onyx \u00fcber diesen Link: <\/a><a href=\"https:\/\/forzini.com\/de\/materialien\/\" target=\"_blank\" rel=\"noopener\">Materialien<\/a><\/p>\n","protected":false},"excerpt":{"rendered":"<h1>Dekorative schale<\/h1>\n<p>Aus schwarzem Marmor ist dieses dekorative St\u00fcck ideal, um jeden Raum aufzuwerten. Der seltene und kostbare Goldwasserfall-Marmor mit seiner Mischung aus dunklen T\u00f6nen, goldenen Reflexen und zarten wei\u00dfen Adern verleiht ihm ein einzigartiges und anspruchsvolles Aussehen.<\/p>\n<p>Perfekt f\u00fcr vielseitige Anwendungen \u2013 kann als Kerzenhalter, Accessoire-Schale, Obstschale oder Tischdekoration verwendet werden. Mit seinem raffinierten Design ist diese Schale ein unverzichtbares Dekorationselement f\u00fcr alle, die ihrem Zuhause Stil und Eleganz verleihen m\u00f6chten.<\/p>\n<p>&nbsp;<\/p>\n","protected":false},"featured_media":14145,"comment_status":"closed","ping_status":"closed","template":"","meta":{"_acf_changed":false,"_joinchat":[]},"product_brand":[],"product_cat":[260,388],"product_tag":[264],"class_list":{"0":"post-12723","1":"product","2":"type-product","3":"status-publish","4":"has-post-thumbnail","6":"product_cat-accessoires-de","7":"product_cat-wohndekoration","8":"product_tag-marmor","10":"first","11":"instock","12":"sale","13":"featured","14":"shipping-taxable","15":"purchasable","16":"product-type-simple"},"acf":[],"_links":{"self":[{"href":"https:\/\/forzini.com\/de\/wp-json\/wp\/v2\/product\/12723","targetHints":{"allow":["GET"]}}],"collection":[{"href":"https:\/\/forzini.com\/de\/wp-json\/wp\/v2\/product"}],"about":[{"href":"https:\/\/forzini.com\/de\/wp-json\/wp\/v2\/types\/product"}],"replies":[{"embeddable":true,"href":"https:\/\/forzini.com\/de\/wp-json\/wp\/v2\/comments?post=12723"}],"version-history":[{"count":0,"href":"https:\/\/forzini.com\/de\/wp-json\/wp\/v2\/product\/12723\/revisions"}],"wp:featuredmedia":[{"embeddable":true,"href":"https:\/\/forzini.com\/de\/wp-json\/wp\/v2\/media\/14145"}],"wp:attachment":[{"href":"https:\/\/forzini.com\/de\/wp-json\/wp\/v2\/media?parent=12723"}],"wp:term":[{"taxonomy":"product_brand","embeddable":true,"href":"https:\/\/forzini.com\/de\/wp-json\/wp\/v2\/product_brand?post=12723"},{"taxonomy":"product_cat","embeddable":true,"href":"https:\/\/forzini.com\/de\/wp-json\/wp\/v2\/product_cat?post=12723"},{"taxonomy":"product_tag","embeddable":true,"href":"https:\/\/forzini.com\/de\/wp-json\/wp\/v2\/product_tag?post=12723"}],"curies":[{"name":"wp","href":"https:\/\/api.w.org\/{rel}","templated":true}]}}