{"id":12645,"date":"2024-04-05T10:53:04","date_gmt":"2024-04-05T08:53:04","guid":{"rendered":"https:\/\/forzini.com\/producto\/candelabro-marmol-selene\/"},"modified":"2025-08-30T16:29:55","modified_gmt":"2025-08-30T14:29:55","slug":"design-kerzenstaender-selene","status":"publish","type":"product","link":"https:\/\/forzini.com\/de\/producto\/design-kerzenstaender-selene\/","title":{"rendered":"Design kerzenst\u00e4nder &#8211; Moderne tischdeko"},"content":{"rendered":"<h2>D<span class=\"keyword _ngcontent-kzy-117\" aria-hidden=\"false\">esign kerzenst\u00e4nder<\/span> &#8222;Selene&#8220;<\/h2>\n<p>Dieser Design Kerzenst\u00e4nder aus wei\u00dfem Marmor ist ein wahres Kunstwerk. Jedes St\u00fcck wurde von unseren erfahrenen Handwerksk\u00fcnstlern sorgf\u00e4ltig geschnitzt und von Hand poliert, um eine unvergleichliche Qualit\u00e4t und Detailgenauigkeit zu gew\u00e4hrleisten. Der Marmor, mit seinen einzigartigen Maserungen und seiner sanften Textur, verleiht jedem Raum einen Hauch von Luxus und Eleganz. Das anspruchsvolle und zeitlose Design dieses Kerzenst\u00e4nders macht ihn zu einem dekorativen Element, das f\u00fcr sich allein hervorsticht.<\/p>\n<p>Sein innovatives dreistufiges Design, bei dem eine Ebene \u00fcber der anderen liegt, ist eine frische Idee, die in jeder Umgebung auff\u00e4llt und eine besondere Atmosph\u00e4re schafft, die ein Zuhause wirklich einzigartig macht. Stellen Sie sich vor, wie die sanfte Kerzenbeleuchtung die Sch\u00f6nheit dieses exquisiten Design-Kerzenst\u00e4nders unterstreicht und eine entspannte und angenehme Umgebung schafft.<\/p>\n<p>Dieser Kerzenst\u00e4nder erf\u00fcllt nicht nur seine praktische Funktion als Kerzenhalter, sondern bringt auch eine Atmosph\u00e4re von Raffinesse und W\u00e4rme in den Raum. Er ist ideal, um eine intime und angenehme Stimmung bei Abendessen, Zusammenk\u00fcnften oder besonderen Anl\u00e4ssen zu schaffen. Dar\u00fcber hinaus sorgen sein elegantes Design und das hochwertige Material daf\u00fcr, dass er eine langlebige und gesch\u00e4tzte Dekoration f\u00fcr viele Jahre bleibt. Dieser Kerzenst\u00e4nder ist perfekt f\u00fcr diejenigen, die eine Kombination aus Funktionalit\u00e4t und Stil suchen. Er ist ein ideales Geschenk f\u00fcr besondere Anl\u00e4sse und vermittelt eine Botschaft von gutem Geschmack und Wertsch\u00e4tzung f\u00fcr nat\u00fcrliche Sch\u00f6nheit.<\/p>\n<p>Unser Tipp: Dieser Kerzenst\u00e4nder l\u00e4sst sich perfekt mit unserer Marmorschale &#8222;<a href=\"https:\/\/forzini.com\/de\/producto\/schale-marmor-weiss\/\" target=\"_blank\" rel=\"noopener\">Bacchus<\/a>&#8220; kombinieren.<\/p>\n<p>Snow Leopard Marmor &#8211; Ein wei\u00dfer Farbton mit subtilen grauen Nuancen und Maserungen. Dieser au\u00dfergew\u00f6hnliche und edle Marmor wird in kleinen Mengen aus einer bestimmten Region gewonnen. Er ist besonders gesch\u00e4tzt f\u00fcr seine speziellen und gleichm\u00e4\u00dfigen Maserungen, die ein einzigartiges, an Tiermuster erinnerndes Design erzeugen.<\/p>\n<p>&nbsp;<\/p>\n<p><a href=\"https:\/\/forzini.com\/de\/materialien\/\" target=\"_blank\" rel=\"noopener\">Erfahren Sie mehr \u00fcber unsere Kollektion von Marmor und Onyx \u00fcber diesen Link: <\/a><a href=\"https:\/\/forzini.com\/de\/materialien\/\" target=\"_blank\" rel=\"noopener\">Materialien<\/a><\/p>\n","protected":false},"excerpt":{"rendered":"<h1><span class=\"keyword _ngcontent-kzy-117\" aria-hidden=\"false\">Design kerzenst\u00e4nder<\/span><\/h1>\n<p>aus Marmor mit seinem markanten geometrischen Design wird er zu einem beeindruckenden Blickfang in jeder Einrichtung. Erh\u00e4ltlich in wundersch\u00f6nem wei\u00dfen Marmor, bietet dieses St\u00fcck eine dekorative Vielseitigkeit, die sich an verschiedene Stile und Vorlieben anpasst \u2013 egal, ob Sie eine minimalistische \u00c4sthetik oder eine luxuri\u00f6sere Atmosph\u00e4re suchen. Es ist der perfekte Begleiter, um den einzigartigen Stil Ihres Hauses zu unterstreichen.<\/p>\n<h2>Ma\u00dfe: H\u00f6he 20 cm<\/h2>\n","protected":false},"featured_media":14828,"comment_status":"closed","ping_status":"closed","template":"","meta":{"_acf_changed":false,"_joinchat":[]},"product_brand":[],"product_cat":[260,388],"product_tag":[264],"class_list":{"0":"post-12645","1":"product","2":"type-product","3":"status-publish","4":"has-post-thumbnail","6":"product_cat-accessoires-de","7":"product_cat-wohndekoration","8":"product_tag-marmor","10":"first","11":"instock","12":"sale","13":"featured","14":"shipping-taxable","15":"purchasable","16":"product-type-simple"},"acf":[],"_links":{"self":[{"href":"https:\/\/forzini.com\/de\/wp-json\/wp\/v2\/product\/12645","targetHints":{"allow":["GET"]}}],"collection":[{"href":"https:\/\/forzini.com\/de\/wp-json\/wp\/v2\/product"}],"about":[{"href":"https:\/\/forzini.com\/de\/wp-json\/wp\/v2\/types\/product"}],"replies":[{"embeddable":true,"href":"https:\/\/forzini.com\/de\/wp-json\/wp\/v2\/comments?post=12645"}],"version-history":[{"count":0,"href":"https:\/\/forzini.com\/de\/wp-json\/wp\/v2\/product\/12645\/revisions"}],"wp:featuredmedia":[{"embeddable":true,"href":"https:\/\/forzini.com\/de\/wp-json\/wp\/v2\/media\/14828"}],"wp:attachment":[{"href":"https:\/\/forzini.com\/de\/wp-json\/wp\/v2\/media?parent=12645"}],"wp:term":[{"taxonomy":"product_brand","embeddable":true,"href":"https:\/\/forzini.com\/de\/wp-json\/wp\/v2\/product_brand?post=12645"},{"taxonomy":"product_cat","embeddable":true,"href":"https:\/\/forzini.com\/de\/wp-json\/wp\/v2\/product_cat?post=12645"},{"taxonomy":"product_tag","embeddable":true,"href":"https:\/\/forzini.com\/de\/wp-json\/wp\/v2\/product_tag?post=12645"}],"curies":[{"name":"wp","href":"https:\/\/api.w.org\/{rel}","templated":true}]}}