{"id":12575,"date":"2024-08-09T17:44:19","date_gmt":"2024-08-09T15:44:19","guid":{"rendered":"https:\/\/forzini.com\/producto\/reloj-cuadrado-de-pared-cronus\/"},"modified":"2025-05-10T18:15:45","modified_gmt":"2025-05-10T16:15:45","slug":"quadratische-wanduhr-cronus","status":"publish","type":"product","link":"https:\/\/forzini.com\/de\/producto\/quadratische-wanduhr-cronus\/","title":{"rendered":"Quadratische wanduhr Cronus"},"content":{"rendered":"<h1>Quadratische wanduhr &#8222;Cronus&#8220;<\/h1>\n<p>Unsere elegante quadratische Wanduhr Handgefertigt aus kostbarem und authentischem braunem Onyx, ist sie eine perfekte Fusion aus Funktionalit\u00e4t und Kunst, die Ihrem Zuhause oder B\u00fcro einen Hauch von Raffinesse verleiht. Jede gro\u00dfe quadratische Wanduhr besteht aus Onyx mit einem einzigartigen Muster und Farbvariationen, die garantieren, dass jedes St\u00fcck exklusiv ist.<\/p>\n<p>Das quadratische Design dieser Wanduhr ist ideal f\u00fcr diejenigen, die in ihrer Einrichtung einen markanten Blickfang suchen. Ihre geometrische Form verbessert nicht nur die Sichtbarkeit und Lesbarkeit, sondern verleiht auch einen modernen und edlen Touch. Die polierte Oberfl\u00e4che des Onyx, mit seinen einzigartigen Maserungen und einem Kaleidoskop subtiler Farbt\u00f6ne, macht diese moderne Designer-Wanduhr zu einem dekorativen Schmuckst\u00fcck.<\/p>\n<p>Perfekt f\u00fcr jeden Einrichtungsstil \u2013 ob minimalistisch, rustikal oder modern \u2013 erg\u00e4nzt diese quadratische Uhr jedes Interieur perfekt. Sie eignet sich ideal f\u00fcr die Wand im Wohnzimmer, in der K\u00fcche, im B\u00fcro, im Fitnessraum, im Eingangsbereich oder jedem Raum, in dem Sie ein stilvolles St\u00fcck platzieren m\u00f6chten, das durch seine Sch\u00f6nheit besticht. Dieses luxuri\u00f6se Dekorationselement schafft eine elegante Atmosph\u00e4re und spiegelt Pers\u00f6nlichkeit und guten Geschmack wider.<\/p>\n<p>Dar\u00fcber hinaus ist diese quadratische Wanduhr eine ausgezeichnete Geschenkoption f\u00fcr jeden Anlass \u2013 sei es eine Hauseinweihung, ein Geburtstag oder ein Firmengeschenk. Ihr edles Erscheinungsbild und ihre Exklusivit\u00e4t machen sie zu einem unvergesslichen Geschenk, das \u00fcber die Jahre hinweg gesch\u00e4tzt wird und jeden Moment einzigartig macht.<\/p>\n<p><strong>Unser Tipp: <\/strong>Diese originelle Wanduhr l\u00e4sst sich perfekt mit unserem <strong>Marmor-Kerzenhalter &#8222;Selene&#8220;<\/strong> kombinieren.<\/p>\n<p>Brauner Toffee Onyx &#8211; Dieser exquisite Stein zeigt eine erstaunliche Vielfalt an Farbt\u00f6nen \u2013 von dunklem bis hellem Braun, \u00fcber Mokka und tiefes Schokoladenbraun bis hin zu Wei\u00df, durchzogen von Gr\u00fcn und goldgelben Akzenten. Alle diese Farben formen geheimnisvolle Maserungen auf seiner Oberfl\u00e4che. Obwohl diese Onyx-Variante aufgrund ihrer lebendigen Nuancen weniger transluzent sein kann, besticht sie durch ihre einzigartige, ausdrucksstarke und auff\u00e4llige Farbgebung, die Innenr\u00e4ume mit der Pracht bereichert, die nur echter Onyx bieten kann.<\/p>\n<p>Wussten Sie schon? Brauner Toffee-Onyx geh\u00f6rt zu den faszinierendsten und seltensten Steinen der Welt. Sein Name stammt von seinen warmen Braunt\u00f6nen und den Maserungen, die an k\u00f6stliches Karamell-Toffee erinnern. Eine der interessantesten Fakten \u00fcber diesen Stein ist seine Verwendung in der antiken Architektur. Im alten Persien war er hochgesch\u00e4tzt und wurde zur Dekoration von Pal\u00e4sten und Tempeln verwendet. Persische Handwerker sch\u00e4tzten seine Haltbarkeit und seine F\u00e4higkeit, auf Hochglanz poliert zu werden.<\/p>\n<p>Noch heute sind einige dieser historischen Geb\u00e4ude mit Onyx-Details erhalten \u2013 ein Zeugnis f\u00fcr die Best\u00e4ndigkeit und Sch\u00f6nheit dieses Steins. Eine weitere Besonderheit ist, dass brauner Toffee-Onyx sein Erscheinungsbild je nach Lichtquelle ver\u00e4ndert. Unter nat\u00fcrlichem Licht wirken seine Braunt\u00f6ne und karamellisierten Maserungen sanfter, w\u00e4hrend sie unter k\u00fcnstlichem Licht intensiver erscheinen und r\u00f6tliche sowie cognacfarbene Nuancen zeigen \u2013 ein faszinierendes visuelles Spektakel.<\/p>\n<p>Diese Eigenschaft macht jedes St\u00fcck braunen Toffee-Onyx zu einem hochdekorativen Element mit einer einzigartigen Pers\u00f6nlichkeit und einem Hauch von Geheimnis und Charme. Zudem wird diesem Stein eine besondere Verbindung zur Erdenergie nachgesagt. Man glaubt, dass er hilft, Energien auszugleichen und ein Gef\u00fchl von Stabilit\u00e4t und Sicherheit zu vermitteln. In der Feng-Shui-Praxis wird er verwendet, um positive Energien anzuziehen und eine harmonische Atmosph\u00e4re im Zuhause zu schaffen.<\/p>\n<p>&nbsp;<\/p>\n<p><a href=\"https:\/\/forzini.com\/de\/materialien\/\" target=\"_blank\" rel=\"noopener\">Erfahren Sie mehr \u00fcber unsere Kollektion von Marmor und Onyx \u00fcber diesen Link: <\/a><a href=\"https:\/\/forzini.com\/de\/materialien\/\" target=\"_blank\" rel=\"noopener\">Materialien<\/a><\/p>\n","protected":false},"excerpt":{"rendered":"<h2>Quadratische wanduhr<\/h2>\n<p>aus braunem Onyx, handgefertigt \u2013 eine dekorative und zugleich funktionale Uhr. Unsere modernen, originellen Wanduhren werden aus nat\u00fcrlichem Onyx handgefertigt und besitzen absolut einzigartige Maserungen und Muster. Die gro\u00dfe Gr\u00f6\u00dfe dieser quadratischen Wanduhr ist ideal f\u00fcr R\u00e4ume, die einen stilvollen und charaktervollen Blickfang ben\u00f6tigen. Ihre Form verbessert die Sichtbarkeit und Lesbarkeit, w\u00e4hrend sie eine minimalistische \u00c4sthetik bewahrt. F\u00fcr diejenigen, die ein besonderes und unvergessliches Geschenk suchen, ist diese Onyx-Uhr eine ausgezeichnete Wahl. Ihr exklusives Design und ihre Raffinesse machen sie zu einem Geschenk, das \u00fcber viele Jahre hinweg gesch\u00e4tzt und bewundert wird.<\/p>\n","protected":false},"featured_media":14762,"comment_status":"closed","ping_status":"closed","template":"","meta":{"_acf_changed":false,"_joinchat":[]},"product_brand":[],"product_cat":[260,388],"product_tag":[265],"class_list":{"0":"post-12575","1":"product","2":"type-product","3":"status-publish","4":"has-post-thumbnail","6":"product_cat-accessoires-de","7":"product_cat-wohndekoration","8":"product_tag-onyx-de","10":"first","11":"instock","12":"sale","13":"featured","14":"shipping-taxable","15":"purchasable","16":"product-type-simple"},"acf":[],"_links":{"self":[{"href":"https:\/\/forzini.com\/de\/wp-json\/wp\/v2\/product\/12575","targetHints":{"allow":["GET"]}}],"collection":[{"href":"https:\/\/forzini.com\/de\/wp-json\/wp\/v2\/product"}],"about":[{"href":"https:\/\/forzini.com\/de\/wp-json\/wp\/v2\/types\/product"}],"replies":[{"embeddable":true,"href":"https:\/\/forzini.com\/de\/wp-json\/wp\/v2\/comments?post=12575"}],"version-history":[{"count":0,"href":"https:\/\/forzini.com\/de\/wp-json\/wp\/v2\/product\/12575\/revisions"}],"wp:featuredmedia":[{"embeddable":true,"href":"https:\/\/forzini.com\/de\/wp-json\/wp\/v2\/media\/14762"}],"wp:attachment":[{"href":"https:\/\/forzini.com\/de\/wp-json\/wp\/v2\/media?parent=12575"}],"wp:term":[{"taxonomy":"product_brand","embeddable":true,"href":"https:\/\/forzini.com\/de\/wp-json\/wp\/v2\/product_brand?post=12575"},{"taxonomy":"product_cat","embeddable":true,"href":"https:\/\/forzini.com\/de\/wp-json\/wp\/v2\/product_cat?post=12575"},{"taxonomy":"product_tag","embeddable":true,"href":"https:\/\/forzini.com\/de\/wp-json\/wp\/v2\/product_tag?post=12575"}],"curies":[{"name":"wp","href":"https:\/\/api.w.org\/{rel}","templated":true}]}}