{"id":12556,"date":"2024-11-10T13:42:34","date_gmt":"2024-11-10T12:42:34","guid":{"rendered":"https:\/\/forzini.com\/producto\/reloj-de-pared-de-onix\/"},"modified":"2025-09-30T09:56:56","modified_gmt":"2025-09-30T07:56:56","slug":"runde-moderne-wanduhr","status":"publish","type":"product","link":"https:\/\/forzini.com\/de\/producto\/runde-moderne-wanduhr\/","title":{"rendered":"Runde moderne Wanduhr \u2013 Minimalistisches Design"},"content":{"rendered":"<h2>Runde moderne Wanduhr &#8222;Hera B&#8220;<\/h2>\n<p>Diese beeindruckende runde moderne Wanduhr aus Onyx ist die perfekte Kombination aus nat\u00fcrlicher Sch\u00f6nheit und modernem Design \u2013 ideal, um Innenr\u00e4umen mit zeitgem\u00e4\u00dfem Stil eine besondere Note zu verleihen. Jeder einzelne Zeitmesser ist ein Unikat, mit nat\u00fcrlichen Maserungen und Farbvariationen, die ihn zu einem auff\u00e4lligen Dekorationsst\u00fcck machen. Die runde Form dieser Uhr erg\u00e4nzt minimalistische und moderne R\u00e4ume und schafft einen markanten Blickfang an jeder Wand.<\/p>\n<p>Die glatte Oberfl\u00e4che und das raffinierte Finish des Onyx verleihen einen Hauch von Luxus, w\u00e4hrend die warmen, erdigen Farbt\u00f6ne eine beruhigende und nat\u00fcrliche Sch\u00f6nheit in Ihr Zuhause bringen. Diese Onyx-Wanduhr ist nicht nur ein funktionaler Zeitmesser, sondern auch ein Kunstwerk, das das Ambiente von Wohnzimmern, B\u00fcros oder Schlafzimmern aufwertet. Ihr hochwertiges, ger\u00e4uschloses Quarzwerk sorgt f\u00fcr pr\u00e4zise Zeitmessung ohne st\u00f6rendes Ticken, sodass Sie Stil hinzuf\u00fcgen k\u00f6nnen, ohne die Ruhe Ihres Raumes zu beeintr\u00e4chtigen.<\/p>\n<p>Perfekt f\u00fcr alle, die einzigartige und nat\u00fcrliche Dekorationen sch\u00e4tzen \u2013 diese Onyx-Wanduhr ist ein hervorragendes Geschenk zur Hauseinweihung oder f\u00fcr besondere Anl\u00e4sse. Ihr zeitloses Design und ihre nat\u00fcrliche Eleganz machen sie zu einem unverzichtbaren Accessoire f\u00fcr alle, die ihr Zuhause mit einem Hauch von Raffinesse bereichern m\u00f6chten.<\/p>\n<p><strong>Unser Tipp: <\/strong>Diese moderne Designer-Wanduhr l\u00e4sst sich perfekt mit unserem dekorativen Marmor-Kettenobjekt <strong>&#8222;<a href=\"https:\/\/forzini.com\/de\/producto\/skulptur-aus-marmor-rhea\/\" target=\"_blank\" rel=\"noopener\">Rhea<\/a>&#8222;<\/strong> kombinieren.<\/p>\n<p>Marr\u00f3n Toffee Onyx: Der exquisite Stein zeigt eine faszinierende Vielfalt an Farbt\u00f6nen \u2013 von dunklem bis hellem Braun, \u00fcber Mokka und tiefes Schokoladenbraun bis hin zu Wei\u00df, durchzogen von Gr\u00fcn und goldgelben Akzenten. Alle diese Farben formen geheimnisvolle Maserungen auf seiner Oberfl\u00e4che. Obwohl diese Onyx-Variante aufgrund ihrer lebendigen Nuancen weniger transluzent sein kann, besticht sie durch ihre einzigartige, ausdrucksstarke und auff\u00e4llige Farbgebung, die Innenr\u00e4ume mit der Pracht bereichert, die nur echter Onyx bieten kann.<\/p>\n<p><a href=\"https:\/\/forzini.com\/de\/materialien\/\" target=\"_blank\" rel=\"noopener\">Erfahren Sie mehr \u00fcber unsere Kollektion von Marmor und Onyx \u00fcber diesen Link: <\/a><a href=\"https:\/\/forzini.com\/de\/materialien\/\" target=\"_blank\" rel=\"noopener\">Materialien<\/a><\/p>\n","protected":false},"excerpt":{"rendered":"<h1>Runde moderne Wanduhr<\/h1>\n<p>Aus braunem Onyx, diese runde Wanduhr \u00d8 35 cm vereint nat\u00fcrliche Sch\u00f6nheit mit elegantem, modernem Design. Ihre einzigartige Maserung und erdigen Farbt\u00f6ne machen sie zu einem perfekten Akzentst\u00fcck f\u00fcr zeitgen\u00f6ssische Innenr\u00e4ume und verleihen jedem Raum Funktionalit\u00e4t und Stil.<\/p>\n<h2>Ma\u00dfe: Durchmesser 35 cm<\/h2>\n","protected":false},"featured_media":14734,"comment_status":"closed","ping_status":"closed","template":"","meta":{"_acf_changed":false,"_joinchat":[]},"product_brand":[],"product_cat":[260,388],"product_tag":[265],"class_list":{"0":"post-12556","1":"product","2":"type-product","3":"status-publish","4":"has-post-thumbnail","6":"product_cat-accessoires-de","7":"product_cat-wohndekoration","8":"product_tag-onyx-de","10":"first","11":"instock","12":"sale","13":"featured","14":"shipping-taxable","15":"purchasable","16":"product-type-simple"},"acf":[],"_links":{"self":[{"href":"https:\/\/forzini.com\/de\/wp-json\/wp\/v2\/product\/12556","targetHints":{"allow":["GET"]}}],"collection":[{"href":"https:\/\/forzini.com\/de\/wp-json\/wp\/v2\/product"}],"about":[{"href":"https:\/\/forzini.com\/de\/wp-json\/wp\/v2\/types\/product"}],"replies":[{"embeddable":true,"href":"https:\/\/forzini.com\/de\/wp-json\/wp\/v2\/comments?post=12556"}],"version-history":[{"count":0,"href":"https:\/\/forzini.com\/de\/wp-json\/wp\/v2\/product\/12556\/revisions"}],"wp:featuredmedia":[{"embeddable":true,"href":"https:\/\/forzini.com\/de\/wp-json\/wp\/v2\/media\/14734"}],"wp:attachment":[{"href":"https:\/\/forzini.com\/de\/wp-json\/wp\/v2\/media?parent=12556"}],"wp:term":[{"taxonomy":"product_brand","embeddable":true,"href":"https:\/\/forzini.com\/de\/wp-json\/wp\/v2\/product_brand?post=12556"},{"taxonomy":"product_cat","embeddable":true,"href":"https:\/\/forzini.com\/de\/wp-json\/wp\/v2\/product_cat?post=12556"},{"taxonomy":"product_tag","embeddable":true,"href":"https:\/\/forzini.com\/de\/wp-json\/wp\/v2\/product_tag?post=12556"}],"curies":[{"name":"wp","href":"https:\/\/api.w.org\/{rel}","templated":true}]}}