{"id":12552,"date":"2024-11-11T09:25:13","date_gmt":"2024-11-11T08:25:13","guid":{"rendered":"https:\/\/forzini.com\/producto\/moderne-wanduhr-50x50-cm\/"},"modified":"2025-08-26T23:16:08","modified_gmt":"2025-08-26T21:16:08","slug":"moderne-wanduhr-50x50-cm","status":"publish","type":"product","link":"https:\/\/forzini.com\/de\/producto\/moderne-wanduhr-50x50-cm\/","title":{"rendered":"Moderne Designer wanduhr 50&#215;50 cm"},"content":{"rendered":"<h2>Moderne wanduhr 50&#215;50 cm &#8222;Cronus L&#8220;<\/h2>\n<p>Diese exquisite moderne Wanduhr 50&#215;50 cm aus Onyx Marmor ist ein einzigartiges St\u00fcck f\u00fcr Liebhaber minimalistischer und luxuri\u00f6ser Dekoration. Handgefertigt aus einzigartigem hellgr\u00fcnem Onyx mit feinen und subtilen Variationen, verf\u00fcgt jede Uhr \u00fcber nat\u00fcrliche Maserungen und sanfte Farbt\u00f6ne, die jedem Raum einen Hauch von Eleganz verleihen.<\/p>\n<p>Ihre quadratische Form und eleganten Linien machen sie ideal f\u00fcr moderne R\u00e4ume, da sie Raffinesse hinzuf\u00fcgt, ohne die Einrichtung zu \u00fcberladen.<\/p>\n<p>Der hellgr\u00fcne Onyxstein mit seinen sanften Mustern und Farbt\u00f6nen erzeugt eine beruhigende Wirkung, wodurch diese Marmor-Wanduhr perfekt f\u00fcr Wohnzimmer, Schlafzimmer, B\u00fcros oder Eingangsbereiche ist. Das minimalistische Design der Uhr hebt die nat\u00fcrliche Sch\u00f6nheit des Steins hervor und macht sie sowohl zu einer funktionalen Uhr als auch zu einem Kunstwerk.<\/p>\n<p>Mit einem hochwertigen, ger\u00e4uschlosen Quarzwerk garantiert diese Marmor-Wanduhr eine pr\u00e4zise Zeitmessung ohne st\u00f6rende Ger\u00e4usche und schafft eine ruhige Atmosph\u00e4re in Ihrem Raum. Die Kombination aus quadratischer Form, dezentem Stil und exklusiver gr\u00fcner Onyx-Oberfl\u00e4che macht diese Uhr zu einem idealen Geschenk f\u00fcr diejenigen, die elegante und moderne Dekoration sch\u00e4tzen.<\/p>\n<p>Ein wahrhaft zeitloses Accessoire, das jedes Interieur mit einem subtilen Luxus bereichert, den nur Naturstein bieten kann.<\/p>\n<p><strong>Unser Tipp:<\/strong> Diese <strong>originelle Wanduhr<\/strong> l\u00e4sst sich perfekt mit unserem <strong>Marmor-Kerzenhalter &#8222;<\/strong><a href=\"https:\/\/forzini.com\/de\/producto\/design-kerzenstaender-selene\/\" target=\"_blank\" rel=\"noopener\">Selene<\/a><strong>&#8222;<\/strong> kombinieren.<\/p>\n<p>Galaxy Gr\u00fcner Onyx: Ein hellgr\u00fcner Hintergrund, wundersch\u00f6n akzentuiert durch wei\u00dfe Wellen, durchzogen von bronzefarbenen, erdigen goldbraunen und r\u00f6tlichen Adern. Diese exklusive und hochtransluzente Onyx-Variante wird nur in sehr begrenzten Mengen abgebaut.<\/p>\n<p>&nbsp;<\/p>\n<p><a href=\"https:\/\/forzini.com\/de\/materialien\/\" target=\"_blank\" rel=\"noopener\">Erfahren Sie mehr \u00fcber unsere Kollektion von Marmor und Onyx \u00fcber diesen Link: <\/a><a href=\"https:\/\/forzini.com\/de\/materialien\/\" target=\"_blank\" rel=\"noopener\">Materialien<\/a><\/p>\n","protected":false},"excerpt":{"rendered":"<h1>Moderne Designer-Wanduhr 50&#215;50 cm<\/h1>\n<p>Diese exklusive quadratische Wanduhr aus gr\u00fcnem Onyx-Marmor bietet ein raffiniertes, minimalistisches Design. Ihre nat\u00fcrliche Maserung und hellen T\u00f6ne machen sie zum perfekten Akzent f\u00fcr moderne R\u00e4ume und verbinden Funktionalit\u00e4t mit dezenter Eleganz.<\/p>\n","protected":false},"featured_media":14787,"comment_status":"closed","ping_status":"closed","template":"","meta":{"_acf_changed":false,"_joinchat":[]},"product_brand":[],"product_cat":[260,388],"product_tag":[265],"class_list":{"0":"post-12552","1":"product","2":"type-product","3":"status-publish","4":"has-post-thumbnail","6":"product_cat-accessoires-de","7":"product_cat-wohndekoration","8":"product_tag-onyx-de","10":"first","11":"instock","12":"sale","13":"featured","14":"shipping-taxable","15":"purchasable","16":"product-type-simple"},"acf":[],"_links":{"self":[{"href":"https:\/\/forzini.com\/de\/wp-json\/wp\/v2\/product\/12552","targetHints":{"allow":["GET"]}}],"collection":[{"href":"https:\/\/forzini.com\/de\/wp-json\/wp\/v2\/product"}],"about":[{"href":"https:\/\/forzini.com\/de\/wp-json\/wp\/v2\/types\/product"}],"replies":[{"embeddable":true,"href":"https:\/\/forzini.com\/de\/wp-json\/wp\/v2\/comments?post=12552"}],"version-history":[{"count":0,"href":"https:\/\/forzini.com\/de\/wp-json\/wp\/v2\/product\/12552\/revisions"}],"wp:featuredmedia":[{"embeddable":true,"href":"https:\/\/forzini.com\/de\/wp-json\/wp\/v2\/media\/14787"}],"wp:attachment":[{"href":"https:\/\/forzini.com\/de\/wp-json\/wp\/v2\/media?parent=12552"}],"wp:term":[{"taxonomy":"product_brand","embeddable":true,"href":"https:\/\/forzini.com\/de\/wp-json\/wp\/v2\/product_brand?post=12552"},{"taxonomy":"product_cat","embeddable":true,"href":"https:\/\/forzini.com\/de\/wp-json\/wp\/v2\/product_cat?post=12552"},{"taxonomy":"product_tag","embeddable":true,"href":"https:\/\/forzini.com\/de\/wp-json\/wp\/v2\/product_tag?post=12552"}],"curies":[{"name":"wp","href":"https:\/\/api.w.org\/{rel}","templated":true}]}}