{"id":12514,"date":"2024-07-05T13:06:57","date_gmt":"2024-07-05T11:06:57","guid":{"rendered":"https:\/\/forzini.com\/producto\/mancuernas-de-marmol-apolo-s\/"},"modified":"2025-11-30T19:12:53","modified_gmt":"2025-11-30T18:12:53","slug":"hantel-set-frauen-1-kg","status":"publish","type":"product","link":"https:\/\/forzini.com\/de\/producto\/hantel-set-frauen-1-kg\/","title":{"rendered":"Hantel set frauen 1 kg &#8211; Kleine Hanteln"},"content":{"rendered":"<h2>Hantel set frauen 1 kg &#8222;Apolo&#8220;<\/h2>\n<p>Dieses Hantel-Set f\u00fcr Frauen 1 kg aus wei\u00dfem Marmor mit originellem und innovativem Design ist die perfekte Erg\u00e4nzung f\u00fcr jedes Fitnessstudio. Jedes Jahr werden nur wenige St\u00fccke handgefertigt, wodurch sie zu echten Unikaten werden. Mit ihren sanften, ergonomischen Formen verleihen diese Hanteln jedem Raum eine besondere Note und Klasse.<\/p>\n<p>Die \u00e4sthetischen Linien und das besondere Design dieser Hanteln lassen sie hervorstechen. Die sanften Kurven und die raffinierten Konturen sind nicht nur optisch ansprechend, sondern bieten auch ein angenehmes taktiles Erlebnis. Der verwendete Marmor ist von au\u00dfergew\u00f6hnlicher Sch\u00f6nheit: wei\u00dfer Marmor mit zarten grauen Mustern.<\/p>\n<p>Jede Hantel wiegt 1 kg, und dieses Set ist ein gro\u00dfartiges Geschenk f\u00fcr Sportliebhaber, die etwas sehr Exklusives, Luxuri\u00f6ses und Besonderes f\u00fcr ihr Fitnessstudio suchen. Ihr elegantes Design und der edle Marmor machen sie zu einem echten Blickfang und einem dekorativen Element, das jede Umgebung aufwertet.<\/p>\n<p>Jedes Detail wurde sorgf\u00e4ltig von Hand gefertigt, um \u00c4sthetik und Funktionalit\u00e4t zu vereinen \u2013 diese Marmorhanteln sind ein au\u00dfergew\u00f6hnliches Kunstwerk.<\/p>\n<p><strong>Unser Tipp:<\/strong> Diese <strong>Marmorhanteln<\/strong> lassen sich perfekt mit unserer <strong>Marmor-Kettlebell &#8222;Virtus S&#8220;<\/strong> kombinieren.<\/p>\n<p>Snow Leopard Marmor \u2013 wei\u00df mit subtilen grauen T\u00f6nen und Maserung. Dieser au\u00dfergew\u00f6hnliche und edle Marmor wird in kleinen Mengen aus einer bestimmten Region gewonnen. Er ist besonders gesch\u00e4tzt f\u00fcr seine einzigartigen, gleichm\u00e4\u00dfigen Maserungen, die ein tier\u00e4hnliches Muster erzeugen.<\/p>\n<p>Inspiriert von der Verbindung zwischen K\u00f6rper, Geist und Umgebung haben wir die Wahrnehmung von Sch\u00f6nheit in jedem Detail neu definiert.<\/p>\n<p>In unserem Bestreben, Funktionalit\u00e4t und \u00c4sthetik zu vereinen, haben wir ein einzigartiges Design f\u00fcr unsere Marmorhanteln geschaffen. Jede dieser St\u00fccke kombiniert sanfte Linien, au\u00dfergew\u00f6hnliche Ergonomie und die zeitlose Sch\u00f6nheit von Marmor \u2013 einem Material, das f\u00fcr seine Eleganz und seinen Stil gesch\u00e4tzt wird.<\/p>\n<p>Jede Hantel wird mit h\u00f6chster Pr\u00e4zision von Hand gefertigt, um eine perfekte Form in jeder Linie und Kurve zu gew\u00e4hrleisten. Dieser aufwendige handwerkliche Prozess erm\u00f6glicht es uns, nur wenige Einheiten pro Jahr zu produzieren, wodurch jedes Set wirklich einzigartig bleibt.<\/p>\n<p>Der au\u00dfergew\u00f6hnliche Marmor, den wir in unseren Kollektionen verwenden, garantiert unseren gesch\u00e4tzten Kunden eine unverwechselbare Exklusivit\u00e4t \u2013 denn kein Set gleicht dem anderen.<\/p>\n<p>&nbsp;<\/p>\n<p><a href=\"https:\/\/forzini.com\/de\/materialien\/\" target=\"_blank\" rel=\"noopener\">Erfahren Sie mehr \u00fcber unsere Kollektion von Marmor und Onyx \u00fcber diesen Link: <\/a><a href=\"https:\/\/forzini.com\/de\/materialien\/\" target=\"_blank\" rel=\"noopener\">Materialien<\/a><\/p>\n","protected":false},"excerpt":{"rendered":"<h1>Hantel set frauen 1 kg<\/h1>\n<p>Sie sind der h\u00f6chste Ausdruck von Exklusivit\u00e4t und Handwerkskunst. Jedes Jahr werden nur wenige St\u00fccke handgefertigt, wodurch sie zu echten Unikaten werden. Mit ihren sanften, ergonomischen Formen bieten diese Hanteln hohen Komfort und verleihen dem Fitnessstudio zugleich einen Hauch von Eleganz.<\/p>\n<p>Jedes Detail wurde sorgf\u00e4ltig gestaltet, um \u00c4sthetik und Funktionalit\u00e4t zu vereinen \u2013 diese Marmorhanteln sind eine wahre Meisterleistung.<\/p>\n","protected":false},"featured_media":14356,"comment_status":"closed","ping_status":"closed","template":"","meta":{"_acf_changed":false,"_joinchat":[]},"product_brand":[],"product_cat":[260,366],"product_tag":[264],"class_list":{"0":"post-12514","1":"product","2":"type-product","3":"status-publish","4":"has-post-thumbnail","6":"product_cat-accessoires-de","7":"product_cat-trainingszubehoer","8":"product_tag-marmor","10":"first","11":"instock","12":"sale","13":"featured","14":"shipping-taxable","15":"purchasable","16":"product-type-simple"},"acf":[],"_links":{"self":[{"href":"https:\/\/forzini.com\/de\/wp-json\/wp\/v2\/product\/12514","targetHints":{"allow":["GET"]}}],"collection":[{"href":"https:\/\/forzini.com\/de\/wp-json\/wp\/v2\/product"}],"about":[{"href":"https:\/\/forzini.com\/de\/wp-json\/wp\/v2\/types\/product"}],"replies":[{"embeddable":true,"href":"https:\/\/forzini.com\/de\/wp-json\/wp\/v2\/comments?post=12514"}],"version-history":[{"count":0,"href":"https:\/\/forzini.com\/de\/wp-json\/wp\/v2\/product\/12514\/revisions"}],"wp:featuredmedia":[{"embeddable":true,"href":"https:\/\/forzini.com\/de\/wp-json\/wp\/v2\/media\/14356"}],"wp:attachment":[{"href":"https:\/\/forzini.com\/de\/wp-json\/wp\/v2\/media?parent=12514"}],"wp:term":[{"taxonomy":"product_brand","embeddable":true,"href":"https:\/\/forzini.com\/de\/wp-json\/wp\/v2\/product_brand?post=12514"},{"taxonomy":"product_cat","embeddable":true,"href":"https:\/\/forzini.com\/de\/wp-json\/wp\/v2\/product_cat?post=12514"},{"taxonomy":"product_tag","embeddable":true,"href":"https:\/\/forzini.com\/de\/wp-json\/wp\/v2\/product_tag?post=12514"}],"curies":[{"name":"wp","href":"https:\/\/api.w.org\/{rel}","templated":true}]}}