{"id":12471,"date":"2025-03-23T17:34:30","date_gmt":"2025-03-23T16:34:30","guid":{"rendered":"https:\/\/forzini.com\/producto\/pesas-decorativas-s\/"},"modified":"2025-12-01T10:31:38","modified_gmt":"2025-12-01T09:31:38","slug":"kleine-hanteln-damen-1-kg","status":"publish","type":"product","link":"https:\/\/forzini.com\/de\/producto\/kleine-hanteln-damen-1-kg\/","title":{"rendered":"Kleine hanteln damen 1 kg &#8211; Designer Hantelset"},"content":{"rendered":"<h2>Kleine hanteln damen 1 kg &#8222;Apolo&#8220;<\/h2>\n<p>Kleine Hanteln Damen 1 kg aus Marmor \u2013 ein originelles und innovatives Design, das das Fitnessstudio perfekt erg\u00e4nzt. J\u00e4hrlich werden nur wenige St\u00fccke handgefertigt, wodurch sie zu echten Unikaten werden. Mit ihren sanften, ergonomischen Formen verleihen diese dekorativen Hanteln jedem Raum eine besondere Note von Einzigartigkeit und Klasse. Die \u00e4sthetischen Linien und das besondere Design dieser Hanteln lassen sie hervorstechen. Ihre sanften Kurven und raffinierten Konturen sind nicht nur optisch ansprechend, sondern bieten auch ein angenehmes haptisches Erlebnis.<\/p>\n<p>Der verwendete Marmor ist von au\u00dfergew\u00f6hnlicher Sch\u00f6nheit: Jet Negro Marmor \u2013 ein tiefschwarzer Stein mit gl\u00e4nzenden wei\u00dfen Adern und grauen Mustern. Dieses markante Farbspiel verleiht ihm eine klassische Eleganz und zieht alle Blicke auf sich. Jede Hantel wiegt 1 kg, und dieses Set ist ein gro\u00dfartiges Geschenk f\u00fcr Sportliebhaber, die nach etwas Exklusivem, Luxuri\u00f6sem und Besonderem f\u00fcr ihr Fitnessstudio suchen.<\/p>\n<p>Ihr elegantes Design und der edle Marmor machen sie zu einem echten Blickfang und einem dekorativen Element, das jede Umgebung aufwertet. Jedes Detail wurde sorgf\u00e4ltig von Hand gefertigt, um \u00c4sthetik und Funktionalit\u00e4t zu vereinen \u2013 diese Marmorhanteln sind eine au\u00dfergew\u00f6hnliche Kreation.<\/p>\n<p>Unser Tipp: Diese Marmorhanteln lassen sich perfekt mit unserer <strong>Marmor-Kettlebell &#8222;Virtus S&#8220;<\/strong> kombinieren.<\/p>\n<p>Inspiriert von der Verbindung zwischen K\u00f6rper, Geist und Umgebung haben wir die Wahrnehmung von Sch\u00f6nheit in jedem Detail neu definiert. Unser Anspruch, Funktionalit\u00e4t mit \u00c4sthetik zu verschmelzen, f\u00fchrte zu einem einzigartigen Design f\u00fcr unsere Marmorhanteln. Jede einzelne wird mit h\u00f6chster Pr\u00e4zision von Hand gefertigt, sodass jede Linie und Kurve perfekt ausgearbeitet ist. Dieser aufwendige Herstellungsprozess erm\u00f6glicht es uns, nur wenige Sets pro Jahr zu produzieren \u2013 und garantiert damit eine unvergleichliche Exklusivit\u00e4t.<\/p>\n<p>Der au\u00dfergew\u00f6hnliche Marmor, den wir f\u00fcr unsere Kollektionen verwenden, sichert unseren gesch\u00e4tzten Kunden eine unverwechselbare Einzigartigkeit \u2013 denn kein Set gleicht dem anderen.<\/p>\n<p>&nbsp;<\/p>\n<p><a href=\"https:\/\/forzini.com\/de\/materialien\/\" target=\"_blank\" rel=\"noopener\">Erfahren Sie mehr \u00fcber unsere Kollektion von Marmor und Onyx \u00fcber diesen Link: <\/a><a href=\"https:\/\/forzini.com\/de\/materialien\/\" target=\"_blank\" rel=\"noopener\">Materialien<\/a><\/p>\n","protected":false},"excerpt":{"rendered":"<h1>Kleine hanteln damen 1 kg<\/h1>\n<p>Aus Marmor gefertigt, sind sie der Inbegriff von Exklusivit\u00e4t und Handwerkskunst. J\u00e4hrlich werden nur wenige St\u00fccke handgefertigt, was sie zu echten Unikaten macht. Mit ihren sanften, ergonomischen Formen bieten diese Hanteln hohen Komfort und verleihen dem Fitnessstudio zugleich einen Hauch von Eleganz. Jedes Detail wurde sorgf\u00e4ltig gestaltet, um \u00c4sthetik und Funktionalit\u00e4t zu vereinen \u2013 diese Marmorhanteln sind wahrhaftige Meisterwerke.<\/p>\n","protected":false},"featured_media":12472,"comment_status":"closed","ping_status":"closed","template":"","meta":{"_acf_changed":false,"_joinchat":[]},"product_brand":[],"product_cat":[260,366],"product_tag":[264],"class_list":{"0":"post-12471","1":"product","2":"type-product","3":"status-publish","4":"has-post-thumbnail","6":"product_cat-accessoires-de","7":"product_cat-trainingszubehoer","8":"product_tag-marmor","10":"first","11":"instock","12":"sale","13":"featured","14":"shipping-taxable","15":"purchasable","16":"product-type-simple"},"acf":[],"_links":{"self":[{"href":"https:\/\/forzini.com\/de\/wp-json\/wp\/v2\/product\/12471","targetHints":{"allow":["GET"]}}],"collection":[{"href":"https:\/\/forzini.com\/de\/wp-json\/wp\/v2\/product"}],"about":[{"href":"https:\/\/forzini.com\/de\/wp-json\/wp\/v2\/types\/product"}],"replies":[{"embeddable":true,"href":"https:\/\/forzini.com\/de\/wp-json\/wp\/v2\/comments?post=12471"}],"version-history":[{"count":0,"href":"https:\/\/forzini.com\/de\/wp-json\/wp\/v2\/product\/12471\/revisions"}],"wp:featuredmedia":[{"embeddable":true,"href":"https:\/\/forzini.com\/de\/wp-json\/wp\/v2\/media\/12472"}],"wp:attachment":[{"href":"https:\/\/forzini.com\/de\/wp-json\/wp\/v2\/media?parent=12471"}],"wp:term":[{"taxonomy":"product_brand","embeddable":true,"href":"https:\/\/forzini.com\/de\/wp-json\/wp\/v2\/product_brand?post=12471"},{"taxonomy":"product_cat","embeddable":true,"href":"https:\/\/forzini.com\/de\/wp-json\/wp\/v2\/product_cat?post=12471"},{"taxonomy":"product_tag","embeddable":true,"href":"https:\/\/forzini.com\/de\/wp-json\/wp\/v2\/product_tag?post=12471"}],"curies":[{"name":"wp","href":"https:\/\/api.w.org\/{rel}","templated":true}]}}