{"id":12412,"date":"2025-03-29T22:03:22","date_gmt":"2025-03-29T21:03:22","guid":{"rendered":"https:\/\/forzini.com\/producto\/frutero-de-marmol-negro\/"},"modified":"2025-05-08T09:26:24","modified_gmt":"2025-05-08T07:26:24","slug":"dekoschale-aus-schwarzem-marmor-fossilien","status":"publish","type":"product","link":"https:\/\/forzini.com\/de\/producto\/dekoschale-aus-schwarzem-marmor-fossilien\/","title":{"rendered":"Dekoschale aus schwarzem Marmor Fossilien"},"content":{"rendered":"<h1>Dekoschale aus schwarzem Marmor Fossilien<\/h1>\n<p>Diese gro\u00dfartige dekorative Dekoschale aus schwarzem Marmor Fossilien pr\u00e4sentiert eine auff\u00e4llige, unregelm\u00e4\u00dfige Form, die Eleganz und Raffinesse ausstrahlt. Perfekt zum Aufbewahren von Obst, zum Servieren von S\u00fc\u00dfigkeiten oder zum Organisieren von wichtigen Dingen \u2013 sie sticht auch als beeindruckender Blickfang hervor, dank ihrer exklusiven ornamentalen Muster. Ideal zur Dekoration gro\u00dfer Tische, verleiht sie jedem Interieur einen Hauch von Luxus. Diese Obstschale aus schwarzem Marmor ist eine zeitlose Mischung aus Kunst und Funktionalit\u00e4t \u2013 sei es als \u00fcberraschendes und durchdachtes Geschenk zur Betonung des Designs oder als seltenes Sammlerst\u00fcck.<\/p>\n<p>Aether Pearl Marmor \u2013 einer der seltensten und beeindruckendsten Marmore der Erde. Diese tiefschwarze Steinart, umh\u00fcllt von einem dunklen grauen Schleier, ist mit den fossilen \u00dcberresten von Lebewesen verziert, die vor 460 Millionen Jahren existierten: Ammoniten, Trilobiten und Orthoceraten. Diese urzeitlichen Meeresbewohner, zusammen mit zarten Korallenabdr\u00fccken, sind f\u00fcr immer auf der Oberfl\u00e4che des Steins konserviert und erschaffen ein faszinierendes Bild pr\u00e4historischen Lebens.<\/p>\n<p>Dieser au\u00dfergew\u00f6hnliche Marmor fl\u00fcstert die Echos des Pal\u00e4ozoikums, oft als \u201eZeitalter der Fische\u201c bezeichnet \u2013 eine Epoche, in der sich die ersten W\u00e4lder der Erde zu formen begannen, lange bevor es Menschen gab. Aether Pearl Marmor ist nicht nur ein Stein, sondern ein Fragment der tiefsten Geschichte unseres Planeten.<\/p>\n<p>Gelegentlich wird dieser Marmor von Sprenkeln aus transluzenter wei\u00dfer Calcit durchzogen, die seinem ohnehin schon faszinierenden Erscheinungsbild einen \u00e4therischen Glanz verleihen. Diese kristallinen Formationen machen jede Platte einzigartig \u2013 eingefrorene Echos eines uralten Ozeans.<\/p>\n<p>Was Aether Pearl Marmor noch wertvoller macht, ist seine au\u00dfergew\u00f6hnliche Seltenheit. Er wird ausschlie\u00dflich in einer abgelegenen Ecke der weiten Sahara-W\u00fcste gefunden. In sorgf\u00e4ltig begrenzten Mengen abgebaut, ist dieser Marmor ein wahrer Schatz f\u00fcr Sammler \u2013 ein Naturkunstwerk, das Zeit, Geologie und maritime Geschichte auf eine einzigartige und unvergleichliche Weise vereint.<\/p>\n<p>Den Besitz dieses St\u00fccks bedeutet eine Reise durch die Zeit \u2013 eine Verbindung zur Geschichte durch ein meisterhaft geformtes pr\u00e4historisches Relikt. Es ist nicht nur ein dekoratives Objekt, sondern eine einzigartige Kreation, die als Tablett, Obstschale, Mittelpunkt oder Sch\u00fcssel verwendet werden kann. Seine zeitlose Sch\u00f6nheit wird jeden verzaubern und Ihre G\u00e4ste in Staunen versetzen.<\/p>\n<p>&nbsp;<\/p>\n<p><a href=\"https:\/\/forzini.com\/de\/materialien\/\" target=\"_blank\" rel=\"noopener\">Erfahren Sie mehr \u00fcber unsere Kollektion von Marmor und Onyx \u00fcber diesen Link: <\/a><a href=\"https:\/\/forzini.com\/de\/materialien\/\" target=\"_blank\" rel=\"noopener\">Materialien<\/a><\/p>\n<h3><strong>Hauptmerkmale:<\/strong><\/h3>\n<h3><strong>L\u00e4nge:<\/strong> 25\u201330 cm<\/h3>\n<h3><strong>Breite:<\/strong> 20\u201324 cm<\/h3>\n<h3><strong>H\u00f6he:<\/strong> 6\u20137 cm<\/h3>\n<h3><strong>Gewicht:<\/strong> 1,2\u20131,5 kg<\/h3>\n","protected":false},"excerpt":{"rendered":"<h2>Dekoschale aus schwarzem Marmor Fossilien<\/h2>\n<p>\u00c4u\u00dferst elegant, mit seiner markanten unregelm\u00e4\u00dfigen Form, ist es die perfekte zentrale Dekoration f\u00fcr gro\u00dfe Tische. Ideal f\u00fcr Obst, Snacks oder zur stilvollen Organisation von Alltagsgegenst\u00e4nden \u2013 es begeistert mit seinen einzigartigen Mustern und seinem zeitlosen Charme. Ein seltenes Sammlerst\u00fcck oder ein exklusives Geschenk, das jedes Interieur aufwertet.<\/p>\n","protected":false},"featured_media":12413,"comment_status":"closed","ping_status":"closed","template":"","meta":{"_acf_changed":false,"_joinchat":[]},"product_brand":[],"product_cat":[260,381],"product_tag":[264],"class_list":{"0":"post-12412","1":"product","2":"type-product","3":"status-publish","4":"has-post-thumbnail","6":"product_cat-accessoires-de","7":"product_cat-wohnaccessoires","8":"product_tag-marmor","10":"first","11":"outofstock","12":"sale","13":"featured","14":"shipping-taxable","15":"purchasable","16":"product-type-simple"},"acf":[],"_links":{"self":[{"href":"https:\/\/forzini.com\/de\/wp-json\/wp\/v2\/product\/12412","targetHints":{"allow":["GET"]}}],"collection":[{"href":"https:\/\/forzini.com\/de\/wp-json\/wp\/v2\/product"}],"about":[{"href":"https:\/\/forzini.com\/de\/wp-json\/wp\/v2\/types\/product"}],"replies":[{"embeddable":true,"href":"https:\/\/forzini.com\/de\/wp-json\/wp\/v2\/comments?post=12412"}],"version-history":[{"count":0,"href":"https:\/\/forzini.com\/de\/wp-json\/wp\/v2\/product\/12412\/revisions"}],"wp:featuredmedia":[{"embeddable":true,"href":"https:\/\/forzini.com\/de\/wp-json\/wp\/v2\/media\/12413"}],"wp:attachment":[{"href":"https:\/\/forzini.com\/de\/wp-json\/wp\/v2\/media?parent=12412"}],"wp:term":[{"taxonomy":"product_brand","embeddable":true,"href":"https:\/\/forzini.com\/de\/wp-json\/wp\/v2\/product_brand?post=12412"},{"taxonomy":"product_cat","embeddable":true,"href":"https:\/\/forzini.com\/de\/wp-json\/wp\/v2\/product_cat?post=12412"},{"taxonomy":"product_tag","embeddable":true,"href":"https:\/\/forzini.com\/de\/wp-json\/wp\/v2\/product_tag?post=12412"}],"curies":[{"name":"wp","href":"https:\/\/api.w.org\/{rel}","templated":true}]}}