{"id":12389,"date":"2025-03-30T15:26:20","date_gmt":"2025-03-30T13:26:20","guid":{"rendered":"https:\/\/forzini.com\/producto\/plato-decorativo-de-ceramica-marroqui\/"},"modified":"2025-10-03T22:41:56","modified_gmt":"2025-10-03T20:41:56","slug":"marokkanische-keramikschuessel-wandteller","status":"publish","type":"product","link":"https:\/\/forzini.com\/de\/producto\/marokkanische-keramikschuessel-wandteller\/","title":{"rendered":"Marokkanische Keramiksch\u00fcssel Wandteller"},"content":{"rendered":"<h1>Marokkanische Keramiksch\u00fcssel Wandteller<\/h1>\n<p>Diese handgefertigte marokkanische Keramiksch\u00fcssel und Wandteller ist ein wahres Meisterwerk, geschaffen von geschickten Kunsthandwerkern aus Safi. In Ehrung jahrhundertealter Traditionen wird jeder Teller sorgf\u00e4ltig von Hand gefertigt und bemalt, wodurch die beste marokkanische Handwerkskunst zum Ausdruck kommt. Die lebendigen Farben und die kunstvollen Designs machen jedes St\u00fcck einzigartig \u2013 eine wahre Kunstsch\u00f6pfung.<\/p>\n<p>Dieser gro\u00dfe dekorative Teller vereint Sch\u00f6nheit und Funktionalit\u00e4t und passt perfekt in eine Vielzahl von Umgebungen. Ob an der Wand aufgeh\u00e4ngt, als elegante Obstschale oder als beeindruckender Tischmittelpunkt verwendet \u2013 sein zeitloses Design und seine exquisiten Details verleihen jedem Zuhause besonderen Charme.<\/p>\n<p>Dieser Teller spiegelt das reiche kulturelle Erbe Marokkos und die Hingabe der Kunsthandwerker an ihr Handwerk wider, was ihn zu einer besonderen Erg\u00e4nzung f\u00fcr jede Sammlung oder Einrichtung macht.<\/p>\n<h3><strong>Besondere Merkmale:<\/strong><\/h3>\n<h3><strong>Durchmesser:<\/strong> 35 cm<\/h3>\n<h3><strong>H\u00f6he:<\/strong> 6-7 cm<\/h3>\n","protected":false},"excerpt":{"rendered":"<h2>Marokkanische Keramiksch\u00fcssel Wandteller<\/h2>\n<p>Dieser handgefertigte marokkanische Keramikteller ist ein einzigartiges St\u00fcck, sorgf\u00e4ltig gefertigt von geschickten Kunsthandwerkern aus Safi. Mit lebendigen Farben und kunstvollen Mustern ist jeder Teller ein Unikat und vereint Kunst und Funktionalit\u00e4t perfekt f\u00fcr die Dekoration jedes Zuhauses<\/p>\n","protected":false},"featured_media":17415,"comment_status":"closed","ping_status":"closed","template":"","meta":{"_acf_changed":false,"_joinchat":[]},"product_brand":[],"product_cat":[260,381],"product_tag":[261],"class_list":{"0":"post-12389","1":"product","2":"type-product","3":"status-publish","4":"has-post-thumbnail","6":"product_cat-accessoires-de","7":"product_cat-wohnaccessoires","8":"product_tag-keramik","10":"first","11":"instock","12":"sale","13":"featured","14":"shipping-taxable","15":"purchasable","16":"product-type-simple"},"acf":[],"_links":{"self":[{"href":"https:\/\/forzini.com\/de\/wp-json\/wp\/v2\/product\/12389","targetHints":{"allow":["GET"]}}],"collection":[{"href":"https:\/\/forzini.com\/de\/wp-json\/wp\/v2\/product"}],"about":[{"href":"https:\/\/forzini.com\/de\/wp-json\/wp\/v2\/types\/product"}],"replies":[{"embeddable":true,"href":"https:\/\/forzini.com\/de\/wp-json\/wp\/v2\/comments?post=12389"}],"version-history":[{"count":0,"href":"https:\/\/forzini.com\/de\/wp-json\/wp\/v2\/product\/12389\/revisions"}],"wp:featuredmedia":[{"embeddable":true,"href":"https:\/\/forzini.com\/de\/wp-json\/wp\/v2\/media\/17415"}],"wp:attachment":[{"href":"https:\/\/forzini.com\/de\/wp-json\/wp\/v2\/media?parent=12389"}],"wp:term":[{"taxonomy":"product_brand","embeddable":true,"href":"https:\/\/forzini.com\/de\/wp-json\/wp\/v2\/product_brand?post=12389"},{"taxonomy":"product_cat","embeddable":true,"href":"https:\/\/forzini.com\/de\/wp-json\/wp\/v2\/product_cat?post=12389"},{"taxonomy":"product_tag","embeddable":true,"href":"https:\/\/forzini.com\/de\/wp-json\/wp\/v2\/product_tag?post=12389"}],"curies":[{"name":"wp","href":"https:\/\/api.w.org\/{rel}","templated":true}]}}