{"id":12301,"date":"2024-04-05T11:14:22","date_gmt":"2024-04-05T09:14:22","guid":{"rendered":"https:\/\/forzini.com\/producto\/mesa-esquinera-de-marmol-tellus\/"},"modified":"2025-05-04T13:10:39","modified_gmt":"2025-05-04T11:10:39","slug":"onyx-marmortisch-tellus","status":"publish","type":"product","link":"https:\/\/forzini.com\/de\/producto\/onyx-marmortisch-tellus\/","title":{"rendered":"Onyx marmortisch Tellus"},"content":{"rendered":"<h1>O<span class=\"keyword _ngcontent-wib-115\" aria-hidden=\"false\">nyx marmortisch<\/span> &#8222;Tellus&#8220;<\/h1>\n<p>Der Onyx Marmortisch mit seiner unvergleichlichen und extravaganten Form ist ein Juwel moderner Handwerkskunst. Er besteht aus zwei Kegeln, die durch einen zentralen Ring verbunden sind, und erinnert an eine Sanduhr, die die Dualit\u00e4t und den Fluss der Zeit symbolisiert. Das k\u00fchne und innovative Design regt zum Nachdenken an und verleiht jedem Raum eine k\u00fcnstlerische Dimension. Der Onyx-Marmortisch ist nicht nur visuell beeindruckend, sondern auch vielseitig und funktional. Die perfekte Kombination aus pr\u00e4chtigem Marmor und kostbarem, faszinierendem Onyx ergibt ein Meisterwerk, das Luxus und Raffinesse ausstrahlt. Jedes Detail dieses Beistelltisches \u2013 von seinem k\u00fchnen Design bis hin zu den seltenen und exquisiten Materialien \u2013 reflektiert ein unvergleichliches Ma\u00df an Eleganz. Der verwendete Marmor und Onyx werden aufgrund ihrer Sch\u00f6nheit und Einzigartigkeit sorgf\u00e4ltig ausgew\u00e4hlt, wodurch jede Tischkreation zu einem individuellen und exklusiven Kunstwerk wird. Dieses handgefertigte St\u00fcck bereichert Ihr Zuhause und wird zu einem zeitlosen Erbe. Es ist ein Designobjekt, das bewundert und weitergegeben wird \u2013 ein Schatz, der Momente und Erinnerungen \u00fcber die Zeit hinweg einf\u00e4ngt. Der Onyx Marmortisch vereint Innovation und Tradition auf perfekte Weise und ist ein Symbol f\u00fcr fesselnden Stil und guten Geschmack.<\/p>\n<p>Onyx Golden Dune White ist eine beeindruckende Natursteinart, die sich durch ihre sanfte cremewei\u00dfe Basis mit warmen goldenen Maserungen auszeichnet. Dieser luxuri\u00f6se Onyx f\u00e4ngt das Licht auf wunderbare Weise ein und erzeugt einen \u00e4therischen Glanz, der jeden Raum aufwertet. Seine einzigartigen Muster und Farben machen ihn zur bevorzugten Wahl f\u00fcr elegante Innenr\u00e4ume \u2013 sei es f\u00fcr Arbeitsplatten, Wandverkleidungen oder dekorative Akzente. Die exquisite Kombination aus Wei\u00df und Gold verleiht nicht nur eine edle Note, sondern verk\u00f6rpert auch zeitlose Sch\u00f6nheit und macht Onyx Golden Dune a zu einer au\u00dfergew\u00f6hnlichen Bereicherung f\u00fcr jedes Designprojekt.<\/p>\n<p>&nbsp;<\/p>\n<p><a href=\"https:\/\/forzini.com\/de\/materialien\/\" target=\"_blank\" rel=\"noopener\">Erfahren Sie mehr \u00fcber unsere Kollektion von Marmor und Onyx \u00fcber diesen Link: <\/a><a href=\"https:\/\/forzini.com\/de\/materialien\/\" target=\"_blank\" rel=\"noopener\">Materialien<\/a><\/p>\n<h3><strong>Besondere Merkmale:<\/strong><\/h3>\n<h3><strong>Montage:<\/strong> Nicht erforderlich.<\/h3>\n<h3><strong>Steinfinish:<\/strong> Poliert.<\/h3>\n<h3><strong>Gewicht:<\/strong> 35 kg<\/h3>\n","protected":false},"excerpt":{"rendered":"<h2><span class=\"keyword _ngcontent-wib-115\" aria-hidden=\"false\">Onyx marmortisch<\/span><\/h2>\n<p>Mit einer innovativen und extravaganten Form \u2013 gewagt und zugleich einladend. Dieser Tisch mit seinem einzigartigen und kreativen Design f\u00fcgt sich perfekt in jeden Raum ein und verleiht dem Ambiente eine frische und originelle Note. Die perfekte Fusion aus erlesenem Marmor und einzigartigem, faszinierendem Natur-Onyx gipfelt in einem handgefertigten Kunstwerk, das jeden Bereich mit einer Prise Eleganz und kultiviertem Stil bereichert.<\/p>\n<h5>Dank seines modernen Designs und der transluzenten Eigenschaften des Onyx kann dieser Onyx-Marmortisch von unten mit einer Gl\u00fchbirne beleuchtet werden und als Lampe dienen, wodurch eine warme und entspannte Atmosph\u00e4re entsteht.<\/h5>\n<h4><strong>Abmessungen:<\/strong> <strong>Durchmesser 30 cm, H\u00f6he 52 cm.<\/strong><\/h4>\n","protected":false},"featured_media":12302,"comment_status":"closed","ping_status":"closed","template":"","meta":{"_acf_changed":false,"_joinchat":[]},"product_brand":[],"product_cat":[393,277],"product_tag":[265],"class_list":{"0":"post-12301","1":"product","2":"type-product","3":"status-publish","4":"has-post-thumbnail","6":"product_cat-naturstein-couchtische","7":"product_cat-tische","8":"product_tag-onyx-de","10":"first","11":"instock","12":"sale","13":"featured","14":"shipping-taxable","15":"purchasable","16":"product-type-simple"},"acf":[],"_links":{"self":[{"href":"https:\/\/forzini.com\/de\/wp-json\/wp\/v2\/product\/12301","targetHints":{"allow":["GET"]}}],"collection":[{"href":"https:\/\/forzini.com\/de\/wp-json\/wp\/v2\/product"}],"about":[{"href":"https:\/\/forzini.com\/de\/wp-json\/wp\/v2\/types\/product"}],"replies":[{"embeddable":true,"href":"https:\/\/forzini.com\/de\/wp-json\/wp\/v2\/comments?post=12301"}],"version-history":[{"count":0,"href":"https:\/\/forzini.com\/de\/wp-json\/wp\/v2\/product\/12301\/revisions"}],"wp:featuredmedia":[{"embeddable":true,"href":"https:\/\/forzini.com\/de\/wp-json\/wp\/v2\/media\/12302"}],"wp:attachment":[{"href":"https:\/\/forzini.com\/de\/wp-json\/wp\/v2\/media?parent=12301"}],"wp:term":[{"taxonomy":"product_brand","embeddable":true,"href":"https:\/\/forzini.com\/de\/wp-json\/wp\/v2\/product_brand?post=12301"},{"taxonomy":"product_cat","embeddable":true,"href":"https:\/\/forzini.com\/de\/wp-json\/wp\/v2\/product_cat?post=12301"},{"taxonomy":"product_tag","embeddable":true,"href":"https:\/\/forzini.com\/de\/wp-json\/wp\/v2\/product_tag?post=12301"}],"curies":[{"name":"wp","href":"https:\/\/api.w.org\/{rel}","templated":true}]}}