{"id":12272,"date":"2024-03-14T16:48:28","date_gmt":"2024-03-14T15:48:28","guid":{"rendered":"https:\/\/forzini.com\/producto\/mesa-pequena-de-marmol-uranus\/"},"modified":"2025-12-16T18:45:56","modified_gmt":"2025-12-16T17:45:56","slug":"steintisch-wohnzimmer-aus-onyx-uranus","status":"publish","type":"product","link":"https:\/\/forzini.com\/de\/producto\/steintisch-wohnzimmer-aus-onyx-uranus\/","title":{"rendered":"Steintisch Wohnzimmer aus Onyx Uranus"},"content":{"rendered":"<h2>Onyx Steintisch als moderner Wohnzimmertisch\u00a0&#8222;Uranus&#8220;<\/h2>\n<p>Ein <strong>Steintisch f\u00fcr das Wohnzimmer<\/strong> aus edlem Onyx ist ein au\u00dfergew\u00f6hnliches Designerst\u00fcck, das sich durch seine besondere Form und hochwertige Verarbeitung sofort abhebt. Das sanft abgerundete, an einen Donut erinnernde Design verleiht dem Tisch eine moderne, fast skulpturale Ausstrahlung und bringt die nat\u00fcrliche Sch\u00f6nheit des Onyx perfekt zur Geltung.<\/p>\n<p>Die weichen, flie\u00dfenden Linien erzeugen ein harmonisches Gesamtbild und verleihen dem Tisch eine ruhige, elegante Pr\u00e4senz. Jede Kurve wurde mit gro\u00dfer Sorgfalt ausgearbeitet, sodass ein M\u00f6belst\u00fcck entsteht, das nicht nur funktional ist, sondern auch optisch beeindruckt. Die mineralischen Strukturen des Onyx sorgen f\u00fcr faszinierende Lichtspiele und verleihen dem Tisch eine besondere Tiefe und Raffinesse.<\/p>\n<p>Mit seiner runden Form und der makellosen Verarbeitung wird dieser <strong>Steintisch Wohnzimmer<\/strong> schnell zum Mittelpunkt des Raumes. Ob in einem stilvollen Wohnbereich oder einer gem\u00fctlichen Leseecke \u2013 er setzt ein klares Statement und bringt zeitlose Klasse in jedes Interieur. Ideal f\u00fcr alle, die Wert auf exklusive, kunstvolle und hochwertige M\u00f6bel legen.<\/p>\n<p>&nbsp;<\/p>\n<p>Galaxy Green Onyx: Ein hellgr\u00fcner Hintergrund, wundersch\u00f6n akzentuiert durch wei\u00dfe Wellen, durchzogen von bronzefarbenen Maserungen in erdigen Goldbraun- und Rott\u00f6nen. Da er nur in sehr geringen Mengen abgebaut wird, ist diese Sorte \u00e4u\u00dferst exklusiv und besitzt eine besonders hohe Transparenz.<\/p>\n<p>Unser Verona Dream Marmor ist eine Verk\u00f6rperung der Kunst der Natur. Diese Steinart fl\u00fcstert Geschichten der alten Erde und offenbart ihre Essenz auf kunstvolle Weise. Sein beigefarbener Grundton dient als warme, neutrale Leinwand, die das Auge dazu einl\u00e4dt, die Tiefe und Textur zu erkunden. Die reichen braunen Maserungen schl\u00e4ngeln sich elegant \u00fcber die Oberfl\u00e4che, wie Fl\u00fcsse auf einer Landkarte \u2013 jede Linie ein einzigartiger Weg. Die Intensit\u00e4t des Musters variiert zwischen sanften Nuancen und markanten Kontrasten. W\u00e4hrend einige Linien subtil sind, fast wie sanfte Pinselstriche eines Renaissance-Gem\u00e4ldes, pr\u00e4sentieren sich andere gewagt mit dramatischen Formen, durchzogen von wei\u00dflichen Adern, die an feine Baumzweige erinnern. Diese Einschl\u00fcsse \u00e4hneln schwebenden Wolken oder kunstvollen Bl\u00fctenmustern, die ein Maler mit gro\u00dfem Feingef\u00fchl auf die Oberfl\u00e4che gebracht haben k\u00f6nnte. Im Marmor selbst sind kleine Fossilien und Muscheln eingebettet \u2013 \u00dcberreste vergangener Zeiten, die Millionen Jahre \u00fcberdauert haben. Sie sind der Widerhall alter Meere und der Lebewesen, die einst existierten, nun aber f\u00fcr immer im Stein verewigt sind. Diese Einschl\u00fcsse verleihen dem Verona Dream Marmor eine zus\u00e4tzliche Dimension von Tiefe und Geschichte und machen ihn nicht nur zu einem Material, sondern zu einem wahren St\u00fcck Vergangenheit, verewigt in Stein.<\/p>\n<p>&nbsp;<\/p>\n<p><a href=\"https:\/\/forzini.com\/de\/materialien\/\" target=\"_blank\" rel=\"noopener\">Erfahren Sie mehr \u00fcber unsere Kollektion von Marmor und Onyx \u00fcber diesen Link: <\/a><a href=\"https:\/\/forzini.com\/de\/materialien\/\" target=\"_blank\" rel=\"noopener\">Materialien<\/a><\/p>\n<p><strong>Besondere Merkmale:<\/strong><\/p>\n<p><strong>Montage:<\/strong> Nicht erforderlich.<\/p>\n<p><strong>Steinfinish:<\/strong> Poliert.<\/p>\n<p><strong>Gewicht:<\/strong> 85 kg.<\/p>\n","protected":false},"excerpt":{"rendered":"<h1><strong>Steintisch f\u00fcr das Wohnzimmer aus Onyx in runder Form<\/strong><\/h1>\n<p>Ein <strong>Steintisch f\u00fcr das Wohnzimmer<\/strong> ist ein echtes Meisterwerk des Designerhandwerks \u2013 eine au\u00dfergew\u00f6hnliche Kreation, die sich durch ihre besondere Form und ihre pr\u00e4zise Verarbeitung auszeichnet. Das weich abgerundete Design, das subtil an die Form eines Donuts erinnert, verleiht diesem Tisch eine moderne, fast skulpturale Ausstrahlung. Die Kombination aus seltenem Onyx und edlem Marmor bringt die nat\u00fcrliche Sch\u00f6nheit beider Materialien eindrucksvoll zur Geltung.<\/p>\n<p>Die geschwungenen Linien erzeugen ein Gef\u00fchl von Leichtigkeit und Bewegung, w\u00e4hrend der Kontrast der Natursteine dem Tisch eine raffinierte, elegante Tiefe verleiht. Durch seine besondere Konstruktion kann der Tisch von unten mit einer einfachen Gl\u00fchbirne beleuchtet werden. Da Onyx transluzent ist, verwandelt sich der <strong>Steintisch Wohnzimmer<\/strong> in eine sanft leuchtende Lichtquelle, die eine warme und gem\u00fctliche Atmosph\u00e4re schafft.<\/p>\n<p>Dieses au\u00dfergew\u00f6hnliche Designerst\u00fcck wird schnell zum Mittelpunkt des Raumes \u2013 ein M\u00f6bel, das Stilbewusstsein, Exklusivit\u00e4t und k\u00fcnstlerische Gestaltung perfekt vereint.<\/p>\n<h2><strong>Abmessungen:<\/strong> <strong>Durchmesser 38 cm, H\u00f6he 52 cm.<\/strong><\/h2>\n","protected":false},"featured_media":12281,"comment_status":"closed","ping_status":"closed","template":"","meta":{"_acf_changed":false,"_joinchat":[]},"product_brand":[],"product_cat":[393,277],"product_tag":[265],"class_list":{"0":"post-12272","1":"product","2":"type-product","3":"status-publish","4":"has-post-thumbnail","6":"product_cat-naturstein-couchtische","7":"product_cat-tische","8":"product_tag-onyx-de","10":"first","11":"instock","12":"sale","13":"featured","14":"shipping-taxable","15":"purchasable","16":"product-type-simple"},"acf":[],"_links":{"self":[{"href":"https:\/\/forzini.com\/de\/wp-json\/wp\/v2\/product\/12272","targetHints":{"allow":["GET"]}}],"collection":[{"href":"https:\/\/forzini.com\/de\/wp-json\/wp\/v2\/product"}],"about":[{"href":"https:\/\/forzini.com\/de\/wp-json\/wp\/v2\/types\/product"}],"replies":[{"embeddable":true,"href":"https:\/\/forzini.com\/de\/wp-json\/wp\/v2\/comments?post=12272"}],"version-history":[{"count":2,"href":"https:\/\/forzini.com\/de\/wp-json\/wp\/v2\/product\/12272\/revisions"}],"predecessor-version":[{"id":22560,"href":"https:\/\/forzini.com\/de\/wp-json\/wp\/v2\/product\/12272\/revisions\/22560"}],"wp:featuredmedia":[{"embeddable":true,"href":"https:\/\/forzini.com\/de\/wp-json\/wp\/v2\/media\/12281"}],"wp:attachment":[{"href":"https:\/\/forzini.com\/de\/wp-json\/wp\/v2\/media?parent=12272"}],"wp:term":[{"taxonomy":"product_brand","embeddable":true,"href":"https:\/\/forzini.com\/de\/wp-json\/wp\/v2\/product_brand?post=12272"},{"taxonomy":"product_cat","embeddable":true,"href":"https:\/\/forzini.com\/de\/wp-json\/wp\/v2\/product_cat?post=12272"},{"taxonomy":"product_tag","embeddable":true,"href":"https:\/\/forzini.com\/de\/wp-json\/wp\/v2\/product_tag?post=12272"}],"curies":[{"name":"wp","href":"https:\/\/api.w.org\/{rel}","templated":true}]}}