{"id":12254,"date":"2024-04-05T11:22:43","date_gmt":"2024-04-05T09:22:43","guid":{"rendered":"https:\/\/forzini.com\/producto\/mesa-lateral-de-marmol-hades\/"},"modified":"2025-05-03T17:48:55","modified_gmt":"2025-05-03T15:48:55","slug":"beistelltisch-aus-grauem-marmor-hades","status":"publish","type":"product","link":"https:\/\/forzini.com\/de\/producto\/beistelltisch-aus-grauem-marmor-hades\/","title":{"rendered":"Beistelltisch aus grauem Marmor Hades"},"content":{"rendered":"<h1>Beistelltisch aus grauem Marmor &#8222;Hades&#8220;<\/h1>\n<p>Dieser exquisite Beistelltisch aus grauem Marmor ist die perfekte Erg\u00e4nzung f\u00fcr den Genuss von Kaffee oder Tee, platziert neben Ihrem Sofa. Schick, einzigartig und raffiniert \u2013 dieser wundersch\u00f6ne Marmortisch, handgefertigt von meisterhaften Kunsthandwerkern mit einem speziellen ovalen Design, verleiht jedem Raum einen Hauch von Eleganz und unvergleichlicher Exklusivit\u00e4t. Er kombiniert Funktionalit\u00e4t, Stil und minimalistisches Design auf perfekte Weise. Neben seiner beeindruckenden \u00c4sthetik ist dieser Beistelltisch \u00e4u\u00dferst praktisch. Seine modernen, frischen Linien und seine ideale H\u00f6he machen ihn perfekt, um ihn neben einem Sofa oder Sessel zu platzieren \u2013 ideal f\u00fcr Getr\u00e4nke oder ein entspanntes Fr\u00fchst\u00fcck im Bett an einem gem\u00fctlichen Sonntag. Auch als hohe Ablagefl\u00e4che f\u00fcr Pflanzen oder Vasen setzt er stilvolle Akzente in jedem Raum. Jedes Detail dieses handgefertigten Tisches spiegelt das Engagement f\u00fcr Qualit\u00e4t und Design wider, wodurch er zu einem unverzichtbaren Element in jeder hochwertigen Einrichtung wird.<\/p>\n<p>Mit seiner zeitlosen Eleganz und vielseitigen Funktionalit\u00e4t bereichert dieser Marmortisch Ihren Wohnraum und verleiht Ihrem Alltag einen Hauch von Luxus und Raffinesse. Erh\u00e4ltlich in edlem grauem Marmor mit feinen dunklen Maserungen \u2013 eine zeitlose Wahl, die jedem Interieur sofort Charakter und \u00e4sthetische Best\u00e4ndigkeit verleiht.<\/p>\n<p>Silver Grey Marmor: Eine ganz besondere Marmorsorte mit grauem Grundton und einem bezaubernden Spiel aus wei\u00dfen Lichtreflexen zwischen dunklen, grauschwarzen Adern. Diese einzigartige Farbvariation, die von hellem Grau bis hin zu Beige reicht, erzeugt einen beeindruckenden Kontrast zum Hintergrund.<\/p>\n<p>&nbsp;<\/p>\n<p><a href=\"https:\/\/forzini.com\/de\/materialien\/\" target=\"_blank\" rel=\"noopener\">Erfahren Sie mehr \u00fcber unsere Kollektion von Marmor und Onyx \u00fcber diesen Link: <\/a><a href=\"https:\/\/forzini.com\/de\/materialien\/\" target=\"_blank\" rel=\"noopener\">Materialien<\/a><\/p>\n<h3><strong>Besondere Merkmale:<\/strong><\/h3>\n<h3><strong>Montage:<\/strong> Nicht erforderlich.<\/h3>\n<h3><strong>Steinfinish:<\/strong> Poliert.<\/h3>\n<h3><strong>Fu\u00dfgestell:<\/strong> Edelstahl in Silberfarbe.<\/h3>\n<h3><strong>Gewicht: 8 kg<\/strong><\/h3>\n","protected":false},"excerpt":{"rendered":"<h2>Beistelltisch aus grauem Marmor<\/h2>\n<p>Sie ist sowohl funktional als auch einladend und damit eine charmante Erg\u00e4nzung f\u00fcr jedes Zuhause. Dieser elegante ovale Steintisch kann neben dem Sofa platziert werden und dient als perfekter Beistelltisch f\u00fcr Kaffee oder Tee. Sein stilvolles Design und seine kompakte Gr\u00f6\u00dfe machen ihn ideal f\u00fcr die Schaffung eines gem\u00fctlichen und geschmackvollen Platzes, an dem Sie Ihre Lieblingsgetr\u00e4nke genie\u00dfen k\u00f6nnen. Die sanfte Marmoroberfl\u00e4che verleiht einen Hauch von Luxus, w\u00e4hrend die robuste Konstruktion sicherstellt, dass er den t\u00e4glichen Gebrauch m\u00fchelos \u00fcbersteht. Ob beim Empfang von G\u00e4sten oder bei einem ruhigen Moment allein \u2013 dieser kleine Beistelltisch aus Marmor bereichert Ihren Wohnraum mit Praktikabilit\u00e4t und Eleganz.<\/p>\n<h4><strong>Abmessungen:<\/strong> <strong>L\u00e4nge 38 cm, Breite 28 cm, H\u00f6he 60 cm.<\/strong><\/h4>\n","protected":false},"featured_media":12255,"comment_status":"closed","ping_status":"closed","template":"","meta":{"_acf_changed":false,"_joinchat":[]},"product_brand":[],"product_cat":[359,277],"product_tag":[264],"class_list":{"0":"post-12254","1":"product","2":"type-product","3":"status-publish","4":"has-post-thumbnail","6":"product_cat-marmor-couchtische","7":"product_cat-tische","8":"product_tag-marmor","10":"first","11":"instock","12":"sale","13":"featured","14":"shipping-taxable","15":"purchasable","16":"product-type-simple"},"acf":[],"_links":{"self":[{"href":"https:\/\/forzini.com\/de\/wp-json\/wp\/v2\/product\/12254","targetHints":{"allow":["GET"]}}],"collection":[{"href":"https:\/\/forzini.com\/de\/wp-json\/wp\/v2\/product"}],"about":[{"href":"https:\/\/forzini.com\/de\/wp-json\/wp\/v2\/types\/product"}],"replies":[{"embeddable":true,"href":"https:\/\/forzini.com\/de\/wp-json\/wp\/v2\/comments?post=12254"}],"version-history":[{"count":0,"href":"https:\/\/forzini.com\/de\/wp-json\/wp\/v2\/product\/12254\/revisions"}],"wp:featuredmedia":[{"embeddable":true,"href":"https:\/\/forzini.com\/de\/wp-json\/wp\/v2\/media\/12255"}],"wp:attachment":[{"href":"https:\/\/forzini.com\/de\/wp-json\/wp\/v2\/media?parent=12254"}],"wp:term":[{"taxonomy":"product_brand","embeddable":true,"href":"https:\/\/forzini.com\/de\/wp-json\/wp\/v2\/product_brand?post=12254"},{"taxonomy":"product_cat","embeddable":true,"href":"https:\/\/forzini.com\/de\/wp-json\/wp\/v2\/product_cat?post=12254"},{"taxonomy":"product_tag","embeddable":true,"href":"https:\/\/forzini.com\/de\/wp-json\/wp\/v2\/product_tag?post=12254"}],"curies":[{"name":"wp","href":"https:\/\/api.w.org\/{rel}","templated":true}]}}