{"id":12239,"date":"2024-06-28T12:20:29","date_gmt":"2024-06-28T10:20:29","guid":{"rendered":"https:\/\/forzini.com\/producto\/mesa-de-noche-de-marmol-iris\/"},"modified":"2025-05-04T14:20:44","modified_gmt":"2025-05-04T12:20:44","slug":"mesa-de-noche-de-marmol-iris","status":"publish","type":"product","link":"https:\/\/forzini.com\/de\/producto\/mesa-de-noche-de-marmol-iris\/","title":{"rendered":"Couchtisch quadratisch Marmor brun Iris"},"content":{"rendered":"<h1>Couchtisch quadratisch Marmor brun &#8222;Iris&#8220;<\/h1>\n<p>Die exquisite Feinheit dieses quadratischen Marmorcouchtisches in Braun zeigt sich in seinem besonderen Design, das der Einrichtung Ihres Zuhauses einen Hauch von Eleganz verleiht. Mit seiner eleganten quadratischen Form wurde dieser Tisch mit au\u00dfergew\u00f6hnlicher Pr\u00e4zision gefertigt und aus sorgf\u00e4ltig ausgew\u00e4hlten Marmorsorten mit au\u00dfergew\u00f6hnlichen Eigenschaften hergestellt. Jedes St\u00fcck zeichnet sich durch sanfte und nat\u00fcrliche Maserungen aus, die jedem Wohnzimmer oder anderen R\u00e4umen eine organische Sch\u00f6nheit und individuelle Note verleihen. Dieser Nachttisch ist nicht nur ein funktionales M\u00f6belst\u00fcck, sondern auch eine stilvolle Aussage an sich. Seine Pr\u00e4senz strahlt Raffinesse und Eleganz aus und macht ihn zu einer faszinierenden Erg\u00e4nzung f\u00fcr jedes stilvolle Zuhause. Ob zur Versch\u00f6nerung des Schlafzimmers oder als auff\u00e4lliges Element im Wohnzimmer, dieser Marmor-Nachttisch verleiht Ihrem Ambiente zeitlose Eleganz und einen Hauch von Luxus. Ein unverzichtbares M\u00f6belst\u00fcck f\u00fcr alle, die Funktionalit\u00e4t mit exquisitem Design kombinieren m\u00f6chten und ihr Zuhause mit einer Prise Raffinesse und Stil bereichern wollen.<\/p>\n<p>Oceanic Mystery Marmor: Einer der faszinierendsten Marmore unserer Kollektion. Diese Steinart pr\u00e4sentiert eine Palette von Farben, die von erdigem Grau bis zu blassem Braun reichen, auf einem Hintergrund aus wei\u00dfen Maserungen und dunklen Schattierungen. Sein einzigartiges Muster erinnert an eine Sammlung unterschiedlich gro\u00dfer Kieselsteine.<\/p>\n<p>&nbsp;<\/p>\n<p><a href=\"https:\/\/forzini.com\/de\/materialien\/\" target=\"_blank\" rel=\"noopener\">Erfahren Sie mehr \u00fcber unsere Kollektion von Marmor und Onyx \u00fcber diesen Link: <\/a><a href=\"https:\/\/forzini.com\/de\/materialien\/\" target=\"_blank\" rel=\"noopener\">Materialien<\/a><\/p>\n<h4><strong>Besondere Merkmale:<\/strong><\/h4>\n<h4><strong>Montage:<\/strong> Nicht erforderlich.<\/h4>\n<h4><strong>Steinoberfl\u00e4che:<\/strong> Poliert.<\/h4>\n<h4><strong>Gestell-Finish:<\/strong> Edelstahl, Farbe Silber.<\/h4>\n<h4><strong>Gewicht:<\/strong> 18 kg.<\/h4>\n","protected":false},"excerpt":{"rendered":"<h2>Couchtisch quadratisch Marmor brun<\/h2>\n<p>Mit ihrer eleganten quadratischen Tischplatte ist sie ein zentrales Element, das alle Blicke auf sich zieht. Diese hochdekorative Tischplatte mit quadratischem Design verleiht eine moderne und klare \u00c4sthetik, die perfekt zu verschiedenen Einrichtungsstilen passt. Die Marmoroberfl\u00e4che, mit ihren nat\u00fcrlichen Maserungen und ihrer luxuri\u00f6sen Textur, schafft ein visuelles Spektakel, das Tiefe und Charakter in die Einrichtung Ihres Hauses bringt.<\/p>\n<h4><strong>Abmessungen:<\/strong> <strong>Breite 40 cm, L\u00e4nge 40 cm, H\u00f6he 52 cm.<\/strong><\/h4>\n","protected":false},"featured_media":12240,"comment_status":"closed","ping_status":"closed","template":"","meta":{"_acf_changed":false,"_joinchat":[]},"product_brand":[],"product_cat":[359,277],"product_tag":[264],"class_list":{"0":"post-12239","1":"product","2":"type-product","3":"status-publish","4":"has-post-thumbnail","6":"product_cat-marmor-couchtische","7":"product_cat-tische","8":"product_tag-marmor","10":"first","11":"instock","12":"sale","13":"featured","14":"shipping-taxable","15":"purchasable","16":"product-type-simple"},"acf":[],"_links":{"self":[{"href":"https:\/\/forzini.com\/de\/wp-json\/wp\/v2\/product\/12239","targetHints":{"allow":["GET"]}}],"collection":[{"href":"https:\/\/forzini.com\/de\/wp-json\/wp\/v2\/product"}],"about":[{"href":"https:\/\/forzini.com\/de\/wp-json\/wp\/v2\/types\/product"}],"replies":[{"embeddable":true,"href":"https:\/\/forzini.com\/de\/wp-json\/wp\/v2\/comments?post=12239"}],"version-history":[{"count":0,"href":"https:\/\/forzini.com\/de\/wp-json\/wp\/v2\/product\/12239\/revisions"}],"wp:featuredmedia":[{"embeddable":true,"href":"https:\/\/forzini.com\/de\/wp-json\/wp\/v2\/media\/12240"}],"wp:attachment":[{"href":"https:\/\/forzini.com\/de\/wp-json\/wp\/v2\/media?parent=12239"}],"wp:term":[{"taxonomy":"product_brand","embeddable":true,"href":"https:\/\/forzini.com\/de\/wp-json\/wp\/v2\/product_brand?post=12239"},{"taxonomy":"product_cat","embeddable":true,"href":"https:\/\/forzini.com\/de\/wp-json\/wp\/v2\/product_cat?post=12239"},{"taxonomy":"product_tag","embeddable":true,"href":"https:\/\/forzini.com\/de\/wp-json\/wp\/v2\/product_tag?post=12239"}],"curies":[{"name":"wp","href":"https:\/\/api.w.org\/{rel}","templated":true}]}}