{"id":12233,"date":"2024-06-28T12:56:07","date_gmt":"2024-06-28T10:56:07","guid":{"rendered":"https:\/\/forzini.com\/producto\/mesa-de-centro-ovalada-de-marmol-scotus\/"},"modified":"2025-08-21T21:03:16","modified_gmt":"2025-08-21T19:03:16","slug":"couchtisch-oval-marmor-scotus","status":"publish","type":"product","link":"https:\/\/forzini.com\/de\/producto\/couchtisch-oval-marmor-scotus\/","title":{"rendered":"Couchtisch oval marmor Scotus"},"content":{"rendered":"<h2>Couchtisch oval marmor &#8222;Scotus&#8220;<\/h2>\n<p>Mit ihrer unregelm\u00e4\u00dfigen Form und handgefertigten Verarbeitung ist unsere ovale Marmorcouchtisch in Braun ein faszinierendes St\u00fcck. Stell dir ein M\u00f6belst\u00fcck vor, das nicht nur dein Zuhause schm\u00fcckt, sondern auch eine jahrtausendealte Geschichte erz\u00e4hlt. Dieser Marmorcouchtisch mit nordischem Design ist eine handgefertigte Meisterleistung, die die Essenz der Natur in jedem Detail einf\u00e4ngt. Aus einem massiven Block grauen Marmors handgeschnitzt, ist dieser Tisch ein einzigartiges Juwel. Seine polierte Oberfl\u00e4che hebt die nat\u00fcrlichen Maserungen des Marmors hervor, w\u00e4hrend die dicken, ungeschliffenen Kanten eine rustikale und authentische Note verleihen. Was diesen Tisch wirklich einzigartig macht, ist der au\u00dfergew\u00f6hnliche Marmor, aus dem er gefertigt ist. Eingebettet mit uralten Muscheln, verwandelt dieser seltene Marmor den Tisch in eine Geschichte der Tiefsee, in der jede Muschel uralte Weisheit fl\u00fcstert. Die ungew\u00f6hnliche St\u00e4rke und das auff\u00e4llige Design des Tisches verleihen ihm ein modernes und k\u00fchnes Aussehen, wodurch er zum Blickfang jedes Raumes wird. Seine Pr\u00e4senz in deinem Zuhause bringt nicht nur Eleganz und Raffinesse, sondern ruft auch eine tiefe Verbindung zur Natur und zur Verg\u00e4nglichkeit der Zeit hervor. Jedes Mal, wenn du ihn betrachtest, erinnert er dich an die Sch\u00f6nheit und Geschichte, die in den Tiefen des Ozeans verborgen liegt.<\/p>\n<p>Oceanic Mystery Marmor \u2013 Einer der faszinierendsten Marmore unserer Kollektion. Diese Steinart pr\u00e4sentiert eine Palette von Farben, die von erdigem Grau bis zu blassem Braun reichen, auf einem Hintergrund aus wei\u00dfen Maserungen und dunklen Schattierungen. Sein einzigartiges Muster erinnert an eine Sammlung unterschiedlich gro\u00dfer Kieselsteine. Unser au\u00dfergew\u00f6hnlicher und seltener Oceanic Mystery Marmor ist ein Zeugnis der uralten marinen Geschichte der Erde \u2013 ein seltener und kostbarer Stein, der die Essenz der Tiefsee einf\u00e4ngt. Seine Einzigartigkeit liegt in der bemerkenswerten Erhaltung antiker Meeresfossilien, Muscheln und Schnecken, die sich \u00fcber Millionen von Jahren kunstvoll in den Stein eingebettet haben. Diese nat\u00fcrlichen Relikte, \u00fcber die Zeit hinweg konserviert, gew\u00e4hren einen Blick in eine l\u00e4ngst vergangene Epoche, wodurch jede Platte des Oceanic Mystery Marmors zu einem St\u00fcck des gigantischen Ozeangeschichtsbuchs unseres Planeten wird.<\/p>\n<p>Die Seltenheit dieses Marmors ist das Ergebnis der besonderen Bedingungen, die zu seiner Entstehung f\u00fchrten. Die au\u00dfergew\u00f6hnliche Konservierung von Fossilien innerhalb des Marmors ist ein seltenes Ph\u00e4nomen, da sie die perfekte Kombination biologischer und geologischer Faktoren erfordert. All dies macht den Oceanic Mystery Marmor nicht nur zu einem Wunder der Natur, sondern auch zu einem begehrten Sammlerst\u00fcck, das wegen seiner historischen Bedeutung und einzigartigen Geschichte gesch\u00e4tzt wird.<\/p>\n<p>&nbsp;<\/p>\n<p><a href=\"https:\/\/forzini.com\/de\/materialien\/\" target=\"_blank\" rel=\"noopener\">Erfahren Sie mehr \u00fcber unsere Kollektion von Marmor und Onyx \u00fcber diesen Link: <\/a><a href=\"https:\/\/forzini.com\/de\/materialien\/\" target=\"_blank\" rel=\"noopener\">Materialien<\/a><\/p>\n<p>&nbsp;<\/p>\n<h3><strong>Hauptmerkmale:<\/strong><\/h3>\n<h3><strong>Montage:<\/strong> Nicht erforderlich.<\/h3>\n<h3><strong>Steinoberfl\u00e4che:<\/strong> Poliert.<\/h3>\n<h3><strong>Beinfinish:<\/strong> Edelstahl, Braun.<\/h3>\n<h3><strong>Gewicht: 25 kg<\/strong><\/h3>\n","protected":false},"excerpt":{"rendered":"<h1>Couchtisch oval marmor<\/h1>\n<p>Eine spektakul\u00e4re Verschmelzung von Design und Kunst. Mit ihrer unregelm\u00e4\u00dfigen Form, handgefertigt aus einem massiven Block grauen Marmors, besitzt diese nordisch inspirierte Steintisch eine unvergleichliche Ausstrahlung. Die dicken, ungeschliffenen Kanten im Kontrast zu dem au\u00dfergew\u00f6hnlich seltenen Marmor verleihen dem Tisch eine besondere rustikale Note und eine unverwechselbare, authentische \u00c4sthetik. Diese einzigartige Kombination aus raffinierten und rustikalen Elementen macht den Tisch zu einem ikonischen M\u00f6belst\u00fcck, das jedem Raum luxuri\u00f6se Eleganz und unvergleichliche Raffinesse verleiht.<\/p>\n<h2><strong>Abmessungen:<\/strong> <strong>Breite 50 cm, L\u00e4nge 60 cm, H\u00f6he 50 cm.<\/strong><\/h2>\n","protected":false},"featured_media":12223,"comment_status":"closed","ping_status":"closed","template":"","meta":{"_acf_changed":false,"_joinchat":[]},"product_brand":[],"product_cat":[359,277],"product_tag":[264],"class_list":{"0":"post-12233","1":"product","2":"type-product","3":"status-publish","4":"has-post-thumbnail","6":"product_cat-marmor-couchtische","7":"product_cat-tische","8":"product_tag-marmor","10":"first","11":"instock","12":"sale","13":"featured","14":"shipping-taxable","15":"purchasable","16":"product-type-simple"},"acf":[],"_links":{"self":[{"href":"https:\/\/forzini.com\/de\/wp-json\/wp\/v2\/product\/12233","targetHints":{"allow":["GET"]}}],"collection":[{"href":"https:\/\/forzini.com\/de\/wp-json\/wp\/v2\/product"}],"about":[{"href":"https:\/\/forzini.com\/de\/wp-json\/wp\/v2\/types\/product"}],"replies":[{"embeddable":true,"href":"https:\/\/forzini.com\/de\/wp-json\/wp\/v2\/comments?post=12233"}],"version-history":[{"count":0,"href":"https:\/\/forzini.com\/de\/wp-json\/wp\/v2\/product\/12233\/revisions"}],"wp:featuredmedia":[{"embeddable":true,"href":"https:\/\/forzini.com\/de\/wp-json\/wp\/v2\/media\/12223"}],"wp:attachment":[{"href":"https:\/\/forzini.com\/de\/wp-json\/wp\/v2\/media?parent=12233"}],"wp:term":[{"taxonomy":"product_brand","embeddable":true,"href":"https:\/\/forzini.com\/de\/wp-json\/wp\/v2\/product_brand?post=12233"},{"taxonomy":"product_cat","embeddable":true,"href":"https:\/\/forzini.com\/de\/wp-json\/wp\/v2\/product_cat?post=12233"},{"taxonomy":"product_tag","embeddable":true,"href":"https:\/\/forzini.com\/de\/wp-json\/wp\/v2\/product_tag?post=12233"}],"curies":[{"name":"wp","href":"https:\/\/api.w.org\/{rel}","templated":true}]}}