{"id":12191,"date":"2024-07-02T17:37:28","date_gmt":"2024-07-02T15:37:28","guid":{"rendered":"https:\/\/forzini.com\/producto\/mesa-auxiliar-redonda-de-marmol-cibeles\/"},"modified":"2025-05-04T14:19:23","modified_gmt":"2025-05-04T12:19:23","slug":"schwarzer-marmor-couchtisch-cibeles","status":"publish","type":"product","link":"https:\/\/forzini.com\/de\/producto\/schwarzer-marmor-couchtisch-cibeles\/","title":{"rendered":"Schwarzer marmor couchtisch Cibeles"},"content":{"rendered":"<h1>Schwarzer marmor couchtisch &#8222;Cibeles&#8220;<\/h1>\n<p>Dieser Schwarzer marmor couchtisch mit klassischer runder Tischplatte ist ein Zeugnis zeitloser Eleganz. Seine Form vermittelt ein Gef\u00fchl von Harmonie und Ausgewogenheit und macht ihn zu einer beruhigenden Pr\u00e4senz in jedem Interieur. Dank seiner Vielseitigkeit kann er als niedriger Couchtisch, Beistelltisch oder Eckm\u00f6bel verwendet werden, sodass er sich perfekt an Ihre Bed\u00fcrfnisse anpasst und die Sch\u00f6nheit Ihres Wohnraums unterstreicht. Gefertigt aus einem seltenen und einzigartigen Marmor, ist dieser Tisch ein wahres Kunstwerk. Seine charakteristischen Maserungen und die luxuri\u00f6se Textur sind eine visuelle Freude, die Bewunderung hervorruft und Ihrer Einrichtung einen Hauch von Opulenz verleiht. Jeder Tisch ist ein Unikat, durchdrungen von der Leidenschaft und dem K\u00f6nnen seines Sch\u00f6pfers \u2013 handgefertigt von erfahrenen Kunsthandwerkern. Diese meisterhafte Verarbeitung hebt unseren Tisch hervor und macht ihn zu einem wertvollen Bestandteil jedes Hauses. Stellen Sie sich die sanften Adern vor, die elegant \u00fcber die Oberfl\u00e4che verlaufen und ein bezauberndes visuelles Schauspiel erschaffen, das das Licht einf\u00e4ngt und Blicke auf sich zieht. Die Stahlbeine bieten eine elegante und robuste Basis, die die edle Marmorplatte perfekt erg\u00e4nzt.<\/p>\n<p>Erh\u00e4ltlich in schwarzem Marmor, der eine starke und fokussierte Pr\u00e4senz ausstrahlt, sowie in grauem Marmor, der sanftes, beruhigendes Licht spendet. Dieser Tisch ist ein vielseitiges und unverzichtbares Element in jedem stilvollen Interieur. Ob als zentraler Tisch im Wohnzimmer, dekoratives Element im Esszimmer oder als Beistelltisch \u2013 dieser kleine runde Marmortisch bereichert Ihren Raum und vermittelt ein Gef\u00fchl raffinierten Luxus.<\/p>\n<p>Oceanic Mystery Marmor \u2013 Einer der faszinierendsten Marmore in unserer Kollektion. Diese Steinart zeigt eine Palette von Farben, die von erdigem Grau bis zu blassem Braun reichen, auf einem Hintergrund aus wei\u00dfen Maserungen und dunklen Schattierungen. Sein einzigartiges Muster erinnert an eine Sammlung unterschiedlich gro\u00dfer Kieselsteine.<\/p>\n<p>Zebra Black Marmor \u2013 Ein tiefschwarzer Marmor mit auff\u00e4lligen wei\u00dfen Maserungen. Der dunkle Hintergrund dient als B\u00fchne f\u00fcr ein beeindruckendes Zusammenspiel aus erdigen Beiget\u00f6nen und wei\u00dfen Adern, die an die wilde Sch\u00f6nheit der Streifen eines Zebras erinnern. Dieser erstklassige Marmor besticht durch seine unnachahmliche Sch\u00f6nheit in jeder einzelnen Platte. Unser au\u00dfergew\u00f6hnlicher und seltener Oceanic Mystery Marmor erz\u00e4hlt die uralte marine Geschichte der Erde \u2013 eine seltene und kostbare Steinart, die die Essenz der Tiefsee einf\u00e4ngt. Seine Einzigartigkeit liegt in der bemerkenswerten Erhaltung antiker Meeresfossilien, Muscheln und Schnecken, die sich \u00fcber Millionen von Jahren kunstvoll in den Stein eingebettet haben. Diese nat\u00fcrlichen Relikte, \u00fcber die Zeit hinweg konserviert, gew\u00e4hren einen Blick in eine l\u00e4ngst vergangene Epoche, wodurch jede Platte des Oceanic Mystery Marmors zu einem St\u00fcck des gigantischen Ozeangeschichtsbuchs unseres Planeten wird. Die Seltenheit des Oceanic Mystery Marmors ist das Resultat der speziellen Bedingungen, die zu seiner Entstehung f\u00fchrten. Die au\u00dfergew\u00f6hnliche Konservierung von Fossilien innerhalb des Marmors ist ein seltenes Ph\u00e4nomen, da sie die perfekte Kombination biologischer und geologischer Faktoren erfordert. All dies macht den Oceanic Mystery Marmor nicht nur zu einem Wunder der Natur, sondern auch zu einem begehrten Sammlerst\u00fcck, das wegen seiner historischen Bedeutung und seiner einzigartigen Geschichte gesch\u00e4tzt wird.<\/p>\n<p>&nbsp;<\/p>\n<p><a href=\"https:\/\/forzini.com\/de\/materialien\/\" target=\"_blank\" rel=\"noopener\">Erfahren Sie mehr \u00fcber unsere Kollektion von Marmor und Onyx \u00fcber diesen Link: <\/a><a href=\"https:\/\/forzini.com\/de\/materialien\/\" target=\"_blank\" rel=\"noopener\">Materialien<\/a><\/p>\n<h4><strong>Besondere Merkmale:<\/strong><\/h4>\n<h4><strong>Montage:<\/strong> Nicht erforderlich.<\/h4>\n<h4><strong>Steinoberfl\u00e4che:<\/strong> Poliert.<\/h4>\n<h4><strong>Gestell-Finish:<\/strong> Edelstahl, Farbe Silber.<\/h4>\n<h4><strong>Gewicht:<\/strong> 8 kg.<\/h4>\n","protected":false},"excerpt":{"rendered":"<h2>Schwarzer marmor couchtisch<\/h2>\n<p>Dies ist ein minimalistisch gestalteter Tisch, der zum Mittelpunkt jeder Wohnungsdekoration wird. Mit seiner eleganten runden Tischplatte strahlt er sowohl Raffinesse als auch Schlichtheit aus und passt perfekt zu verschiedenen Einrichtungsstilen. Erh\u00e4ltlich in zwei Farben, bietet jede Variante ihren eigenen einzigartigen Charme: Der graue Marmor bringt ein sanftes und beruhigendes Licht, w\u00e4hrend der schwarze Marmor eine starke Pers\u00f6nlichkeit und Pr\u00e4senz ausstrahlt.<\/p>\n","protected":false},"featured_media":12192,"comment_status":"closed","ping_status":"closed","template":"","meta":{"_acf_changed":false,"_joinchat":[]},"product_brand":[],"product_cat":[359,277],"product_tag":[264],"class_list":{"0":"post-12191","1":"product","2":"type-product","3":"status-publish","4":"has-post-thumbnail","6":"product_cat-marmor-couchtische","7":"product_cat-tische","8":"product_tag-marmor","10":"first","11":"outofstock","12":"sale","13":"featured","14":"shipping-taxable","15":"purchasable","16":"product-type-variable"},"acf":[],"_links":{"self":[{"href":"https:\/\/forzini.com\/de\/wp-json\/wp\/v2\/product\/12191","targetHints":{"allow":["GET"]}}],"collection":[{"href":"https:\/\/forzini.com\/de\/wp-json\/wp\/v2\/product"}],"about":[{"href":"https:\/\/forzini.com\/de\/wp-json\/wp\/v2\/types\/product"}],"replies":[{"embeddable":true,"href":"https:\/\/forzini.com\/de\/wp-json\/wp\/v2\/comments?post=12191"}],"version-history":[{"count":0,"href":"https:\/\/forzini.com\/de\/wp-json\/wp\/v2\/product\/12191\/revisions"}],"wp:featuredmedia":[{"embeddable":true,"href":"https:\/\/forzini.com\/de\/wp-json\/wp\/v2\/media\/12192"}],"wp:attachment":[{"href":"https:\/\/forzini.com\/de\/wp-json\/wp\/v2\/media?parent=12191"}],"wp:term":[{"taxonomy":"product_brand","embeddable":true,"href":"https:\/\/forzini.com\/de\/wp-json\/wp\/v2\/product_brand?post=12191"},{"taxonomy":"product_cat","embeddable":true,"href":"https:\/\/forzini.com\/de\/wp-json\/wp\/v2\/product_cat?post=12191"},{"taxonomy":"product_tag","embeddable":true,"href":"https:\/\/forzini.com\/de\/wp-json\/wp\/v2\/product_tag?post=12191"}],"curies":[{"name":"wp","href":"https:\/\/api.w.org\/{rel}","templated":true}]}}