{"id":12185,"date":"2024-07-03T09:11:27","date_gmt":"2024-07-03T07:11:27","guid":{"rendered":"https:\/\/forzini.com\/producto\/mesa-de-onix-juno\/"},"modified":"2025-08-17T12:29:11","modified_gmt":"2025-08-17T10:29:11","slug":"couchtisch-gold-marmor-juno","status":"publish","type":"product","link":"https:\/\/forzini.com\/de\/producto\/couchtisch-gold-marmor-juno\/","title":{"rendered":"Couchtisch gold marmor &#8211; Moderner Beistelltisch"},"content":{"rendered":"<h2>Couchtisch gold marmor &#8222;Juno&#8220;<\/h2>\n<p>Dieser exquisite Couchtisch aus goldenem Marmor und Onyx, handgefertigt von Meisterhandwerkern mit traditionellen Techniken, zeigt die majest\u00e4tische Eleganz des nat\u00fcrlichen Onyx.<\/p>\n<p>Sein elegantes Profil und seine strahlende Oberfl\u00e4che schaffen ein faszinierendes Spiel aus Licht und Schatten, das ihn zum Mittelpunkt jedes Raumes macht.<\/p>\n<p>Unser seltener, sorgf\u00e4ltig ausgew\u00e4hlter Onyx verleiht jedem Interieur eine unverwechselbare Sch\u00f6nheit und bringt eine zeitlose Innovation, die \u00fcber Generationen hinweg Bestand hat.<\/p>\n<p>Dieser Tisch ist nicht nur ein M\u00f6belst\u00fcck, sondern ein langlebiges Meisterwerk, das f\u00fcr die Ewigkeit geschaffen wurde.<\/p>\n<p>Er kann als stapelbarer Tisch zusammen mit dem niedrigeren Modell &#8218;Janus&#8216; verwendet werden.<\/p>\n<p>Duna Dorada Onyx: Der wei\u00dfe Hintergrund wirkt wie eine ruhige Leinwand, zart verziert mit sanften wei\u00dfen Wolken, die elegant \u00fcber die Oberfl\u00e4che schweben.<\/p>\n<p>Cremige und gelbliche Schattierungen sowie goldene, karamellfarbene, braune, cognacfarbene und r\u00f6tliche Adern durchziehen das Material.<\/p>\n<p>Dieser besondere wei\u00dfe Onyx ist eine seltene Entdeckung, die nur in begrenzten Mengen erh\u00e4ltlich ist, da er aus einem spezifischen Gebiet abgebaut wird.<\/p>\n<p>Wussten Sie schon? Wei\u00dfer Onyx ist eine faszinierende Natursteinart, gesch\u00e4tzt f\u00fcr ihre Seltenheit und ruhige Sch\u00f6nheit.<\/p>\n<p>Seine Knappheit ist auf die besonderen Bedingungen zur\u00fcckzuf\u00fchren, unter denen er entsteht: Siliziumreiches Wasser tropft in H\u00f6hlen und lagert Schichten von Chalzedon ab, die \u00fcber Jahrtausende kristallisieren.<\/p>\n<p>Die cremige Elfenbeinfarbe des wei\u00dfen Onyx erinnert an antike Kunst und Architektur und vermittelt ein Gef\u00fchl von zeitloser Eleganz und Reinheit.<\/p>\n<p>Die Magie des wei\u00dfen Onyx liegt in seiner translucenten Qualit\u00e4t \u2013 fast so, als hielte man einen festen Teil des Mondscheins in H\u00e4nden.<\/p>\n<p>Dieses au\u00dfergew\u00f6hnliche Material l\u00e4sst ein faszinierendes Licht- und Schattenspiel entstehen, das die Oberfl\u00e4che belebt und die einzigartigen Muster im Inneren offenbart.<\/p>\n<p>Und dann sind da noch die wolkenartigen Zeichnungen \u2013 die nat\u00fcrliche Kunst des wei\u00dfen Onyx.<\/p>\n<p>Sie sind die Pinselstriche der Erde, einzigartig in jeder Platte, und erschaffen neblige Landschaften und sanfte Wellen, die sich \u00fcber den Stein erstrecken.<\/p>\n<p>Gerade dieses Muster verleiht dem wei\u00dfen Onyx seinen unglaublichen Charme.<\/p>\n<p>&nbsp;<\/p>\n<p>&nbsp;<\/p>\n<p><a href=\"https:\/\/forzini.com\/de\/materialien\/\" target=\"_blank\" rel=\"noopener\">Erfahren Sie mehr \u00fcber unsere Kollektion von Marmor und Onyx \u00fcber diesen Link: <\/a><a href=\"https:\/\/forzini.com\/de\/materialien\/\" target=\"_blank\" rel=\"noopener\">Materialien<\/a><\/p>\n<h3><strong>Herausragende Eigenschaften:<\/strong><\/h3>\n<h3><strong>Montage:<\/strong> Nicht erforderlich.<\/h3>\n<h3><strong>Steinfinish:<\/strong> Poliert.<\/h3>\n<h3><strong>Gestellfinish:<\/strong> Edelstahl, Tulip-Typ, goldfarben.<\/h3>\n<h3><strong>Gewicht:<\/strong> 15 kg<\/h3>\n","protected":false},"excerpt":{"rendered":"<h1>Couchtisch gold marmor<\/h1>\n<p>Onyx ist ein handgefertigtes Meisterwerk mit exklusivem Design. Jede Tischplatte wird von erfahrenen Kunsthandwerkern sorgf\u00e4ltig bearbeitet, die traditionelle Techniken anwenden, um die nat\u00fcrliche Sch\u00f6nheit des Onyx hervorzuheben.<\/p>\n<p>Die Oberfl\u00e4che der Tischplatte, mit ihren organischen Formen und ihrer einzigartigen Textur, reflektiert das Licht auf spektakul\u00e4re Weise und erzeugt ein faszinierendes Spiel aus Schatten und Glanz, das die Aufmerksamkeit auf sich zieht und jedem Raum einen Hauch von Luxus verleiht.<\/p>\n<h2><strong>Dimensionen:<\/strong> <strong>Breite 50 cm, L\u00e4nge 60 cm, H\u00f6he 50 cm.<\/strong><\/h2>\n","protected":false},"featured_media":14590,"comment_status":"closed","ping_status":"closed","template":"","meta":{"_acf_changed":false,"_joinchat":[]},"product_brand":[],"product_cat":[393,277],"product_tag":[265],"class_list":{"0":"post-12185","1":"product","2":"type-product","3":"status-publish","4":"has-post-thumbnail","6":"product_cat-naturstein-couchtische","7":"product_cat-tische","8":"product_tag-onyx-de","10":"first","11":"instock","12":"sale","13":"featured","14":"shipping-taxable","15":"purchasable","16":"product-type-simple"},"acf":[],"_links":{"self":[{"href":"https:\/\/forzini.com\/de\/wp-json\/wp\/v2\/product\/12185","targetHints":{"allow":["GET"]}}],"collection":[{"href":"https:\/\/forzini.com\/de\/wp-json\/wp\/v2\/product"}],"about":[{"href":"https:\/\/forzini.com\/de\/wp-json\/wp\/v2\/types\/product"}],"replies":[{"embeddable":true,"href":"https:\/\/forzini.com\/de\/wp-json\/wp\/v2\/comments?post=12185"}],"version-history":[{"count":0,"href":"https:\/\/forzini.com\/de\/wp-json\/wp\/v2\/product\/12185\/revisions"}],"wp:featuredmedia":[{"embeddable":true,"href":"https:\/\/forzini.com\/de\/wp-json\/wp\/v2\/media\/14590"}],"wp:attachment":[{"href":"https:\/\/forzini.com\/de\/wp-json\/wp\/v2\/media?parent=12185"}],"wp:term":[{"taxonomy":"product_brand","embeddable":true,"href":"https:\/\/forzini.com\/de\/wp-json\/wp\/v2\/product_brand?post=12185"},{"taxonomy":"product_cat","embeddable":true,"href":"https:\/\/forzini.com\/de\/wp-json\/wp\/v2\/product_cat?post=12185"},{"taxonomy":"product_tag","embeddable":true,"href":"https:\/\/forzini.com\/de\/wp-json\/wp\/v2\/product_tag?post=12185"}],"curies":[{"name":"wp","href":"https:\/\/api.w.org\/{rel}","templated":true}]}}