{"id":12145,"date":"2024-07-03T09:27:30","date_gmt":"2024-07-03T07:27:30","guid":{"rendered":"https:\/\/forzini.com\/producto\/mesa-de-piedra-onix-janus\/"},"modified":"2025-08-17T14:13:47","modified_gmt":"2025-08-17T12:13:47","slug":"couchtisch-marmorplatte-rund-janus","status":"publish","type":"product","link":"https:\/\/forzini.com\/de\/producto\/couchtisch-marmorplatte-rund-janus\/","title":{"rendered":"Couchtisch marmorplatte rund &#8211; Kleiner Akzenttisch"},"content":{"rendered":"<h2>Couchtisch marmorplatte rund &#8222;Janus&#8220;<\/h2>\n<p>Von unseren erfahrenen Handwerksmeistern gefertigt, zeigt dieser Couchtisch mit runder Marmorplatte aus Onyx die erhabene Eleganz der Natursteinmaterialien.<\/p>\n<p>Seine klaren Linien, die unregelm\u00e4\u00dfige Form der Tischplatte auf einem Edelstahlgestell und die leuchtende Oberfl\u00e4che erzeugen ein faszinierendes Spiel aus Licht und Schatten, das ihn zu einem markanten Akzent im Wohnzimmerdesign macht.<\/p>\n<p>Unser exklusiver wei\u00dfer Onyx, sorgf\u00e4ltig ausgew\u00e4hlt, verleiht jeder Einrichtung einen Hauch von Raffinesse und macht ihn zu einem zeitlosen Meisterwerk, das \u00fcber Generationen hinweg Bestand hat.<\/p>\n<p>Ob als Satztisch oder in Kombination mit dem Modell \u201eJuno\u201c, seine kompakte Gr\u00f6\u00dfe erm\u00f6glicht es ihm, sowohl als eigenst\u00e4ndiges Highlight als auch als harmonischer Bestandteil einer Tischgruppe mit variierenden Gr\u00f6\u00dfen zu wirken.<\/p>\n<p>Duna Dorada Onyx: Der wei\u00dfe Hintergrund gleicht einer ruhigen Leinwand, die sanft mit schwebenden wei\u00dfen und goldenen Wolken verziert ist. Cremige und gelbe Schattierungen sowie Adern in Gold-, Karamell-, Braun-, Cognac- und Rott\u00f6nen.<\/p>\n<p>Dieser besondere wei\u00dfe Onyx ist eine seltene Entdeckung, die nur in begrenzten Mengen verf\u00fcgbar ist, da er aus einer spezifischen Region gewonnen wird.<\/p>\n<p>Jeder Tisch, den wir anbieten, ist ein Zeugnis der Meisterschaft unserer Handwerker, deren Talent, Wissen und Erfahrung in der Verarbeitung der edlen Materialien Onyx und Marmor un\u00fcbertroffen sind.<\/p>\n<p>Mit geschickten H\u00e4nden verwandeln sie diese edlen Steine in exquisite M\u00f6belst\u00fccke. Ihr feines Gesp\u00fcr f\u00fcr die Kombination von Mustern erm\u00f6glicht es ihnen, sorgf\u00e4ltig die passendsten Oberfl\u00e4chen auszuw\u00e4hlen, sodass jede Maserung und jede Kontur zur Gesamt\u00e4sthetik des St\u00fccks beitr\u00e4gt.<\/p>\n<p>Nur ein wahrer K\u00fcnstler kann ein so gro\u00dfartiges Kunstwerk erschaffen \u2013 und unsere Handwerksmeister sind genau das. Ihre Hingabe zum Handwerk zeigt sich in der akribischen Liebe zum Detail, der harmonischen Abstimmung der Steinmuster und der makellosen Verarbeitung jedes einzelnen Tisches.<\/p>\n<p>&nbsp;<\/p>\n<p><a href=\"https:\/\/forzini.com\/de\/materialien\/\" target=\"_blank\" rel=\"noopener\">Erfahren Sie mehr \u00fcber unsere Kollektion von Marmor und Onyx \u00fcber diesen Link: <\/a><a href=\"https:\/\/forzini.com\/de\/materialien\/\" target=\"_blank\" rel=\"noopener\">Materialien<\/a><\/p>\n<h3><strong>Herausragende Eigenschaften:<\/strong><\/h3>\n<h3><strong>Montage:<\/strong> Nicht erforderlich.<\/h3>\n<h3><strong>Steinfinish:<\/strong> Poliert.<\/h3>\n<h3><strong>Gestellfinish:<\/strong> Edelstahl, Tulip-Typ, goldfarben.<\/h3>\n<h3><strong>Gewicht:<\/strong> 8 kg<\/h3>\n","protected":false},"excerpt":{"rendered":"<h1>Couchtisch marmorplatte rund<\/h1>\n<p>Ein stilvolles Designst\u00fcck aus wei\u00dfem Onyx mit goldener Basis. Die Reinheit des wei\u00dfen Onyx mit seinen zarten Maserungen und seiner leuchtenden Oberfl\u00e4che verbindet sich harmonisch mit der Eleganz der goldenen Basis und verleiht diesem Tisch Luxus und Raffinesse.<\/p>\n<p>Dieser Tisch besticht durch seine Sch\u00f6nheit und Vielseitigkeit. Er kann perfekt mit dem Modell Juno kombiniert werden, um ein Set aus ineinander verschachtelten Tischen zu schaffen, das jedem Raum einen Hauch von Modernit\u00e4t und Funktionalit\u00e4t verleiht.<\/p>\n<p>Dieses Duo ist ideal f\u00fcr alle, die eine dekorative L\u00f6sung suchen, die sowohl praktisch als auch optisch beeindruckend ist.<\/p>\n<h2><strong>Ma\u00dfe:<\/strong> Breite 37 cm, L\u00e4nge 38 cm, H\u00f6he 40 cm.<\/h2>\n","protected":false},"featured_media":14555,"comment_status":"closed","ping_status":"closed","template":"","meta":{"_acf_changed":false,"_joinchat":[]},"product_brand":[],"product_cat":[393,277],"product_tag":[265],"class_list":{"0":"post-12145","1":"product","2":"type-product","3":"status-publish","4":"has-post-thumbnail","6":"product_cat-naturstein-couchtische","7":"product_cat-tische","8":"product_tag-onyx-de","10":"first","11":"instock","12":"sale","13":"featured","14":"shipping-taxable","15":"purchasable","16":"product-type-simple"},"acf":[],"_links":{"self":[{"href":"https:\/\/forzini.com\/de\/wp-json\/wp\/v2\/product\/12145","targetHints":{"allow":["GET"]}}],"collection":[{"href":"https:\/\/forzini.com\/de\/wp-json\/wp\/v2\/product"}],"about":[{"href":"https:\/\/forzini.com\/de\/wp-json\/wp\/v2\/types\/product"}],"replies":[{"embeddable":true,"href":"https:\/\/forzini.com\/de\/wp-json\/wp\/v2\/comments?post=12145"}],"version-history":[{"count":0,"href":"https:\/\/forzini.com\/de\/wp-json\/wp\/v2\/product\/12145\/revisions"}],"wp:featuredmedia":[{"embeddable":true,"href":"https:\/\/forzini.com\/de\/wp-json\/wp\/v2\/media\/14555"}],"wp:attachment":[{"href":"https:\/\/forzini.com\/de\/wp-json\/wp\/v2\/media?parent=12145"}],"wp:term":[{"taxonomy":"product_brand","embeddable":true,"href":"https:\/\/forzini.com\/de\/wp-json\/wp\/v2\/product_brand?post=12145"},{"taxonomy":"product_cat","embeddable":true,"href":"https:\/\/forzini.com\/de\/wp-json\/wp\/v2\/product_cat?post=12145"},{"taxonomy":"product_tag","embeddable":true,"href":"https:\/\/forzini.com\/de\/wp-json\/wp\/v2\/product_tag?post=12145"}],"curies":[{"name":"wp","href":"https:\/\/api.w.org\/{rel}","templated":true}]}}