{"id":12128,"date":"2024-07-03T11:19:56","date_gmt":"2024-07-03T09:19:56","guid":{"rendered":"https:\/\/forzini.com\/producto\/mesa-auxiliar-de-onix-mercury\/"},"modified":"2025-05-04T13:22:56","modified_gmt":"2025-05-04T11:22:56","slug":"couchtisch-marmor-gruen-mercury","status":"publish","type":"product","link":"https:\/\/forzini.com\/de\/producto\/couchtisch-marmor-gruen-mercury\/","title":{"rendered":"Couchtisch marmor gr\u00fcn Mercury"},"content":{"rendered":"<h1><span class=\"keyword _ngcontent-wib-115\" aria-hidden=\"false\">Couchtisch marmor gr\u00fcn<\/span> &#8222;Mercury&#8220;<\/h1>\n<p>Jedes St\u00fcck dieses Couchtischs aus gr\u00fcnem Onyx und Marmor wird sorgf\u00e4ltig von hochqualifizierten Handwerksmeistern handgefertigt. Mit seiner runden Form, die Perfektion verk\u00f6rpert, vereint dieser Tisch den sensationellen Onyx mit dem beeindruckenden Marmor und schafft damit ein skulpturales Kunstwerk, das jedem Innenraum zeitlose Eleganz und Raffinesse verleiht.<\/p>\n<p>Die nat\u00fcrliche Sch\u00f6nheit des Onyx entfaltet sich auf jeder Oberfl\u00e4che, zeigt einzigartige Muster und lebendige Farben, die die Essenz der Natur einfangen. Dank der nat\u00fcrlichen Transparenz des Onyx erm\u00f6glicht die Basis eine interne Beleuchtung, die ein sanftes Leuchten erzeugt und dem Raum W\u00e4rme und Eleganz verleiht.<\/p>\n<p>Vielseitig und zeitgem\u00e4\u00df \u2013 dieser Tisch dient nicht nur als Beistelltisch, sondern kann auch als Couchtisch, Nachttisch oder Podest f\u00fcr die Pr\u00e4sentation einer Vase, eines B\u00fcstens oder einer Lampe verwendet werden, wodurch er die Atmosph\u00e4re mit unvergleichlicher Eleganz bereichert. Jede einzelne dieser Kreationen ist eine Stil- und Geschmackserkl\u00e4rung, perfekt f\u00fcr diejenigen, die ihrem Zuhause einen Hauch von Luxus hinzuf\u00fcgen m\u00f6chten.<\/p>\n<p>Wussten Sie, dass unser Onyx eine faszinierende Transluzenz besitzt, die Kunsthandwerker und Bewunderer gleicherma\u00dfen fasziniert?<\/p>\n<p>Seine F\u00e4higkeit, Licht zu streuen statt zu reflektieren, verleiht dem Onyx eine fast mystische Qualit\u00e4t. Das Licht, das durch seine marmorierten Schichten dringt, wird sanft ged\u00e4mpft und erzeugt eine warme, einladende Ausstrahlung, die jeden Raum in einen Ort der Sch\u00f6nheit und Kontemplation verwandeln kann.<\/p>\n<p>Diese Transluzenz ist eine Metapher f\u00fcr Tiefe und Komplexit\u00e4t. So wie das Licht die verborgenen Nuancen des Onyx enth\u00fcllt, l\u00e4dt uns dieser au\u00dfergew\u00f6hnliche Stein dazu ein, \u00fcber die Oberfl\u00e4che hinauszublicken und die subtile Interaktion von Farbe und Form in seinem Inneren zu entdecken.<\/p>\n<p>In einer Welt, die oft das Offensichtliche bevorzugt, erinnert uns die besondere Transparenz des Onyx an die Sch\u00f6nheit, die sich in der Ruhe, der Diskretion und der Tiefe verbirgt. Diese Eigenschaft macht Onyx nicht nur zu einem Material, sondern zu einem Medium, durch das die Natur ihre faszinierendsten Geheimnisse offenbart.<\/p>\n<p>&nbsp;<\/p>\n<p><a href=\"https:\/\/forzini.com\/de\/materialien\/\" target=\"_blank\" rel=\"noopener\">Erfahren Sie mehr \u00fcber unsere Kollektion von Marmor und Onyx \u00fcber diesen Link: <\/a><a href=\"https:\/\/forzini.com\/de\/materialien\/\" target=\"_blank\" rel=\"noopener\">Materialien<\/a><\/p>\n<h3><strong>Besondere Merkmale:<\/strong><\/h3>\n<h3><strong>Montage:<\/strong> Nicht erforderlich.<\/h3>\n<h3><strong>Steinfinish:<\/strong> Poliert.<\/h3>\n<h3><strong>Gewicht:<\/strong> 75 kg<\/h3>\n","protected":false},"excerpt":{"rendered":"<h2><span class=\"keyword _ngcontent-wib-115\" aria-hidden=\"false\">Couchtisch marmor gr\u00fcn<\/span><\/h2>\n<p>Onyx ist nicht nur ein unverwechselbares dekoratives Element, sondern auch au\u00dfergew\u00f6hnlich vielseitig. Perfekt als elegante Nachttisch aus Marmor, kann dieses multifunktionale M\u00f6belst\u00fcck auch als bequemer zus\u00e4tzlicher Sitz verwendet werden und passt sich m\u00fchelos jedem Raum in Ihrem Zuhause an.<\/p>\n<h5><strong>Dank seines innovativen Designs kann dieser Tisch von unten hinterleuchtet werden, da gr\u00fcner Onyx transluzent ist, und sich in eine Lampe verwandeln, die mit sanftem und faszinierendem Licht eine gem\u00fctliche und elegante Atmosph\u00e4re schafft.<\/strong><\/h5>\n<h4><strong>Ma\u00dfe:<\/strong> Durchmesser 38 cm, H\u00f6he 52 cm.<\/h4>\n","protected":false},"featured_media":12129,"comment_status":"closed","ping_status":"closed","template":"","meta":{"_acf_changed":false,"_joinchat":[]},"product_brand":[],"product_cat":[277],"product_tag":[264,265],"class_list":{"0":"post-12128","1":"product","2":"type-product","3":"status-publish","4":"has-post-thumbnail","6":"product_cat-tische","7":"product_tag-marmor","8":"product_tag-onyx-de","10":"first","11":"instock","12":"sale","13":"shipping-taxable","14":"purchasable","15":"product-type-simple"},"acf":[],"_links":{"self":[{"href":"https:\/\/forzini.com\/de\/wp-json\/wp\/v2\/product\/12128","targetHints":{"allow":["GET"]}}],"collection":[{"href":"https:\/\/forzini.com\/de\/wp-json\/wp\/v2\/product"}],"about":[{"href":"https:\/\/forzini.com\/de\/wp-json\/wp\/v2\/types\/product"}],"replies":[{"embeddable":true,"href":"https:\/\/forzini.com\/de\/wp-json\/wp\/v2\/comments?post=12128"}],"version-history":[{"count":0,"href":"https:\/\/forzini.com\/de\/wp-json\/wp\/v2\/product\/12128\/revisions"}],"wp:featuredmedia":[{"embeddable":true,"href":"https:\/\/forzini.com\/de\/wp-json\/wp\/v2\/media\/12129"}],"wp:attachment":[{"href":"https:\/\/forzini.com\/de\/wp-json\/wp\/v2\/media?parent=12128"}],"wp:term":[{"taxonomy":"product_brand","embeddable":true,"href":"https:\/\/forzini.com\/de\/wp-json\/wp\/v2\/product_brand?post=12128"},{"taxonomy":"product_cat","embeddable":true,"href":"https:\/\/forzini.com\/de\/wp-json\/wp\/v2\/product_cat?post=12128"},{"taxonomy":"product_tag","embeddable":true,"href":"https:\/\/forzini.com\/de\/wp-json\/wp\/v2\/product_tag?post=12128"}],"curies":[{"name":"wp","href":"https:\/\/api.w.org\/{rel}","templated":true}]}}