{"id":12108,"date":"2024-07-31T08:47:09","date_gmt":"2024-07-31T06:47:09","guid":{"rendered":"https:\/\/forzini.com\/producto\/mesa-marmol-baja-trivia\/"},"modified":"2025-05-04T13:22:33","modified_gmt":"2025-05-04T11:22:33","slug":"couchtisch-rund-weiss-marmor","status":"publish","type":"product","link":"https:\/\/forzini.com\/de\/producto\/couchtisch-rund-weiss-marmor\/","title":{"rendered":"Couchtisch rund wei\u00df marmor Trivia"},"content":{"rendered":"<h1>Couchtisch rund wei\u00df marmor &#8222;Trivia&#8220;<\/h1>\n<p>Dieser runde Couchtisch rund wei\u00df Marmor Onyx ist eine Hommage an die Kreativit\u00e4t der Natur und die Kunst unserer Meisterhandwerker. Dieser skulpturale Wohnzimmertisch pr\u00e4sentiert ein einzigartiges Design, das den beeindruckenden roten Zebra-Marmor und wei\u00dfen Onyx vereint.<\/p>\n<p>K\u00fchn und dennoch elegant \u2013 seine stilvolle runde Form macht diesen Tisch komfortabel und vielseitig. Er kann als Nachttisch, Sockel, Couchtisch oder Beistelltisch f\u00fcr den Au\u00dfenbereich dienen. In jeder Wohnraumgestaltung zieht er mit seinem markanten Design und seiner Einzigartigkeit alle Blicke auf sich und verleiht dem Zuhause einen Hauch von dezentem Luxus und exzellentem Geschmack. Dieses handgefertigte M\u00f6belst\u00fcck ist das Werk unserer talentiertesten Meisterhandwerker, die au\u00dfergew\u00f6hnliche Fertigkeiten ben\u00f6tigen, um zwei wundersch\u00f6ne Steine \u2013 wei\u00dfen Onyx und seltenen roten Zebra-Marmor \u2013 perfekt zu vereinen. Sein Design erinnert an die Streifen einer wilden Zebraherde, die seine Kreation inspiriert haben. Dieser Tisch, der das sch\u00f6nste Highlight Ihres Zuhauses sein wird, bietet eine gro\u00dfartige Mischung aus Raffinesse, einer faszinierenden Geschichte au\u00dfergew\u00f6hnlicher Steine und luxuri\u00f6sem Komfort.<\/p>\n<p>Wussten Sie, dass wir den wunderbaren roten Zebra-Marmor sorgf\u00e4ltig f\u00fcr unsere Kollektion ausgew\u00e4hlt haben, weil er einzigartige und seltene Eigenschaften besitzt?<\/p>\n<p>Bekannt f\u00fcr seine lebendige weinrote Farbe und seine markante wei\u00dfe Maserung, zeigt dieser Marmor einen tiefroten Hintergrund mit wei\u00dfen Adern, die \u00fcber seine Oberfl\u00e4che galoppieren wie wilde Zebras in einer Savanne bei Sonnenuntergang. Dieser ausdrucksstarke und elegante Marmor variiert von subtilen, zarten Mustern bis hin zu kr\u00e4ftigen, auff\u00e4lligen Maserungen, wodurch jedes St\u00fcck zu einem echten Kunstwerk wird. Seine Sch\u00f6nheit liegt in der harmonischen und edlen Kombination aus wei\u00dfen Adern auf einem sanften, burgunderroten Hintergrund \u2013 nobel und majest\u00e4tisch. Die rote Farbe ist nicht zu intensiv, sondern sanft, ansprechend und \u00e4u\u00dferst angenehm f\u00fcr das Auge, sodass sie jeden Betrachter fasziniert. Seine einzigartige Farbgebung und Musterung machen ihn zu einem der herausragendsten roten Marmore weltweit. Was den roten Zebra-Marmor wirklich besonders macht, ist seine Seltenheit. Er wird nur in begrenzten Mengen aus einer abgelegenen Bergregion in S\u00fcdostasien gewonnen und ist das Ergebnis eines nat\u00fcrlichen Prozesses, der sich \u00fcber Millionen von Jahren erstreckt. Als metamorphes Gestein entsteht er unter extremer Hitze und Druck, wodurch die Mineralien tief in der Erdkruste ihre charakteristischen Muster und intensiven Farben entwickeln. Seine begrenzte Verf\u00fcgbarkeit und einzigartigen Eigenschaften machen ihn zu einer begehrten Wahl f\u00fcr alle, die ihrer Einrichtung einen Hauch von Eleganz und Exklusivit\u00e4t verleihen m\u00f6chten \u2013 und ihn von anderen roten Marmorsorten weltweit abheben.<\/p>\n<p>&nbsp;<\/p>\n<p><a href=\"https:\/\/forzini.com\/de\/materialien\/\" target=\"_blank\" rel=\"noopener\">Erfahren Sie mehr \u00fcber unsere Kollektion von Marmor und Onyx \u00fcber diesen Link: <\/a><a href=\"https:\/\/forzini.com\/de\/materialien\/\" target=\"_blank\" rel=\"noopener\">Materialien<\/a><\/p>\n<p><strong>Besondere Merkmale:<\/strong><\/p>\n<p><strong>Montage:<\/strong> Nicht erforderlich.<\/p>\n<p><strong>Steinfinish:<\/strong> Poliert.<\/p>\n<p><strong>Gewicht:<\/strong> 75 kg.<\/p>\n","protected":false},"excerpt":{"rendered":"<h2>Couchtisch rund wei\u00df marmor<\/h2>\n<p>Eine wahre Meisterleistung des zeitgen\u00f6ssischen Designs \u2013 ein innovatives und au\u00dfergew\u00f6hnliches St\u00fcck, das durch seine gro\u00dfartige Kombination aus Marmor und Onyx in einer einzigen Einheit besticht. Sein rundes Design mit sanften Linien und einer beeindruckenden Mischung aus rotem Zebra-Marmor und wei\u00dfem Onyx verk\u00f6rpert eine sublime Fusion zwischen der einzigartigen Sch\u00f6nheit der Natur und dem Talent unserer Kunsthandwerker. Die eleganten Streifen seines Designs ziehen alle Blicke auf sich, w\u00e4hrend seine runde Form jeden Innenraum mit einem raffinierten Stil bereichert und den makellosen Geschmack seiner Besitzer widerspiegelt.<\/p>\n<h5>Dank seines innovativen Designs kann dieser Tisch von unten hinterleuchtet werden und als Lampe dienen, da der wei\u00dfe Onyx transluzent ist.<\/h5>\n<h4><strong>Ma\u00dfe:<\/strong> Durchmesser 38 cm, H\u00f6he 52 cm.<\/h4>\n","protected":false},"featured_media":12109,"comment_status":"closed","ping_status":"closed","template":"","meta":{"_acf_changed":false,"_joinchat":[]},"product_brand":[],"product_cat":[359,277],"product_tag":[264],"class_list":{"0":"post-12108","1":"product","2":"type-product","3":"status-publish","4":"has-post-thumbnail","6":"product_cat-marmor-couchtische","7":"product_cat-tische","8":"product_tag-marmor","10":"first","11":"instock","12":"sale","13":"featured","14":"shipping-taxable","15":"purchasable","16":"product-type-simple"},"acf":[],"_links":{"self":[{"href":"https:\/\/forzini.com\/de\/wp-json\/wp\/v2\/product\/12108","targetHints":{"allow":["GET"]}}],"collection":[{"href":"https:\/\/forzini.com\/de\/wp-json\/wp\/v2\/product"}],"about":[{"href":"https:\/\/forzini.com\/de\/wp-json\/wp\/v2\/types\/product"}],"replies":[{"embeddable":true,"href":"https:\/\/forzini.com\/de\/wp-json\/wp\/v2\/comments?post=12108"}],"version-history":[{"count":0,"href":"https:\/\/forzini.com\/de\/wp-json\/wp\/v2\/product\/12108\/revisions"}],"wp:featuredmedia":[{"embeddable":true,"href":"https:\/\/forzini.com\/de\/wp-json\/wp\/v2\/media\/12109"}],"wp:attachment":[{"href":"https:\/\/forzini.com\/de\/wp-json\/wp\/v2\/media?parent=12108"}],"wp:term":[{"taxonomy":"product_brand","embeddable":true,"href":"https:\/\/forzini.com\/de\/wp-json\/wp\/v2\/product_brand?post=12108"},{"taxonomy":"product_cat","embeddable":true,"href":"https:\/\/forzini.com\/de\/wp-json\/wp\/v2\/product_cat?post=12108"},{"taxonomy":"product_tag","embeddable":true,"href":"https:\/\/forzini.com\/de\/wp-json\/wp\/v2\/product_tag?post=12108"}],"curies":[{"name":"wp","href":"https:\/\/api.w.org\/{rel}","templated":true}]}}