{"id":12022,"date":"2024-10-26T19:49:00","date_gmt":"2024-10-26T17:49:00","guid":{"rendered":"https:\/\/forzini.com\/producto\/mesa-decorativa-de-marmol-onix\/"},"modified":"2025-05-04T13:11:06","modified_gmt":"2025-05-04T11:11:06","slug":"beistelltisch-aus-gruenem-onyx","status":"publish","type":"product","link":"https:\/\/forzini.com\/de\/producto\/beistelltisch-aus-gruenem-onyx\/","title":{"rendered":"Beistelltisch aus gr\u00fcnem Onyx"},"content":{"rendered":"<h1>Beistelltisch aus gr\u00fcnem Onyx\u00a0&#8222;Tellus G&#8220;<\/h1>\n<p>Der Beistelltisch aus gr\u00fcnem Onyx ist ein wahres Juwel moderner Handwerkskunst. Sein einzigartiges Design in Form einer Sanduhr spiegelt die Dualit\u00e4t und den Fluss der Zeit wider. Dieser Tisch ist nicht nur optisch ansprechend, sondern auch \u00e4u\u00dferst funktional und vielseitig. Die Kombination aus Marmor und Onyx ergibt ein Meisterwerk, das Luxus und Eleganz ausstrahlt. Jede Tisch ist aufgrund der seltenen und au\u00dfergew\u00f6hnlichen Materialien, die verwendet werden, einzigartig. Dieser dekorative Tisch aus Marmor und Onyx versch\u00f6nert nicht nur Ihr Zuhause, sondern wird zu einem dauerhaften Erbst\u00fcck, das bewundert und von Generation zu Generation weitergegeben wird. Seine Mischung aus Innovation und Tradition macht ihn zu einem Symbol f\u00fcr Stil und Raffinesse.<\/p>\n<p>Wussten Sie, dass unser Amazonian Green Onyx aufgrund seiner Seltenheit und Einzigartigkeit ein Edelstein ist, der eine Aura von Geheimnis und Luxus ausstrahlt? Seine Einzigartigkeit und Exklusivit\u00e4t werden nur durch seine beeindruckende Sch\u00f6nheit \u00fcbertroffen, insbesondere wenn er in Tischen verwendet wird. Die durchscheinende Qualit\u00e4t des Amazonian Green Onyx erm\u00f6glicht es, dass Licht durch ihn hindurchscheint, wodurch ein faszinierender Glanz entsteht, der jeden Innenraum verwandeln kann. Die Sch\u00f6nheit von gr\u00fcnen Onyx-Tischen liegt in ihren nat\u00fcrlichen Mustern, die wie die Pinselstriche eines Meisterwerks der Natur sind. Jeder rohe Stein, den wir ausw\u00e4hlen, weist einzigartige Adern in intensivem Braun, Schokoladengold, Rott\u00f6nen auf einem tiefgr\u00fcnen Hintergrund auf, durchsetzt mit wei\u00dfen Wolkent\u00f6nen oder verschiedenen Gr\u00fcnt\u00f6nen, die eine fesselnde Landschaft schaffen. Die Herstellung von gr\u00fcnen Onyx-Tischen ist ein anspruchsvoller Prozess, der erfahrene Handwerker erfordert. Die Knappheit dieses Materials macht es zu einer Herausforderung, gro\u00dfe, makellose St\u00fccke zu finden, die sich f\u00fcr Tischplatten eignen, wodurch jedes fertige St\u00fcck zu einem seltenen Schatz wird. In der Welt der High-End-Dekoration ist ein gr\u00fcner Onyx-Tisch ein Status- und Geschmackssymbol. Es ist ein Material, das ebenso langlebig wie sch\u00f6n ist und garantiert, dass es \u00fcber Generationen hinweg bewundert werden kann.<\/p>\n<p>&nbsp;<\/p>\n<p><a href=\"https:\/\/forzini.com\/de\/materialien\/\" target=\"_blank\" rel=\"noopener\">Erfahren Sie mehr \u00fcber unsere Kollektion von Marmor und Onyx \u00fcber diesen Link: <\/a><a href=\"https:\/\/forzini.com\/de\/materialien\/\" target=\"_blank\" rel=\"noopener\">Materialien<\/a><\/p>\n<h3><strong>Besondere Merkmale:<\/strong><\/h3>\n<h3><strong>Montage:<\/strong> Nicht erforderlich.<\/h3>\n<h3><strong>Steinfinish:<\/strong> Poliert.<\/h3>\n<h3><strong>Gewicht:<\/strong> 35 kg<\/h3>\n","protected":false},"excerpt":{"rendered":"<h2>Beistelltisch aus gr\u00fcnem Onyx<\/h2>\n<p>Mit ihrem exklusiven und k\u00fchnen Design ist dieser Tisch sowohl elegant als auch einladend. Seine Einzigartigkeit und innovative Stil erm\u00f6glichen eine m\u00fchelose Integration in jeden Raum und verleihen ihm eine frische und originelle Atmosph\u00e4re. Die harmonische Kombination aus exquisitem Marmor und nat\u00fcrlichem Onyx gipfelt in einem kunstvollen Meisterwerk, das jeden Bereich mit einer eleganten Note von Raffinesse und Stil bereichert.<\/p>\n<h5>Dank seines modernen Designs und der transluzenten Eigenschaften des Onyx kann dieser Onyx-Marmortisch von unten mit einer Gl\u00fchbirne beleuchtet werden und als Lampe dienen, wodurch eine warme und entspannte Atmosph\u00e4re entsteht.<\/h5>\n<h4>Ma\u00dfe: Durchmesser 30 cm, H\u00f6he 52 cm.<\/h4>\n<p>&nbsp;<\/p>\n","protected":false},"featured_media":12023,"comment_status":"closed","ping_status":"closed","template":"","meta":{"_acf_changed":false,"_joinchat":[]},"product_brand":[],"product_cat":[393,277],"product_tag":[265],"class_list":{"0":"post-12022","1":"product","2":"type-product","3":"status-publish","4":"has-post-thumbnail","6":"product_cat-naturstein-couchtische","7":"product_cat-tische","8":"product_tag-onyx-de","10":"first","11":"instock","12":"sale","13":"featured","14":"shipping-taxable","15":"purchasable","16":"product-type-simple"},"acf":[],"_links":{"self":[{"href":"https:\/\/forzini.com\/de\/wp-json\/wp\/v2\/product\/12022","targetHints":{"allow":["GET"]}}],"collection":[{"href":"https:\/\/forzini.com\/de\/wp-json\/wp\/v2\/product"}],"about":[{"href":"https:\/\/forzini.com\/de\/wp-json\/wp\/v2\/types\/product"}],"replies":[{"embeddable":true,"href":"https:\/\/forzini.com\/de\/wp-json\/wp\/v2\/comments?post=12022"}],"version-history":[{"count":0,"href":"https:\/\/forzini.com\/de\/wp-json\/wp\/v2\/product\/12022\/revisions"}],"wp:featuredmedia":[{"embeddable":true,"href":"https:\/\/forzini.com\/de\/wp-json\/wp\/v2\/media\/12023"}],"wp:attachment":[{"href":"https:\/\/forzini.com\/de\/wp-json\/wp\/v2\/media?parent=12022"}],"wp:term":[{"taxonomy":"product_brand","embeddable":true,"href":"https:\/\/forzini.com\/de\/wp-json\/wp\/v2\/product_brand?post=12022"},{"taxonomy":"product_cat","embeddable":true,"href":"https:\/\/forzini.com\/de\/wp-json\/wp\/v2\/product_cat?post=12022"},{"taxonomy":"product_tag","embeddable":true,"href":"https:\/\/forzini.com\/de\/wp-json\/wp\/v2\/product_tag?post=12022"}],"curies":[{"name":"wp","href":"https:\/\/api.w.org\/{rel}","templated":true}]}}