{"id":12016,"date":"2024-07-03T09:41:48","date_gmt":"2024-07-03T07:41:48","guid":{"rendered":"https:\/\/forzini.com\/producto\/mesa-auxiliar-pequena\/"},"modified":"2025-12-16T19:51:23","modified_gmt":"2025-12-16T18:51:23","slug":"stein-beistelltisch-onyx-wuerfel","status":"publish","type":"product","link":"https:\/\/forzini.com\/de\/producto\/stein-beistelltisch-onyx-wuerfel\/","title":{"rendered":"Stein Beistelltisch aus nat\u00fcrlichem Onyx Gr\u00fcn"},"content":{"rendered":"<h2>Stein Beistelltisch aus gr\u00fcnem Onyx \u2013 Moderner W\u00fcrfel &#8222;Juventas&#8220;<\/h2>\n<p>Dieser <strong>Stein Beistelltisch<\/strong> verk\u00f6rpert puren Minimalismus und zeitlose Eleganz. Der moderne W\u00fcrfel aus nat\u00fcrlichem Onyx wirkt wie ein skulpturales Kunstwerk, das klassische Geometrie mit einem zeitgen\u00f6ssischen Designansatz verbindet. Die ruhige Formensprache und die edle Ausstrahlung des Steins schaffen eine Atmosph\u00e4re von Luxus und Klarheit, die jeden Wohnraum aufwertet.<\/p>\n<p>Die pr\u00e4zisen Linien des W\u00fcrfels und die faszinierende Textur des Onyx verschmelzen zu einem M\u00f6belst\u00fcck, das sowohl funktional als auch ein Ausdruck feinster Raffinesse ist. Ob als Akzenttisch im Wohnzimmer, als stilvoller Nachttisch im Schlafzimmer oder als dekoratives Einzelst\u00fcck \u2013 dieser Tisch setzt \u00fcberall ein Statement.<\/p>\n<p>Gefertigt aus au\u00dfergew\u00f6hnlichem gr\u00fcnen Onyx und beeindruckendem hellgr\u00fcnen Onyx wird dieser kompakte <strong>Stein Beistelltisch<\/strong> zum visuellen Mittelpunkt jedes Raumes. Die nat\u00fcrliche Maserung, die Tiefe der Farben und die leichte Transparenz des Steins verleihen jedem Exemplar eine einzigartige, luxuri\u00f6se Pr\u00e4senz.<\/p>\n<p>Galaxy Verde Onyx \u2013 ein hellgr\u00fcner Hintergrund, wundersch\u00f6n akzentuiert durch wei\u00dfe Wellen, durchzogen von bronzefarbenen, erdigen goldbraunen und r\u00f6tlichen Adern. In sehr begrenzten Mengen abgebaut, ist diese Variante \u00e4u\u00dferst exklusiv und zeichnet sich durch eine hohe Transparenz aus.<\/p>\n<p>&nbsp;<\/p>\n<p><a href=\"https:\/\/forzini.com\/de\/materialien\/\" target=\"_blank\" rel=\"noopener\">Erfahren Sie mehr \u00fcber unsere Kollektion von Marmor und Onyx \u00fcber diesen Link: <\/a><a href=\"https:\/\/forzini.com\/de\/materialien\/\" target=\"_blank\" rel=\"noopener\">Materialien<\/a><\/p>\n<h3><strong>Besondere Merkmale:<\/strong><\/h3>\n<h3><strong>Montage:<\/strong> Nicht erforderlich.<\/h3>\n<h3><strong>Steinfinish:<\/strong> Poliert.<\/h3>\n<h3><strong>Gewicht:<\/strong> 35 kg<\/h3>\n","protected":false},"excerpt":{"rendered":"<h1><strong>Stein Beistelltisch aus hellgr\u00fcnem Onyx<\/strong><\/h1>\n<p>Dieser <strong>Stein Beistelltisch<\/strong> verbindet minimalistisches Design mit moderner Eleganz und setzt neue Ma\u00dfst\u00e4be in Sachen Vielseitigkeit. Gefertigt aus hellgr\u00fcnem Onyx, w\u00fcrdigt jedes St\u00fcck die nat\u00fcrliche Sch\u00f6nheit und Tiefe des Steins. Die klare W\u00fcrfelform erm\u00f6glicht es, mehrere Varianten harmonisch zu kombinieren und so ein Ensemble zu schaffen, das den luxuri\u00f6sen Charakter Ihres Zuhauses perfekt unterstreicht.<\/p>\n<p>Der sorgf\u00e4ltig ausgew\u00e4hlte Onyx beeindruckt durch seine au\u00dfergew\u00f6hnliche Qualit\u00e4t, seine feine Maserung und seine sanfte Transparenz. Diese Eigenschaften verleihen dem Tisch eine subtile Opulenz und machen ihn zu einem raffinierten Blickfang. Ob als Akzenttisch im Wohnzimmer, als stilvoller Nachttisch oder als dekoratives Einzelst\u00fcck \u2013 dieser kompakte <strong>Stein Beistelltisch<\/strong> wird m\u00fchelos zum Mittelpunkt jedes Raumes.<\/p>\n<h2>Ma\u00dfe: Breite 40 cm, L\u00e4nge 40 cm, H\u00f6he 45 cm<\/h2>\n","protected":false},"featured_media":12010,"comment_status":"closed","ping_status":"closed","template":"","meta":{"_acf_changed":false,"_joinchat":[]},"product_brand":[],"product_cat":[393,277],"product_tag":[265],"class_list":{"0":"post-12016","1":"product","2":"type-product","3":"status-publish","4":"has-post-thumbnail","6":"product_cat-naturstein-couchtische","7":"product_cat-tische","8":"product_tag-onyx-de","10":"first","11":"instock","12":"sale","13":"featured","14":"shipping-taxable","15":"purchasable","16":"product-type-simple"},"acf":[],"_links":{"self":[{"href":"https:\/\/forzini.com\/de\/wp-json\/wp\/v2\/product\/12016","targetHints":{"allow":["GET"]}}],"collection":[{"href":"https:\/\/forzini.com\/de\/wp-json\/wp\/v2\/product"}],"about":[{"href":"https:\/\/forzini.com\/de\/wp-json\/wp\/v2\/types\/product"}],"replies":[{"embeddable":true,"href":"https:\/\/forzini.com\/de\/wp-json\/wp\/v2\/comments?post=12016"}],"version-history":[{"count":3,"href":"https:\/\/forzini.com\/de\/wp-json\/wp\/v2\/product\/12016\/revisions"}],"predecessor-version":[{"id":22569,"href":"https:\/\/forzini.com\/de\/wp-json\/wp\/v2\/product\/12016\/revisions\/22569"}],"wp:featuredmedia":[{"embeddable":true,"href":"https:\/\/forzini.com\/de\/wp-json\/wp\/v2\/media\/12010"}],"wp:attachment":[{"href":"https:\/\/forzini.com\/de\/wp-json\/wp\/v2\/media?parent=12016"}],"wp:term":[{"taxonomy":"product_brand","embeddable":true,"href":"https:\/\/forzini.com\/de\/wp-json\/wp\/v2\/product_brand?post=12016"},{"taxonomy":"product_cat","embeddable":true,"href":"https:\/\/forzini.com\/de\/wp-json\/wp\/v2\/product_cat?post=12016"},{"taxonomy":"product_tag","embeddable":true,"href":"https:\/\/forzini.com\/de\/wp-json\/wp\/v2\/product_tag?post=12016"}],"curies":[{"name":"wp","href":"https:\/\/api.w.org\/{rel}","templated":true}]}}