{"id":11985,"date":"2024-10-26T23:18:32","date_gmt":"2024-10-26T21:18:32","guid":{"rendered":"https:\/\/forzini.com\/producto\/mesa-en-forma-de-cubo\/"},"modified":"2026-02-27T16:21:52","modified_gmt":"2026-02-27T15:21:52","slug":"onyx-wuerfel-tisch-gruen","status":"publish","type":"product","link":"https:\/\/forzini.com\/de\/producto\/onyx-wuerfel-tisch-gruen\/","title":{"rendered":"Onyx W\u00fcrfel Tisch Gr\u00fcn"},"content":{"rendered":"<h1>Onyx W\u00fcrfel Tisch Gr\u00fcn\u00a0&#8222;Juventas G&#8220;<\/h1>\n<p>Minimalistisch und elegant \u2013 dieser Onyx-W\u00fcrfeltisch Gr\u00fcn ist ein Meisterwerk, das klassische Formen mit einem modernen Touch vereint. Sein Design verk\u00f6rpert Luxus und Schlichtheit und schafft eine Atmosph\u00e4re der Raffinesse in jeder Umgebung. Die klaren Linien und die reiche Textur des gr\u00fcnen Onyx verschmelzen zu einem funktionalen M\u00f6belst\u00fcck und einem Symbol f\u00fcr Stil. Gefertigt aus authentischem gr\u00fcnem Onyx mit vielf\u00e4ltigen Nuancen und Schattierungen, wird seine au\u00dfergew\u00f6hnliche Sch\u00f6nheit zum Mittelpunkt jedes Raumes.<\/p>\n<p>Amazonian Verde Onyx \u2013 eine facettenreiche gr\u00fcne Farbe mit einer reichen Palette, die von lebendigen Gr\u00fcnt\u00f6nen bis zu sanften Nuancen reicht, erg\u00e4nzt durch braune, schokoladenfarbene, goldene und r\u00f6tliche Adern, die die Kunst der reinen Natur widerspiegeln.<\/p>\n<p>&nbsp;<\/p>\n<p><a href=\"https:\/\/forzini.com\/de\/materialien\/\" target=\"_blank\" rel=\"noopener\">Erfahren Sie mehr \u00fcber unsere Kollektion von Marmor und Onyx \u00fcber diesen Link: <\/a><a href=\"https:\/\/forzini.com\/de\/materialien\/\" target=\"_blank\" rel=\"noopener\">Materialien<\/a><\/p>\n<h3><strong>Besondere Merkmale:<\/strong><\/h3>\n<h3><strong>Montage:<\/strong> Nicht erforderlich.<\/h3>\n<h3><strong>Steinfinish:<\/strong> Poliert.<\/h3>\n<h3><strong>Gewicht:<\/strong> 35 kg<\/h3>\n","protected":false},"excerpt":{"rendered":"<h2>Onyx W\u00fcrfel Tisch Gr\u00fcn<\/h2>\n<p>Mit seinem anspruchsvollen und zeitgen\u00f6ssischen Design passt es perfekt in jede Umgebung. Der lebendige Gr\u00fcnton des Onyx w\u00fcrdigt die nat\u00fcrliche Sch\u00f6nheit des Steins. Seine bequeme und geometrische Form erm\u00f6glicht die Kombination verschiedener Farben und unterstreicht den Luxus und Stil Ihres Zuhauses. Der exklusive Onyx, ausgew\u00e4hlt f\u00fcr seine au\u00dfergew\u00f6hnliche Qualit\u00e4t und Sch\u00f6nheit, verleiht einen Hauch von Opulenz und Raffinesse und verwandelt diesen kleinen Beistelltisch in den Mittelpunkt jedes Raumes.<\/p>\n<h3>Ma\u00dfe: Breite 40 cm, L\u00e4nge 40 cm, H\u00f6he 45 cm.<\/h3>\n","protected":false},"featured_media":11986,"comment_status":"closed","ping_status":"closed","template":"","meta":{"_acf_changed":false,"_joinchat":[]},"product_brand":[],"product_cat":[393,277],"product_tag":[265],"class_list":{"0":"post-11985","1":"product","2":"type-product","3":"status-publish","4":"has-post-thumbnail","6":"product_cat-naturstein-couchtische","7":"product_cat-tische","8":"product_tag-onyx-de","10":"first","11":"onbackorder","12":"sale","13":"featured","14":"shipping-taxable","15":"purchasable","16":"product-type-simple"},"acf":[],"_links":{"self":[{"href":"https:\/\/forzini.com\/de\/wp-json\/wp\/v2\/product\/11985","targetHints":{"allow":["GET"]}}],"collection":[{"href":"https:\/\/forzini.com\/de\/wp-json\/wp\/v2\/product"}],"about":[{"href":"https:\/\/forzini.com\/de\/wp-json\/wp\/v2\/types\/product"}],"replies":[{"embeddable":true,"href":"https:\/\/forzini.com\/de\/wp-json\/wp\/v2\/comments?post=11985"}],"version-history":[{"count":0,"href":"https:\/\/forzini.com\/de\/wp-json\/wp\/v2\/product\/11985\/revisions"}],"wp:featuredmedia":[{"embeddable":true,"href":"https:\/\/forzini.com\/de\/wp-json\/wp\/v2\/media\/11986"}],"wp:attachment":[{"href":"https:\/\/forzini.com\/de\/wp-json\/wp\/v2\/media?parent=11985"}],"wp:term":[{"taxonomy":"product_brand","embeddable":true,"href":"https:\/\/forzini.com\/de\/wp-json\/wp\/v2\/product_brand?post=11985"},{"taxonomy":"product_cat","embeddable":true,"href":"https:\/\/forzini.com\/de\/wp-json\/wp\/v2\/product_cat?post=11985"},{"taxonomy":"product_tag","embeddable":true,"href":"https:\/\/forzini.com\/de\/wp-json\/wp\/v2\/product_tag?post=11985"}],"curies":[{"name":"wp","href":"https:\/\/api.w.org\/{rel}","templated":true}]}}