{"id":11969,"date":"2024-10-26T23:56:56","date_gmt":"2024-10-26T21:56:56","guid":{"rendered":"https:\/\/forzini.com\/producto\/mesa-de-onix-rosa\/"},"modified":"2025-05-04T13:18:51","modified_gmt":"2025-05-04T11:18:51","slug":"onyx-wuerfel-tisch-rosa","status":"publish","type":"product","link":"https:\/\/forzini.com\/de\/producto\/onyx-wuerfel-tisch-rosa\/","title":{"rendered":"Onyx W\u00fcrfel Tisch Rosa"},"content":{"rendered":"<h1>Onyx W\u00fcrfel Tisch Rosa &#8222;Juventas P&#8220;<\/h1>\n<p>Reiner minimalistischer Stil \u2013 dieser Onyx W\u00fcrfeltisch Rosa ist eine skulpturale Meisterleistung, die klassische Formen mit einer modernen Note verbindet. Sein Design strahlt Luxus und Schlichtheit aus und schafft eine Aura der Eleganz, die jeden Raum perfekt erg\u00e4nzt. Die klaren Linien des Tisches und die reiche Textur des Onyx verschmelzen zu einem funktionalen M\u00f6belst\u00fcck und einem Symbol der Raffinesse. Gefertigt aus authentischem rosa Onyx, au\u00dfergew\u00f6hnlichem gr\u00fcnen Onyx, edlem wei\u00dfem Onyx und atemberaubendem hellgr\u00fcnem Onyx, wird dieser kleine Beistelltisch zum wahren Highlight jedes Raumes.<\/p>\n<p>Rosa Shade Onyx \u2013 zeichnet sich durch seine rosa Farbe aus, die mit beeindruckender Leuchtkraft und faszinierender Ausstrahlung erstrahlt. Seine komplexen Schichten offenbaren eine au\u00dfergew\u00f6hnliche visuelle Tiefe, die beim Betrachten tiefe Emotionen weckt. Der rosafarbene Hintergrund, verziert mit sanften Wolken und feinen wei\u00dfen sowie dunkleren Adern, erschafft eine bezaubernde und hypnotisierende Musterung.<\/p>\n<p>Der Rosa Shade Onyx besticht durch seine einzigartige Sch\u00f6nheit, die durch zarte Maserungen und sanfte Wolken auf einem weichen rosa Hintergrund hervorgehoben wird. Seine fein polierte Oberfl\u00e4che offenbart eine Vielfalt rosafarbener Nuancen und nat\u00fcrliche Schatten, die ein faszinierendes Spiel von Licht und Textur erzeugen. Besonders eindrucksvoll entfaltet sich dieser Effekt in kleinen Beistelltischen, Eckm\u00f6beln oder dekorativen Elementen, die mit ihrer geheimnisvollen Eleganz alle Blicke auf sich ziehen. Die charakteristische rosa Farbe des Rosa Shade Onyx, sowohl edel als auch elegant, schafft eine einzigartige Atmosph\u00e4re voller Charme und Gelassenheit.<\/p>\n<p>Seine Pr\u00e4senz verwandelt R\u00e4ume und ruft eine tiefe Verbindung zur nat\u00fcrlichen Sch\u00f6nheit hervor, die \u00fcber die Zeit hinweg kunstvoll geformt wurde. Jedes St\u00fcck dieses Onyx tr\u00e4gt eine geheimnisvolle Aura in sich und inspiriert Emotionen, die nur die Natur selbst hervorzubringen vermag. Unser Rosa Shade Onyx ist ein Kunstwerk f\u00fcr sich \u2013 emotional, erlesen und faszinierend. Es gleicht einem exquisiten Gem\u00e4lde, das mit seinem unverwechselbaren Charakter die Pers\u00f6nlichkeit eines jeden Zuhauses unterstreicht und es in einen Ort von Authentizit\u00e4t und unvergleichlichem Stil verwandelt.<\/p>\n<p>&nbsp;<\/p>\n<p><a href=\"https:\/\/forzini.com\/de\/materialien\/\" target=\"_blank\" rel=\"noopener\">Erfahren Sie mehr \u00fcber unsere Kollektion von Marmor und Onyx \u00fcber diesen Link: <\/a><a href=\"https:\/\/forzini.com\/de\/materialien\/\" target=\"_blank\" rel=\"noopener\">Materialien<\/a><\/p>\n<h3><strong>Besondere Merkmale:<\/strong><\/h3>\n<h3><strong>Montage:<\/strong> Nicht erforderlich.<\/h3>\n<h3><strong>Steinfinish:<\/strong> Poliert.<\/h3>\n<h3><strong>Gewicht:<\/strong> 35 kg<\/h3>\n","protected":false},"excerpt":{"rendered":"<h2><span class=\"keyword _ngcontent-qyy-106\" aria-hidden=\"false\">Onyx W\u00fcrfel Tisch Rosa<\/span><\/h2>\n<p>Handgefertigt von Meisterhandwerkern in W\u00fcrfelform, ist dieses moderne und luxuri\u00f6se St\u00fcck ein Blickfang in jedem Raum. Sein minimalistisches Design und die transluzente Eigenschaft des Onyx lassen das Licht hindurchscheinen und erzeugen einen einzigartigen, raffinierten visuellen Effekt. Ideal f\u00fcr alle, die einen Hauch von Eleganz hinzuf\u00fcgen m\u00f6chten, besticht dieser rosa Onyx-Tisch sowohl als dekoratives Element als auch als funktionales M\u00f6belst\u00fcck, das Sch\u00f6nheit und Exklusivit\u00e4t vereint.<\/p>\n<h5>Dieser moderne <span class=\"keyword _ngcontent-qyy-106\" aria-hidden=\"false\">Onyx W\u00fcrfel Tisch Rosa <\/span>kann dank seiner transluzenten Eigenschaften von unten beleuchtet werden und stilvoll als Lampe mit sanftem Licht dienen.<\/h5>\n<h4>Ma\u00dfe: Breite 40 cm, L\u00e4nge 40 cm, H\u00f6he 45 cm<\/h4>\n","protected":false},"featured_media":11970,"comment_status":"closed","ping_status":"closed","template":"","meta":{"_acf_changed":false,"_joinchat":[]},"product_brand":[],"product_cat":[393,277],"product_tag":[265],"class_list":{"0":"post-11969","1":"product","2":"type-product","3":"status-publish","4":"has-post-thumbnail","6":"product_cat-naturstein-couchtische","7":"product_cat-tische","8":"product_tag-onyx-de","10":"first","11":"outofstock","12":"featured","13":"shipping-taxable","14":"purchasable","15":"product-type-simple"},"acf":[],"_links":{"self":[{"href":"https:\/\/forzini.com\/de\/wp-json\/wp\/v2\/product\/11969","targetHints":{"allow":["GET"]}}],"collection":[{"href":"https:\/\/forzini.com\/de\/wp-json\/wp\/v2\/product"}],"about":[{"href":"https:\/\/forzini.com\/de\/wp-json\/wp\/v2\/types\/product"}],"replies":[{"embeddable":true,"href":"https:\/\/forzini.com\/de\/wp-json\/wp\/v2\/comments?post=11969"}],"version-history":[{"count":0,"href":"https:\/\/forzini.com\/de\/wp-json\/wp\/v2\/product\/11969\/revisions"}],"wp:featuredmedia":[{"embeddable":true,"href":"https:\/\/forzini.com\/de\/wp-json\/wp\/v2\/media\/11970"}],"wp:attachment":[{"href":"https:\/\/forzini.com\/de\/wp-json\/wp\/v2\/media?parent=11969"}],"wp:term":[{"taxonomy":"product_brand","embeddable":true,"href":"https:\/\/forzini.com\/de\/wp-json\/wp\/v2\/product_brand?post=11969"},{"taxonomy":"product_cat","embeddable":true,"href":"https:\/\/forzini.com\/de\/wp-json\/wp\/v2\/product_cat?post=11969"},{"taxonomy":"product_tag","embeddable":true,"href":"https:\/\/forzini.com\/de\/wp-json\/wp\/v2\/product_tag?post=11969"}],"curies":[{"name":"wp","href":"https:\/\/api.w.org\/{rel}","templated":true}]}}