{"id":11951,"date":"2024-10-27T00:36:37","date_gmt":"2024-10-26T22:36:37","guid":{"rendered":"https:\/\/forzini.com\/producto\/mesa-cubo-marmol\/"},"modified":"2025-05-04T13:21:17","modified_gmt":"2025-05-04T11:21:17","slug":"beistelltisch-cubic-onyxstein","status":"publish","type":"product","link":"https:\/\/forzini.com\/de\/producto\/beistelltisch-cubic-onyxstein\/","title":{"rendered":"Beistelltisch Cubic Onyxstein"},"content":{"rendered":"<h1>Beistelltisch Cubic Onyxstein\u00a0&#8222;Juventas W&#8220;<\/h1>\n<p>Dieser wei\u00dfe Beistelltisch aus kubischem Onyxstein, sorgf\u00e4ltig von Hand gefertigt, besticht als modernes und luxuri\u00f6ses Designst\u00fcck mit zeitlosem Charakter. Seine minimalistische Struktur unterstreicht die nat\u00fcrliche Eleganz des Onyx, einer faszinierenden Halbedelsteinart, die auch in der Schmuckherstellung gesch\u00e4tzt wird. Die transluzente Oberfl\u00e4che l\u00e4sst das Licht durchscheinen und hebt die einzigartigen Farbt\u00f6ne und Maserungen hervor, wodurch jeder Raum eine exklusive und raffinierte Note erh\u00e4lt. Perfekt als Dekoration f\u00fcr das Wohnzimmer oder als stilvoller Nachttisch \u2013 dieses ikonische M\u00f6belst\u00fcck verwandelt jede Umgebung mit seiner anspruchsvollen und unverwechselbaren Pr\u00e4senz.<\/p>\n<p>Golden Dune White Onyx\u2013 Der wei\u00dfe Hintergrund wirkt wie eine ruhige Leinwand, zart verziert mit sanften wei\u00dfen Wolken, die elegant \u00fcber die Oberfl\u00e4che schweben. Cremige und goldgelbe Schattierungen sowie Adern in goldenen, karamellfarbenen, braunen, cognac- und r\u00f6tlichen Nuancen vollenden das einzigartige Bild. Dieser besondere wei\u00dfe Onyx ist eine seltene Entdeckung und nur in begrenzten Mengen verf\u00fcgbar, da er aus einer spezifischen Region gewonnen wird.<\/p>\n<p><a href=\"https:\/\/forzini.com\/de\/materialien\/\" target=\"_blank\" rel=\"noopener\">Erfahren Sie mehr \u00fcber unsere Kollektion von Marmor und Onyx \u00fcber diesen Link: <\/a><a href=\"https:\/\/forzini.com\/de\/materialien\/\" target=\"_blank\" rel=\"noopener\">Materialien<\/a><\/p>\n<h3><\/h3>\n<h3><strong>Hauptmerkmale:<\/strong><\/h3>\n<h3><strong>Montage:<\/strong> Nicht erforderlich.<\/h3>\n<h3><strong>Steinoberfl\u00e4che:<\/strong> Poliert.<\/h3>\n<h3><strong>Gewicht:<\/strong> 35 kg.<\/h3>\n","protected":false},"excerpt":{"rendered":"<h2>Beistelltisch Cubic Onyxstein<\/h2>\n<p>Wei\u00dfer Onyx, handgefertigt mit kunsthandwerklicher Sorgfalt, vereint perfekt Modernit\u00e4t und zeitlosen Luxus. Mit einem minimalistischen Design, das die Reinheit seiner Linien hervorhebt, bringt dieses ikonische St\u00fcck die innere Sch\u00f6nheit des Onyx zur Geltung \u2013 ein Halbedelstein, der auch in der Schmuckherstellung verwendet wird. Seine transluzente und elegante Oberfl\u00e4che macht diesen Tisch zu einem echten dekorativen Schatz, ideal zur Versch\u00f6nerung eines Wohnzimmers oder als Nachttisch, wo er einen einzigartigen Hauch von Eleganz und Raffinesse verleiht.<\/p>\n<h5>Dieser moderne Beistelltisch Cubic Onyxstein kann dank seiner transluzenten Eigenschaften von unten beleuchtet werden und stilvoll als Lampe mit sanftem Licht dienen.<\/h5>\n<h4>Ma\u00dfe: Breite 40 cm, L\u00e4nge 40 cm, H\u00f6he 45 cm<\/h4>\n","protected":false},"featured_media":11952,"comment_status":"closed","ping_status":"closed","template":"","meta":{"_acf_changed":false,"_joinchat":[]},"product_brand":[],"product_cat":[393,277],"product_tag":[265],"class_list":{"0":"post-11951","1":"product","2":"type-product","3":"status-publish","4":"has-post-thumbnail","6":"product_cat-naturstein-couchtische","7":"product_cat-tische","8":"product_tag-onyx-de","10":"first","11":"instock","12":"sale","13":"featured","14":"shipping-taxable","15":"purchasable","16":"product-type-simple"},"acf":[],"_links":{"self":[{"href":"https:\/\/forzini.com\/de\/wp-json\/wp\/v2\/product\/11951","targetHints":{"allow":["GET"]}}],"collection":[{"href":"https:\/\/forzini.com\/de\/wp-json\/wp\/v2\/product"}],"about":[{"href":"https:\/\/forzini.com\/de\/wp-json\/wp\/v2\/types\/product"}],"replies":[{"embeddable":true,"href":"https:\/\/forzini.com\/de\/wp-json\/wp\/v2\/comments?post=11951"}],"version-history":[{"count":0,"href":"https:\/\/forzini.com\/de\/wp-json\/wp\/v2\/product\/11951\/revisions"}],"wp:featuredmedia":[{"embeddable":true,"href":"https:\/\/forzini.com\/de\/wp-json\/wp\/v2\/media\/11952"}],"wp:attachment":[{"href":"https:\/\/forzini.com\/de\/wp-json\/wp\/v2\/media?parent=11951"}],"wp:term":[{"taxonomy":"product_brand","embeddable":true,"href":"https:\/\/forzini.com\/de\/wp-json\/wp\/v2\/product_brand?post=11951"},{"taxonomy":"product_cat","embeddable":true,"href":"https:\/\/forzini.com\/de\/wp-json\/wp\/v2\/product_cat?post=11951"},{"taxonomy":"product_tag","embeddable":true,"href":"https:\/\/forzini.com\/de\/wp-json\/wp\/v2\/product_tag?post=11951"}],"curies":[{"name":"wp","href":"https:\/\/api.w.org\/{rel}","templated":true}]}}