{"id":11934,"date":"2024-10-27T13:38:42","date_gmt":"2024-10-27T12:38:42","guid":{"rendered":"https:\/\/forzini.com\/producto\/mesa-de-marmol-blanco-lateral\/"},"modified":"2025-04-25T09:11:19","modified_gmt":"2025-04-25T07:11:19","slug":"beistelltisch-mit-weisser-marmorplatte","status":"publish","type":"product","link":"https:\/\/forzini.com\/de\/producto\/beistelltisch-mit-weisser-marmorplatte\/","title":{"rendered":"Beistelltisch mit wei\u00dfer Marmorplatte"},"content":{"rendered":"<h1>Beistelltisch mit wei\u00dfer Marmorplatte &#8222;Iris W&#8220;<\/h1>\n<p>Unsere Beistelltisch mit wei\u00dfer Marmorplatte ist die perfekte Erg\u00e4nzung f\u00fcr dein Wohnzimmer. Sie wurde entworfen, um die Eleganz deines Raumes zu unterstreichen und gleichzeitig Funktionalit\u00e4t in deinen Alltag zu bringen. Dieser raffinierte Beistelltisch versch\u00f6nert nicht nur dein Zuhause, sondern ist auch \u00e4u\u00dferst praktisch \u2013 ideal zum Abstellen von Getr\u00e4nken, Laptops oder anderen Ger\u00e4ten, w\u00e4hrend du die Gem\u00fctlichkeit deines Sofas genie\u00dft.<\/p>\n<p>Mit einer handgefertigten quadratischen Platte aus exklusivem wei\u00dfen Marmor aus einer spezifischen Region vereint dieser Tisch avantgardistisches Design mit moderner Bequemlichkeit. Die handwerkliche Qualit\u00e4t seiner Herstellung garantiert, dass jedes St\u00fcck einzigartig ist, dank der feinen grauen Maserungen, die den Marmor zieren und ihm ein unverwechselbares und luxuri\u00f6ses Aussehen verleihen.<\/p>\n<p>Dieser Beistelltisch mit wei\u00dfer Marmorplatte besticht durch seine moderne \u00c4sthetik und hohe Funktionalit\u00e4t. Seine H\u00f6he wurde gezielt so gew\u00e4hlt, dass er als praktische Ablagefl\u00e4che dient \u2013 perfekt zum Arbeiten, Genie\u00dfen eines Getr\u00e4nks oder um Ger\u00e4te griffbereit zu halten, w\u00e4hrend du entspannst.<\/p>\n<p>Neben seiner Funktionalit\u00e4t ist dieser Tisch ein echtes Kunstwerk. Sein zeitgen\u00f6ssisches Design und die eindrucksvolle Pr\u00e4senz des wei\u00dfen Marmors verwandeln jeden Raum und verleihen ihm eine raffinierte Atmosph\u00e4re, ohne den praktischen Nutzen zu vernachl\u00e4ssigen. Dieser Beistelltisch vereint modernes Design, Komfort und die zeitlose Sch\u00f6nheit von wei\u00dfem Marmor und bringt einen edlen, erlesenen Touch in dein Zuhause.<\/p>\n<p>Snow-Leopardo-Marmor: Wei\u00df mit subtilen grauen Nuancen und einer einzigartigen Maserung. Dieser au\u00dfergew\u00f6hnliche und edle Marmor wird nur in kleinen Mengen aus einer bestimmten Region gewonnen. Er ist besonders gesch\u00e4tzt f\u00fcr seine gleichm\u00e4\u00dfige, charakteristische Musterung, die an ein Tierfell erinnert.<\/p>\n<p>&nbsp;<\/p>\n<p><a href=\"https:\/\/forzini.com\/de\/materialien\/\" target=\"_blank\" rel=\"noopener\">Erfahren Sie mehr \u00fcber unsere Kollektion von Marmor und Onyx \u00fcber diesen Link: <\/a><a href=\"https:\/\/forzini.com\/de\/materialien\/\" target=\"_blank\" rel=\"noopener\">Materialien<\/a><\/p>\n<h4><strong>Besondere Merkmale:<\/strong><\/h4>\n<h4><strong>Montage:<\/strong> Nicht erforderlich.<\/h4>\n<h4><strong>Steinoberfl\u00e4che:<\/strong> Poliert.<\/h4>\n<h4><strong>Gestell-Finish:<\/strong> Edelstahl, Farbe Silber.<\/h4>\n<h4><strong>Gewicht:<\/strong> 18 kg.<\/h4>\n","protected":false},"excerpt":{"rendered":"<h2>Beistelltisch mit wei\u00dfer Marmorplatte<\/h2>\n<p>Perfekt als Begleiter f\u00fcr dein Sofa, bringt Stil und Funktionalit\u00e4t in deinen Raum und ist ideal f\u00fcr Getr\u00e4nke und Ger\u00e4te. Handgefertigt aus wei\u00dfem Marmor mit einzigartigen grauen Adern, kombiniert sein modernes Design und die quadratische, handgefertigte Platte auf unvergleichliche Weise Sch\u00f6nheit und Praktikabilit\u00e4t.<\/p>\n<h3><strong>Ma\u00dfe:<\/strong> L\u00e4nge 40 cm, Breite 40 cm, H\u00f6he 52 cm<\/h3>\n","protected":false},"featured_media":11935,"comment_status":"closed","ping_status":"closed","template":"","meta":{"_acf_changed":false,"_joinchat":[]},"product_brand":[],"product_cat":[359,277],"product_tag":[264],"class_list":{"0":"post-11934","1":"product","2":"type-product","3":"status-publish","4":"has-post-thumbnail","6":"product_cat-marmor-couchtische","7":"product_cat-tische","8":"product_tag-marmor","10":"first","11":"instock","12":"sale","13":"featured","14":"shipping-taxable","15":"purchasable","16":"product-type-simple"},"acf":[],"_links":{"self":[{"href":"https:\/\/forzini.com\/de\/wp-json\/wp\/v2\/product\/11934","targetHints":{"allow":["GET"]}}],"collection":[{"href":"https:\/\/forzini.com\/de\/wp-json\/wp\/v2\/product"}],"about":[{"href":"https:\/\/forzini.com\/de\/wp-json\/wp\/v2\/types\/product"}],"replies":[{"embeddable":true,"href":"https:\/\/forzini.com\/de\/wp-json\/wp\/v2\/comments?post=11934"}],"version-history":[{"count":0,"href":"https:\/\/forzini.com\/de\/wp-json\/wp\/v2\/product\/11934\/revisions"}],"wp:featuredmedia":[{"embeddable":true,"href":"https:\/\/forzini.com\/de\/wp-json\/wp\/v2\/media\/11935"}],"wp:attachment":[{"href":"https:\/\/forzini.com\/de\/wp-json\/wp\/v2\/media?parent=11934"}],"wp:term":[{"taxonomy":"product_brand","embeddable":true,"href":"https:\/\/forzini.com\/de\/wp-json\/wp\/v2\/product_brand?post=11934"},{"taxonomy":"product_cat","embeddable":true,"href":"https:\/\/forzini.com\/de\/wp-json\/wp\/v2\/product_cat?post=11934"},{"taxonomy":"product_tag","embeddable":true,"href":"https:\/\/forzini.com\/de\/wp-json\/wp\/v2\/product_tag?post=11934"}],"curies":[{"name":"wp","href":"https:\/\/api.w.org\/{rel}","templated":true}]}}