{"id":11901,"date":"2024-10-27T15:27:00","date_gmt":"2024-10-27T14:27:00","guid":{"rendered":"https:\/\/forzini.com\/producto\/mesa-auxiliar-de-marmol-forma-c\/"},"modified":"2025-05-01T13:32:12","modified_gmt":"2025-05-01T11:32:12","slug":"couchtisch-marmor-beige","status":"publish","type":"product","link":"https:\/\/forzini.com\/de\/producto\/couchtisch-marmor-beige\/","title":{"rendered":"Couchtisch marmor beige"},"content":{"rendered":"<h1>C<span class=\"keyword _ngcontent-wib-115\" aria-hidden=\"false\">ouchtisch marmor beige<\/span> &#8222;Hades B&#8220;<\/h1>\n<p>Der <span class=\"keyword _ngcontent-wib-115\" aria-hidden=\"false\">couchtisch marmor beige<\/span> vereint ein exklusives und originelles Design mit einer eleganten ovalen Tischplatte aus wundersch\u00f6nem beigem Marmor. Die Seltenheit und Sch\u00f6nheit dieses Marmors machen ihn zu einem wahrhaft einzigartigen St\u00fcck \u2013 ideal f\u00fcr Haushalte, die nach einem Hauch von Exklusivit\u00e4t suchen. Seine schmale und stilvolle Form macht ihn perfekt f\u00fcr kleine R\u00e4ume, da er sich m\u00fchelos dort einf\u00fcgt, wo andere M\u00f6belst\u00fccke keinen Platz finden w\u00fcrden.<\/p>\n<p>Das moderne und frische Design dieses Tisches zieht alle Blicke auf sich und verleiht jedem Raum eine elegante Note. Er eignet sich perfekt neben dem Sofa oder Bett und bietet eine praktische Ablagefl\u00e4che f\u00fcr Getr\u00e4nke, Laptops, Telefone, Zeitschriften oder Fernbedienungen. Ob als stilvolle Ablage f\u00fcr den Morgenkaffee oder als Arbeitsfl\u00e4che im Wohnzimmer \u2013 dieser Tisch vereint in jedem Detail Stil und Funktionalit\u00e4t. Zudem steht er f\u00fcr die zeitlose Sch\u00f6nheit und Langlebigkeit von Marmor, wodurch er einen raffinierten und praktischen Akzent in deinem Zuhause setzt.<\/p>\n<p>Botticelli Classic Marmor: Ein besonders k\u00fcnstlerischer und einzigartiger Marmortyp mit wellenf\u00f6rmiger Maserung und einem charmanten warmen creme-beigen Farbton. Er sorgt f\u00fcr eine neutrale, aber stilvolle Optik mit dunkleren goldbraunen Adern, die den warmen Hintergrund durchziehen und von hellbraunen und goldenen T\u00f6nen betont werden.<\/p>\n<p>&nbsp;<\/p>\n<p><a href=\"https:\/\/forzini.com\/de\/materialien\/\" target=\"_blank\" rel=\"noopener\">Erfahren Sie mehr \u00fcber unsere Kollektion von Marmor und Onyx \u00fcber diesen Link: <\/a><a href=\"https:\/\/forzini.com\/de\/materialien\/\" target=\"_blank\" rel=\"noopener\">Materialien<\/a><\/p>\n<h3><strong>Besondere Merkmale:<\/strong><\/h3>\n<h3><strong>Montage:<\/strong> Nicht erforderlich.<\/h3>\n<h3><strong>Steinfinish:<\/strong> Poliert.<\/h3>\n<h3><strong>Fu\u00dfgestell:<\/strong> Edelstahl in Silberfarbe.<\/h3>\n<h3><strong>Gewicht: 8 kg<\/strong><\/h3>\n","protected":false},"excerpt":{"rendered":"<h2><span class=\"keyword _ngcontent-wib-115\" aria-hidden=\"false\">Couchtisch marmor beige<\/span><\/h2>\n<p>Dieser Beistelltisch aus Marmor besticht durch seine innovative und originelle Form. Die elegante ovale Tischplatte aus seltenem beigem Marmor ist mit zarten karamellfarbenen Adern verziert, die sich \u00fcber die Oberfl\u00e4che ziehen. Schlank und hoch, ist er ideal f\u00fcr kleine R\u00e4ume und vereint ein frisches, auff\u00e4lliges Design mit Stil, ohne zu viel Platz einzunehmen.<\/p>\n<p>Perfekt neben dem Sofa oder Bett, bietet er eine praktische Ablagefl\u00e4che f\u00fcr Getr\u00e4nke, Laptops, Telefone, Zeitschriften oder Fernbedienungen. Sein originelles Design ist nicht nur \u00e4sthetisch ansprechend, sondern auch komfortabel, langlebig und ideal, um sich harmonisch in jedes moderne Wohnambiente einzuf\u00fcgen.<\/p>\n<h4><strong>Ma\u00dfe:<\/strong> L\u00e4nge 38 cm, Breite 28 cm, H\u00f6he 60 cm.<\/h4>\n","protected":false},"featured_media":11902,"comment_status":"closed","ping_status":"closed","template":"","meta":{"_acf_changed":false,"_joinchat":[]},"product_brand":[],"product_cat":[359,277],"product_tag":[264],"class_list":{"0":"post-11901","1":"product","2":"type-product","3":"status-publish","4":"has-post-thumbnail","6":"product_cat-marmor-couchtische","7":"product_cat-tische","8":"product_tag-marmor","10":"first","11":"instock","12":"sale","13":"featured","14":"shipping-taxable","15":"purchasable","16":"product-type-simple"},"acf":[],"_links":{"self":[{"href":"https:\/\/forzini.com\/de\/wp-json\/wp\/v2\/product\/11901","targetHints":{"allow":["GET"]}}],"collection":[{"href":"https:\/\/forzini.com\/de\/wp-json\/wp\/v2\/product"}],"about":[{"href":"https:\/\/forzini.com\/de\/wp-json\/wp\/v2\/types\/product"}],"replies":[{"embeddable":true,"href":"https:\/\/forzini.com\/de\/wp-json\/wp\/v2\/comments?post=11901"}],"version-history":[{"count":0,"href":"https:\/\/forzini.com\/de\/wp-json\/wp\/v2\/product\/11901\/revisions"}],"wp:featuredmedia":[{"embeddable":true,"href":"https:\/\/forzini.com\/de\/wp-json\/wp\/v2\/media\/11902"}],"wp:attachment":[{"href":"https:\/\/forzini.com\/de\/wp-json\/wp\/v2\/media?parent=11901"}],"wp:term":[{"taxonomy":"product_brand","embeddable":true,"href":"https:\/\/forzini.com\/de\/wp-json\/wp\/v2\/product_brand?post=11901"},{"taxonomy":"product_cat","embeddable":true,"href":"https:\/\/forzini.com\/de\/wp-json\/wp\/v2\/product_cat?post=11901"},{"taxonomy":"product_tag","embeddable":true,"href":"https:\/\/forzini.com\/de\/wp-json\/wp\/v2\/product_tag?post=11901"}],"curies":[{"name":"wp","href":"https:\/\/api.w.org\/{rel}","templated":true}]}}