{"id":11885,"date":"2024-10-27T20:14:49","date_gmt":"2024-10-27T19:14:49","guid":{"rendered":"https:\/\/forzini.com\/producto\/mesa-baja-redonda-de-onix\/"},"modified":"2025-05-04T14:14:56","modified_gmt":"2025-05-04T12:14:56","slug":"beistelltisch-aus-gruenem-marmor-onyx","status":"publish","type":"product","link":"https:\/\/forzini.com\/de\/producto\/beistelltisch-aus-gruenem-marmor-onyx\/","title":{"rendered":"Beistelltisch aus gr\u00fcnem Marmor Onyx"},"content":{"rendered":"<h1>Beistelltisch aus gr\u00fcnem Marmor Onyx &#8222;Trivia G&#8220;<\/h1>\n<p>Der Beistelltisch aus gr\u00fcnem Marmor Onyx ist ein kleines, charmantes St\u00fcck, das jedem Raum mit einem auff\u00e4lligen Akzent Eleganz verleiht. Sein innovatives Design kombiniert Onyx und Marmor auf einzigartige Weise und schafft elegante Linien, die alle Blicke auf sich ziehen. Gefertigt aus massiven und soliden Steinen, besticht dieser runde Tisch durch seine sanften Konturen, die dem Raum ein Gef\u00fchl von Harmonie verleihen.<\/p>\n<p>Das spektakul\u00e4re Design dieses Tisches, das beigen Marmor mit dem kostbaren gr\u00fcnen Onyx vereint, macht ihn zu einem unvergesslichen Element in jeder Umgebung. Die Kombination dieser Materialien verleiht ihm nicht nur einen Hauch von Luxus, sondern betont auch die nat\u00fcrliche Sch\u00f6nheit der Steine, wodurch er zu einem wahren Blickfang wird.<\/p>\n<p>Dank seiner Vielseitigkeit kann der Beistelltisch aus gr\u00fcnem Marmor Onyx als Nachttisch stilvoll neben dem Bett stehen. Er ist ebenso perfekt neben dem Sofa, um B\u00fccher, Getr\u00e4nke oder Dekorationen abzulegen. Sein markantes Design macht ihn zudem zu einer idealen Wahl als Couchtisch im Wohnzimmer und sorgt f\u00fcr einen Hauch von Raffinesse in deiner Einrichtung.<\/p>\n<p>&nbsp;<\/p>\n<p><a href=\"https:\/\/forzini.com\/de\/materialien\/\" target=\"_blank\" rel=\"noopener\">Erfahren Sie mehr \u00fcber unsere Kollektion von Marmor und Onyx \u00fcber diesen Link: <\/a><a href=\"https:\/\/forzini.com\/de\/materialien\/\" target=\"_blank\" rel=\"noopener\">Materialien<\/a><\/p>\n<h3><strong>Besondere Merkmale:<\/strong><\/h3>\n<h3><strong>Montage:<\/strong> Nicht erforderlich.<\/h3>\n<h3><strong>Steinfinish:<\/strong> Poliert.<\/h3>\n<h3><strong>Gewicht:<\/strong> 75 kg.<\/h3>\n","protected":false},"excerpt":{"rendered":"<h2>Beistelltisch aus gr\u00fcnem Marmor Onyx<\/h2>\n<p>Es ist ein bezauberndes St\u00fcck, das jedem Raum eine besondere Note verleiht. Mit seinem originellen Design kombiniert es elegant gr\u00fcnen Onyx mit beigem Marmor in harmonischen Linien und wird somit zu einem faszinierenden Blickfang.<\/p>\n<p>Hergestellt aus massiven und soliden Steinen, ist dieser runde Tisch perfekt als Nachttisch, neben dem Sofa oder als Couchtisch in der Mitte des Wohnzimmers. Seine Vielseitigkeit und sein Stil machen ihn ideal zur Aufwertung jeder Einrichtung und bieten sowohl Funktionalit\u00e4t als auch eine raffinierte Atmosph\u00e4re.<\/p>\n<h4>Ma\u00dfe: Durchmesser 38 cm, H\u00f6he 52 cm.<\/h4>\n","protected":false},"featured_media":11886,"comment_status":"closed","ping_status":"closed","template":"","meta":{"_acf_changed":false,"_joinchat":[]},"product_brand":[],"product_cat":[393,277],"product_tag":[264,265],"class_list":{"0":"post-11885","1":"product","2":"type-product","3":"status-publish","4":"has-post-thumbnail","6":"product_cat-naturstein-couchtische","7":"product_cat-tische","8":"product_tag-marmor","9":"product_tag-onyx-de","11":"first","12":"instock","13":"sale","14":"featured","15":"shipping-taxable","16":"purchasable","17":"product-type-simple"},"acf":[],"_links":{"self":[{"href":"https:\/\/forzini.com\/de\/wp-json\/wp\/v2\/product\/11885","targetHints":{"allow":["GET"]}}],"collection":[{"href":"https:\/\/forzini.com\/de\/wp-json\/wp\/v2\/product"}],"about":[{"href":"https:\/\/forzini.com\/de\/wp-json\/wp\/v2\/types\/product"}],"replies":[{"embeddable":true,"href":"https:\/\/forzini.com\/de\/wp-json\/wp\/v2\/comments?post=11885"}],"version-history":[{"count":0,"href":"https:\/\/forzini.com\/de\/wp-json\/wp\/v2\/product\/11885\/revisions"}],"wp:featuredmedia":[{"embeddable":true,"href":"https:\/\/forzini.com\/de\/wp-json\/wp\/v2\/media\/11886"}],"wp:attachment":[{"href":"https:\/\/forzini.com\/de\/wp-json\/wp\/v2\/media?parent=11885"}],"wp:term":[{"taxonomy":"product_brand","embeddable":true,"href":"https:\/\/forzini.com\/de\/wp-json\/wp\/v2\/product_brand?post=11885"},{"taxonomy":"product_cat","embeddable":true,"href":"https:\/\/forzini.com\/de\/wp-json\/wp\/v2\/product_cat?post=11885"},{"taxonomy":"product_tag","embeddable":true,"href":"https:\/\/forzini.com\/de\/wp-json\/wp\/v2\/product_tag?post=11885"}],"curies":[{"name":"wp","href":"https:\/\/api.w.org\/{rel}","templated":true}]}}