{"id":11869,"date":"2024-10-27T21:43:58","date_gmt":"2024-10-27T20:43:58","guid":{"rendered":"https:\/\/forzini.com\/producto\/mesa-de-sofa-marmol\/"},"modified":"2025-05-04T13:15:09","modified_gmt":"2025-05-04T11:15:09","slug":"runden-couchtischen-aus-gruenem-onyx","status":"publish","type":"product","link":"https:\/\/forzini.com\/de\/producto\/runden-couchtischen-aus-gruenem-onyx\/","title":{"rendered":"Runden Couchtischen aus gr\u00fcnem Onyx"},"content":{"rendered":"<h1>Runden Couchtischen aus gr\u00fcnem Onyx &#8222;Mercury L&#8220;<\/h1>\n<p>Unser runder Couchtisch aus gr\u00fcnem Onyx ist ein wahrhaft innovatives Designst\u00fcck, das Eleganz und Originalit\u00e4t vereint. Seine runde Struktur, gefertigt mit einer Basis aus hellem gr\u00fcnen Onyx und einer Oberfl\u00e4che aus beigem Marmor, verleiht ihm eine einzigartige Erscheinung, die ihn von anderen Tischen abhebt. Die Wahl der Materialien schafft nicht nur einen faszinierenden visuellen Kontrast, sondern erm\u00f6glicht es auch, dass dieser Tisch zu einem spektakul\u00e4r hinterleuchteten M\u00f6belst\u00fcck wird. Dank der nat\u00fcrlichen Transparenz des Onyx kann die Basis von innen beleuchtet werden, wodurch ein warmes und anspruchsvolles Ambiente entsteht.<\/p>\n<p>Mit seinem avantgardistischen Design wird dieser runde Couchtisch zum idealen Mittelpunkt moderner oder eleganter Wohnr\u00e4ume. Stell dir die visuelle Wirkung eines Tisches vor, der nicht nur durch sein Erscheinungsbild besticht, sondern den Raum mit einem sanften, einladenden Licht unterstreicht, wenn er beleuchtet wird. Unser runder Couchtisch aus gr\u00fcnem Onyx nutzt nicht nur die nat\u00fcrliche Sch\u00f6nheit des beigen Marmors mit seiner sanften und warmen Optik, sondern auch die Einzigartigkeit des gr\u00fcnen Onyx, der f\u00fcr einen Hauch von Exklusivit\u00e4t und Raffinesse sorgt.<\/p>\n<p>Neben seiner funktionalen Seite, perfekt zum Abstellen von Getr\u00e4nken, B\u00fcchern oder elektronischen Ger\u00e4ten neben dem Sofa, ist dieser Tisch ein wahres Kunstwerk. Die Kombination aus Marmor und Onyx ist ideal f\u00fcr diejenigen, die eine unverwechselbare und unvergessliche Einrichtung in ihrem Zuhause suchen. Jedes Element dieses Tisches wurde sorgf\u00e4ltig ausgew\u00e4hlt, um Stil und Pers\u00f6nlichkeit in den Raum zu bringen und sicherzustellen, dass er jeden, der ihn sieht, beeindruckt und begeistert.<\/p>\n<p>&nbsp;<\/p>\n<p><a href=\"https:\/\/forzini.com\/de\/materialien\/\" target=\"_blank\" rel=\"noopener\">Erfahren Sie mehr \u00fcber unsere Kollektion von Marmor und Onyx \u00fcber diesen Link: <\/a><a href=\"https:\/\/forzini.com\/de\/materialien\/\" target=\"_blank\" rel=\"noopener\">Materialien<\/a><\/p>\n<h3><strong>Besondere Merkmale:<\/strong><\/h3>\n<h3><strong>Montage:<\/strong> Nicht erforderlich.<\/h3>\n<h3><strong>Steinfinish:<\/strong> Poliert.<\/h3>\n<h3><strong>Gewicht:<\/strong> 75 kg<\/h3>\n","protected":false},"excerpt":{"rendered":"<h2>Runden Couchtischen aus gr\u00fcnem Onyx<\/h2>\n<p>Dies ist ein innovatives und anspruchsvolles Designst\u00fcck, perfekt f\u00fcr diejenigen, die ihren Raum mit einem einzigartigen M\u00f6belst\u00fcck hervorheben m\u00f6chten. Seine runde Form und die Kombination aus hellem gr\u00fcnen Onyx und beigem Marmor verleihen ihm einen ungew\u00f6hnlichen und charmanten Stil. Die Basis aus gr\u00fcnem Onyx kann hinterleuchtet werden, da dieser Stein Licht durchl\u00e4sst und den Tisch in ein spektakul\u00e4res Element der Ambientebeleuchtung verwandelt.<\/p>\n<p>Stell dir vor, deine G\u00e4ste mit diesem originellen Tisch zu \u00fcberraschen, der die nat\u00fcrliche Sch\u00f6nheit des Onyx hervorhebt und sie mit der zeitlosen Sanftheit des beigen Marmors kombiniert. Er ist ideal, um einen Hauch von Eleganz und Raffinesse hinzuzuf\u00fcgen und in jedem Raum hervorzustechen. Dieser Sofatisch aus Marmor ist nicht nur funktional, sondern auch ein wahres Kunstwerk, das mit seiner Pr\u00e4senz und seinem unvergleichlichen Stil beeindruckt.<\/p>\n<h5>Dank seines modernen Designs und der transluzenten Eigenschaften des Onyx kann dieser Runden Couchtischen aus gr\u00fcnem onyx von unten mit einer Gl\u00fchbirne beleuchtet werden und als Lampe dienen, wodurch eine warme und entspannte Atmosph\u00e4re entsteht.<\/h5>\n<h4>Ma\u00dfe: Durchmesser 38 cm, H\u00f6he 52 cm.<\/h4>\n","protected":false},"featured_media":11870,"comment_status":"closed","ping_status":"closed","template":"","meta":{"_acf_changed":false,"_joinchat":[]},"product_brand":[],"product_cat":[359,277],"product_tag":[264,265],"class_list":{"0":"post-11869","1":"product","2":"type-product","3":"status-publish","4":"has-post-thumbnail","6":"product_cat-marmor-couchtische","7":"product_cat-tische","8":"product_tag-marmor","9":"product_tag-onyx-de","11":"first","12":"instock","13":"sale","14":"shipping-taxable","15":"purchasable","16":"product-type-simple"},"acf":[],"_links":{"self":[{"href":"https:\/\/forzini.com\/de\/wp-json\/wp\/v2\/product\/11869","targetHints":{"allow":["GET"]}}],"collection":[{"href":"https:\/\/forzini.com\/de\/wp-json\/wp\/v2\/product"}],"about":[{"href":"https:\/\/forzini.com\/de\/wp-json\/wp\/v2\/types\/product"}],"replies":[{"embeddable":true,"href":"https:\/\/forzini.com\/de\/wp-json\/wp\/v2\/comments?post=11869"}],"version-history":[{"count":0,"href":"https:\/\/forzini.com\/de\/wp-json\/wp\/v2\/product\/11869\/revisions"}],"wp:featuredmedia":[{"embeddable":true,"href":"https:\/\/forzini.com\/de\/wp-json\/wp\/v2\/media\/11870"}],"wp:attachment":[{"href":"https:\/\/forzini.com\/de\/wp-json\/wp\/v2\/media?parent=11869"}],"wp:term":[{"taxonomy":"product_brand","embeddable":true,"href":"https:\/\/forzini.com\/de\/wp-json\/wp\/v2\/product_brand?post=11869"},{"taxonomy":"product_cat","embeddable":true,"href":"https:\/\/forzini.com\/de\/wp-json\/wp\/v2\/product_cat?post=11869"},{"taxonomy":"product_tag","embeddable":true,"href":"https:\/\/forzini.com\/de\/wp-json\/wp\/v2\/product_tag?post=11869"}],"curies":[{"name":"wp","href":"https:\/\/api.w.org\/{rel}","templated":true}]}}