{"id":11785,"date":"2024-03-18T16:23:22","date_gmt":"2024-03-18T15:23:22","guid":{"rendered":"https:\/\/forzini.com\/producto\/lavabo-rustico-de-onix-portunus\/"},"modified":"2025-04-19T20:16:39","modified_gmt":"2025-04-19T18:16:39","slug":"waschbecken-aus-gruenem-onyx-naturstein","status":"publish","type":"product","link":"https:\/\/forzini.com\/de\/producto\/waschbecken-aus-gruenem-onyx-naturstein\/","title":{"rendered":"Waschbecken aus gr\u00fcnem Onyx Naturstein"},"content":{"rendered":"<h1>Waschbecken aus gr\u00fcnem Onyx Naturstein &#8222;Portunus&#8220;<\/h1>\n<p>Handgefertigt mit einem innovativen Design, besticht dieses waschbecken aus gr\u00fcnem Onyx-Naturstein durch seine unregelm\u00e4\u00dfige rechteckige Form, die die Fantasie befl\u00fcgelt. Durch die Kombination von zeitgen\u00f6ssischer \u00c4sthetik mit traditionellen Techniken der Steinbearbeitung ist dieses rustikale Waschbecken aus luxuri\u00f6sem und authentischem gr\u00fcnem Onyx gefertigt. Jede Kurve und jede Kontur wurde von erfahrenen Handwerkern gemei\u00dfelt, um die perfekte Verbindung von Modernit\u00e4t und Tradition zu schaffen. Hochglanzpoliert ist dieses Waschbecken aus gr\u00fcnem Onyx Naturstein ein Meisterwerk, das Ihrem Badezimmer Raffinesse und Charme verleiht.<\/p>\n<p>Galaxy Gr\u00fcner Onyx: Ein hellgr\u00fcner Hintergrund, wundersch\u00f6n akzentuiert von wei\u00dfen Wellen, durchzogen von bronzefarbenen, erdigen goldbraunen und r\u00f6tlichen Adern. In \u00e4u\u00dferst geringen Mengen abgebaut, ist diese Sorte sehr exklusiv und au\u00dfergew\u00f6hnlich transluzent.<\/p>\n<p>Unser exklusiver Galaxy Gr\u00fcner Onyx wird wegen seiner Seltenheit und seines beeindruckenden Erscheinungsbilds gesch\u00e4tzt. Sein gr\u00fcner Farbton, eine sanfte Farbber\u00fchrung, verwebt sich mit goldbraunen Adern und r\u00f6tlichen Akzenten. Diese Natursteinpracht beeindruckt mit einzigartiger Kunst. Die Transluzens der Steine ist ein Wunderwerk, das Licht durch sie hindurchfluten l\u00e4sst, wodurch die Tiefen ihrer Sch\u00f6nheit erleuchtet und das komplexe Farbspiel in ihrem Inneren enth\u00fcllt werden. Diese seltene Kombination aus Farbe und Transluzens macht diesen Onyx zu einem begehrten Schatz. Es bereitet uns gro\u00dfe Freude, diese seltenen Steine zu entdecken und exklusive handgefertigte St\u00fccke f\u00fcr unsere gesch\u00e4tzten Kunden zu schaffen.<\/p>\n<p>&nbsp;<\/p>\n<p>Erfahren Sie mehr \u00fcber unsere Kollektion von Marmor und Onyx \u00fcber diesen Link: <a href=\"https:\/\/forzini.com\/de\/materialien\/\" target=\"_blank\" rel=\"noopener\">Materialien<\/a><\/p>\n<h3><strong>Hauptmerkmale:<\/strong><\/h3>\n<h3><strong>Installation:<\/strong> Auf der Arbeitsplatte.<\/h3>\n<h3><strong>Durchmesser des Ablauflochs:<\/strong> 4,5 cm (europ\u00e4ische Norm).<\/h3>\n<h3><strong>Kompatibler Ablauftyp:<\/strong> Universelles Ventil (nicht enthalten), ohne \u00dcberlauf.<\/h3>\n<h3><strong>Kompatibler Armaturentyp:<\/strong> Aufsatz- oder Wandarmatur (nicht enthalten).<\/h3>\n<h3><strong>Nicht enthalten:<\/strong> Siphon, Ablaufventil, Armatur.<\/h3>\n","protected":false},"excerpt":{"rendered":"<h2>Waschbecken aus gr\u00fcnem Onyx Naturstein<\/h2>\n<p>Mit seinem exquisiten rechteckigen Design ist es ein luxuri\u00f6ses Meisterwerk f\u00fcr stilvolle Badezimmer, ob gro\u00df oder klein. Unser Waschbecken ist aus massivem Naturstein gefertigt und vereint Eleganz und Robustheit auf perfekte Weise. Es besitzt einen rustikalen Charme, den nur echter Onyx vermitteln kann, mit seinen reichen und beeindruckenden Maserungen, die einen verzauberten Wald aus einzigartigen Mustern erschaffen.<\/p>\n","protected":false},"featured_media":11777,"comment_status":"closed","ping_status":"closed","template":"","meta":{"_acf_changed":false,"_joinchat":[]},"product_brand":[],"product_cat":[332,274],"product_tag":[265],"class_list":{"0":"post-11785","1":"product","2":"type-product","3":"status-publish","4":"has-post-thumbnail","6":"product_cat-onyx-waschbecken","7":"product_cat-waschbecken","8":"product_tag-onyx-de","10":"first","11":"outofstock","12":"sale","13":"featured","14":"shipping-taxable","15":"purchasable","16":"product-type-simple"},"acf":[],"_links":{"self":[{"href":"https:\/\/forzini.com\/de\/wp-json\/wp\/v2\/product\/11785","targetHints":{"allow":["GET"]}}],"collection":[{"href":"https:\/\/forzini.com\/de\/wp-json\/wp\/v2\/product"}],"about":[{"href":"https:\/\/forzini.com\/de\/wp-json\/wp\/v2\/types\/product"}],"replies":[{"embeddable":true,"href":"https:\/\/forzini.com\/de\/wp-json\/wp\/v2\/comments?post=11785"}],"version-history":[{"count":0,"href":"https:\/\/forzini.com\/de\/wp-json\/wp\/v2\/product\/11785\/revisions"}],"wp:featuredmedia":[{"embeddable":true,"href":"https:\/\/forzini.com\/de\/wp-json\/wp\/v2\/media\/11777"}],"wp:attachment":[{"href":"https:\/\/forzini.com\/de\/wp-json\/wp\/v2\/media?parent=11785"}],"wp:term":[{"taxonomy":"product_brand","embeddable":true,"href":"https:\/\/forzini.com\/de\/wp-json\/wp\/v2\/product_brand?post=11785"},{"taxonomy":"product_cat","embeddable":true,"href":"https:\/\/forzini.com\/de\/wp-json\/wp\/v2\/product_cat?post=11785"},{"taxonomy":"product_tag","embeddable":true,"href":"https:\/\/forzini.com\/de\/wp-json\/wp\/v2\/product_tag?post=11785"}],"curies":[{"name":"wp","href":"https:\/\/api.w.org\/{rel}","templated":true}]}}