{"id":11717,"date":"2024-05-20T12:51:28","date_gmt":"2024-05-20T10:51:28","guid":{"rendered":"https:\/\/forzini.com\/producto\/lavabo-redondo-de-marmol-beige-flora\/"},"modified":"2025-04-19T18:30:24","modified_gmt":"2025-04-19T16:30:24","slug":"aufsatzwaschbecken-aus-marmor-creme-flora","status":"publish","type":"product","link":"https:\/\/forzini.com\/de\/producto\/aufsatzwaschbecken-aus-marmor-creme-flora\/","title":{"rendered":"Aufsatzwaschbecken aus Marmor creme Flora"},"content":{"rendered":"<h1>Aufsatzwaschbecken aus Marmor creme &#8222;Flora&#8220;<\/h1>\n<p>Unser Aufsatzwaschbecken aus cremefarbenem Marmor ist ein handgefertigtes Kunstwerk mit rustikalem und zeitlosem Stil. Aus einem einzigen St\u00fcck Naturmarmor von Hand gemei\u00dfelt, zeigt es die authentische Sch\u00f6nheit des Steins in einem runden Design. Die rau strukturierten Au\u00dfenw\u00e4nde verleihen ihm einen nat\u00fcrlichen und rustikalen Charakter, der die Kraft der Natur widerspiegelt. Mit seinem zeitgen\u00f6ssischen Look ist dieses Aufsatzwaschbecken ideal f\u00fcr jedes Badezimmer, sei es im nordischen Stil oder in l\u00e4ndlicher Dekoration, und verleiht ihm eine unverwechselbare und einzigartige Note. Dar\u00fcber hinaus ist Marmor leicht zu pflegen, mit einfachen Reinigungsroutinen, die ein dekoratives und langlebiges Waschbecken gew\u00e4hrleisten, das die Sch\u00f6nheit Ihres Zuhauses unterstreicht.<\/p>\n<p>Botticelli Classic Marmor: Seine warme beige Farbe schafft ein einladendes und gem\u00fctliches Ambiente, w\u00e4hrend die helleren T\u00f6ne ein Gef\u00fchl von Helligkeit und Leichtigkeit hinzuf\u00fcgen. Die braunen und grauen Adern des Marmors, durchzogen von nat\u00fcrlichen, hellgelben Schatten, schaffen visuell fesselnde Muster.<\/p>\n<p>Der Botticelli Classic Marmor ist ein nat\u00fcrlicher Schatz, sorgf\u00e4ltig f\u00fcr unsere Kollektionen aufgrund seiner au\u00dfergew\u00f6hnlichen Seltenheit und Sch\u00f6nheit ausgew\u00e4hlt. Dieser Marmor wird in kleinen Mengen aus einer ausgew\u00e4hlten Region S\u00fcdasiens gewonnen, um seine Reinheit und Qualit\u00e4t zu bewahren. Jede Platte dieses Marmors zeichnet sich durch ihre charakteristischen Adern und Muster aus, die jedem Designprojekt einen einzigartigen Charakter verleihen. Sein sanfter, warmer Beigeton passt perfekt zu einer Vielzahl von Umgebungen und dekorativen Stilen, von eleganten modernen R\u00e4umen bis hin zu minimalistischem Design und reichhaltiger traditioneller Dekoration. In der Welt des luxuri\u00f6sen Interior-Designs, wo Konsistenz und Geschmack entscheidend sind, ist Botticelli Classic eine ideale Wahl. Seine Vielseitigkeit, verschiedene \u00c4sthetiken zu erg\u00e4nzen, ohne seine Aura der Raffinesse zu verlieren, macht ihn besonders begehrt bei denen, die R\u00e4ume schaffen m\u00f6chten, in denen jedes Detail harmonisch zusammenwirkt und ein Gef\u00fchl von Wohlbefinden und visueller Freude f\u00f6rdert.<\/p>\n<p>&nbsp;<\/p>\n<p>Conoce m\u00e1s sobre nuestra colecci\u00f3n de m\u00e1rmoles y \u00f3nix a trav\u00e9s de este enlace: <a href=\"https:\/\/forzini.com\/de\/materialien\/\" target=\"_blank\" rel=\"noopener\">Materiales<\/a><\/p>\n<p>Caracter\u00edsticas destacadas:<\/p>\n<h3>Instalaci\u00f3n:\u00a0Sobre la encimera.<br \/>\nDi\u00e1metro del orificio de desag\u00fce:\u00a04,5 cm (est\u00e1ndar europeo).<br \/>\nTipo de desag\u00fce compatible:\u00a0V\u00e1lvula universal (no incluida), sin rebosadero.<br \/>\nTipo de grifo compatible:\u00a0De encimera o mural (no incluido).<br \/>\nNo incluye:\u00a0Sif\u00f3n de agua, v\u00e1lvula de desag\u00fce, grifo.<\/h3>\n","protected":false},"excerpt":{"rendered":"<h2>Aufsatzwaschbecken aus Marmor creme<\/h2>\n<p>Handgefertigt von erfahrenen Kunsthandwerkern, ist dieses Aufsatzwaschbecken in eleganten Beige-T\u00f6nen aus Marmor erh\u00e4ltlich. Mit seiner rustikal strukturierten Au\u00dfenseite und einem perfekt polierten Innenbereich ist dieses Waschbecken ein klassisches und zeitloses Element, das die \u00c4sthetik Ihres Badezimmers unterstreicht.<\/p>\n","protected":false},"featured_media":11718,"comment_status":"closed","ping_status":"closed","template":"","meta":{"_acf_changed":false,"_joinchat":[]},"product_brand":[],"product_cat":[340,274],"product_tag":[264],"class_list":{"0":"post-11717","1":"product","2":"type-product","3":"status-publish","4":"has-post-thumbnail","6":"product_cat-marmor-waschbecken","7":"product_cat-waschbecken","8":"product_tag-marmor","10":"first","11":"outofstock","12":"sale","13":"featured","14":"shipping-taxable","15":"purchasable","16":"product-type-simple"},"acf":[],"_links":{"self":[{"href":"https:\/\/forzini.com\/de\/wp-json\/wp\/v2\/product\/11717","targetHints":{"allow":["GET"]}}],"collection":[{"href":"https:\/\/forzini.com\/de\/wp-json\/wp\/v2\/product"}],"about":[{"href":"https:\/\/forzini.com\/de\/wp-json\/wp\/v2\/types\/product"}],"replies":[{"embeddable":true,"href":"https:\/\/forzini.com\/de\/wp-json\/wp\/v2\/comments?post=11717"}],"version-history":[{"count":0,"href":"https:\/\/forzini.com\/de\/wp-json\/wp\/v2\/product\/11717\/revisions"}],"wp:featuredmedia":[{"embeddable":true,"href":"https:\/\/forzini.com\/de\/wp-json\/wp\/v2\/media\/11718"}],"wp:attachment":[{"href":"https:\/\/forzini.com\/de\/wp-json\/wp\/v2\/media?parent=11717"}],"wp:term":[{"taxonomy":"product_brand","embeddable":true,"href":"https:\/\/forzini.com\/de\/wp-json\/wp\/v2\/product_brand?post=11717"},{"taxonomy":"product_cat","embeddable":true,"href":"https:\/\/forzini.com\/de\/wp-json\/wp\/v2\/product_cat?post=11717"},{"taxonomy":"product_tag","embeddable":true,"href":"https:\/\/forzini.com\/de\/wp-json\/wp\/v2\/product_tag?post=11717"}],"curies":[{"name":"wp","href":"https:\/\/api.w.org\/{rel}","templated":true}]}}