{"id":11712,"date":"2024-06-05T18:19:44","date_gmt":"2024-06-05T16:19:44","guid":{"rendered":"https:\/\/forzini.com\/producto\/lavabo-de-onix\/"},"modified":"2025-04-19T18:08:24","modified_gmt":"2025-04-19T16:08:24","slug":"waschbecken-aus-weissem-naturstein","status":"publish","type":"product","link":"https:\/\/forzini.com\/de\/producto\/waschbecken-aus-weissem-naturstein\/","title":{"rendered":"Waschbecken aus wei\u00dfem Naturstein Saturn"},"content":{"rendered":"<h1>Waschbecken aus wei\u00dfem Naturstein &#8222;Saturn&#8220;<\/h1>\n<p>Dieses handgefertigte Waschbecken aus wei\u00dfem Naturstein, von unvergleichlicher Sch\u00f6nheit, bringt Glanz und Stil in jedes Badezimmer. Jedes Waschbecken aus wei\u00dfem Onyx-Naturstein wird sorgf\u00e4ltig in runder Form aus nat\u00fcrlichem Gestein gehauen, unter Verwendung traditioneller Handwerkstechniken, die Ihrem Zuhause einen eleganten und modernen Touch verleihen.<\/p>\n<p>Unsere Kollektionen luxuri\u00f6ser Waschbecken umfassen den besten authentischen Onyx, der einzigartige Muster, eine vielf\u00e4ltige Farbpalette und faszinierende Variationen von Adern zeigt, die die Kunst der Natur feiern. Erh\u00e4ltlich in pr\u00e4chtigem wei\u00dfem Onyx, lebendigem Gr\u00fcn und au\u00dfergew\u00f6hnlichem hellgr\u00fcnem Onyx, bringt jedes St\u00fcck eine Note von Charisma und Innovation ins Badezimmerdesign.<\/p>\n<p>Die runde Form des Waschbeckens betont die nat\u00fcrliche Sch\u00f6nheit des Onyx, w\u00e4hrend seine glatte, geschwungene Au\u00dfenseite die reichen und komplexen Muster sowie die durchscheinenden Eigenschaften des Steins hervorhebt und einen fesselnden visuellen Effekt erzeugt. Jedes Waschbecken ist ein Zeugnis exquisiter Handwerkskunst mit perfekt polierten Kurven und Konturen.<\/p>\n<p>Das Lichtspiel durch die nat\u00fcrlichen Adern und das gl\u00e4nzende Finish erh\u00f6hen seine luxuri\u00f6se Anziehungskraft und machen es zum Mittelpunkt in jedem Badezimmer. Jedes St\u00fcck ist ein einzigartiges Zeugnis f\u00fcr den zeitlosen Charme und die Spitzenqualit\u00e4t handgefertigter Steinwaschbecken.<\/p>\n<p>Duna Dorada Onyx: Sein wei\u00dfer Hintergrund ist eine beruhigende Leinwand, zart verziert mit weichen Wolken, die \u00fcber die Oberfl\u00e4che schweben. Cremige Schatten und goldene, karamellfarbene, braune, cognacfarbene und r\u00f6tliche Adern. Dieser besondere wei\u00dfe Onyx ist ein seltener Fund, der nur in kleinen Mengen verf\u00fcgbar ist.<\/p>\n<p>Wussten Sie schon? Unser Duna Dorada wei\u00dfer Onyx ist eine der seltensten und begehrtesten Varianten. Wir sind stolz darauf, einen so einzigartigen Schatz anzubieten, der aufgrund seiner unvergleichlichen Sch\u00f6nheit pers\u00f6nlich ausgew\u00e4hlt wurde. Dieses Wunder fasziniert mit seiner erhabenen Sch\u00f6nheit und macht ihn zu einem echten Juwel. Die Entstehung dieser einzigartigen Adern erfordert spezifische geologische Bedingungen. Im Laufe von Millionen von Jahren lagern sich siliziumreiche L\u00f6sungen in Gesteinsh\u00f6hlen ab, und durch die Kristallisation entstehen durch Verunreinigungen wie Eisen und Mangan die charakteristischen goldenen Adern.<\/p>\n<p>&nbsp;<\/p>\n<p>Erfahren Sie mehr \u00fcber unsere Kollektion von Marmor und Onyx \u00fcber diesen Link: <a href=\"https:\/\/forzini.com\/de\/materialien\/\" target=\"_blank\" rel=\"noopener\">Materialien<\/a><\/p>\n<h3><strong>Hauptmerkmale:<\/strong><\/h3>\n<h3><strong>Installation:<\/strong> Auf der Arbeitsplatte.<\/h3>\n<h3><strong>Durchmesser des Ablauflochs:<\/strong> 4,5 cm (europ\u00e4ische Norm).<\/h3>\n<h3><strong>Kompatibler Ablauftyp:<\/strong> Universelles Ventil (nicht enthalten), ohne \u00dcberlauf.<\/h3>\n<h3><strong>Kompatibler Armaturentyp:<\/strong> Aufsatz- oder Wandarmatur (nicht enthalten).<\/h3>\n<h3><strong>Nicht enthalten:<\/strong> Siphon, Ablaufventil, Armatur.<\/h3>\n","protected":false},"excerpt":{"rendered":"<h2>Waschbecken aus wei\u00dfem Naturstein<\/h2>\n<p>Eleganz und Prestige zeichnen unser Aufsatzwaschbecken aus wei\u00dfem Onyx aus, ein handgefertigtes Kunstwerk, das modernen Badezimmern Glamour verleiht. Dieses Waschbecken verk\u00f6rpert raffinierten Stil und Innovation im Innendesign, ideal f\u00fcr alle, die au\u00dfergew\u00f6hnliche Qualit\u00e4t und beeindruckende \u00c4sthetik sch\u00e4tzen. Seine Pr\u00e4senz macht das Waschbecken zum Mittelpunkt und bietet ein exklusives Nutzungserlebnis sowie einen einzigartigen Hauch von Raffinesse f\u00fcr jedes Badezimmer.<\/p>\n","protected":false},"featured_media":11704,"comment_status":"closed","ping_status":"closed","template":"","meta":{"_acf_changed":false,"_joinchat":[]},"product_brand":[],"product_cat":[332,274],"product_tag":[265],"class_list":{"0":"post-11712","1":"product","2":"type-product","3":"status-publish","4":"has-post-thumbnail","6":"product_cat-onyx-waschbecken","7":"product_cat-waschbecken","8":"product_tag-onyx-de","10":"first","11":"outofstock","12":"sale","13":"featured","14":"shipping-taxable","15":"purchasable","16":"product-type-simple"},"acf":[],"_links":{"self":[{"href":"https:\/\/forzini.com\/de\/wp-json\/wp\/v2\/product\/11712","targetHints":{"allow":["GET"]}}],"collection":[{"href":"https:\/\/forzini.com\/de\/wp-json\/wp\/v2\/product"}],"about":[{"href":"https:\/\/forzini.com\/de\/wp-json\/wp\/v2\/types\/product"}],"replies":[{"embeddable":true,"href":"https:\/\/forzini.com\/de\/wp-json\/wp\/v2\/comments?post=11712"}],"version-history":[{"count":0,"href":"https:\/\/forzini.com\/de\/wp-json\/wp\/v2\/product\/11712\/revisions"}],"wp:featuredmedia":[{"embeddable":true,"href":"https:\/\/forzini.com\/de\/wp-json\/wp\/v2\/media\/11704"}],"wp:attachment":[{"href":"https:\/\/forzini.com\/de\/wp-json\/wp\/v2\/media?parent=11712"}],"wp:term":[{"taxonomy":"product_brand","embeddable":true,"href":"https:\/\/forzini.com\/de\/wp-json\/wp\/v2\/product_brand?post=11712"},{"taxonomy":"product_cat","embeddable":true,"href":"https:\/\/forzini.com\/de\/wp-json\/wp\/v2\/product_cat?post=11712"},{"taxonomy":"product_tag","embeddable":true,"href":"https:\/\/forzini.com\/de\/wp-json\/wp\/v2\/product_tag?post=11712"}],"curies":[{"name":"wp","href":"https:\/\/api.w.org\/{rel}","templated":true}]}}