{"id":11573,"date":"2024-07-01T15:18:16","date_gmt":"2024-07-01T13:18:16","guid":{"rendered":"https:\/\/forzini.com\/producto\/lavabo-largo-de-onix-aurora\/"},"modified":"2025-04-19T12:40:23","modified_gmt":"2025-04-19T10:40:23","slug":"ovales-waschbecken-aus-gruenem-onyx-aurora","status":"publish","type":"product","link":"https:\/\/forzini.com\/de\/producto\/ovales-waschbecken-aus-gruenem-onyx-aurora\/","title":{"rendered":"Ovales Waschbecken aus gr\u00fcnem Onyx Aurora"},"content":{"rendered":"<h1>Ovales Waschbecken aus gr\u00fcnem Onyx\u00a0&#8222;Aurora&#8220;<\/h1>\n<p>Dieses ovale Waschbecken aus gr\u00fcnem Onyx, das auf einer Arbeitsplatte montiert wird, mit seiner exquisiten Mischung aus sinnlichen Kurven und dem gl\u00e4nzenden Glamour des Natursteins, verleiht jedem Badezimmer eine unvergleichliche Eleganz. Seine ovale und verl\u00e4ngerte Form mit organischen und nat\u00fcrlichen Linien ist fesselnd, sinnlich und exquisit und erinnert an die Ruhe und die Flie\u00dff\u00e4higkeit der Natur. Die sanften Farben des Onyx, durchzogen von Adern und gl\u00e4nzenden Kristallen, schaffen faszinierende Schatten, die die ganze Pracht des echten Onyx wundersch\u00f6n widerspiegeln. Jedes Detail dieses Waschbeckens wurde entworfen, um das Licht auf einzigartige Weise einzufangen und zu reflektieren, wodurch ein Spiel aus Schatten und Glanz entsteht, das die innere Sch\u00f6nheit des Steins hervorhebt. Dieses ovale Waschbecken aus gr\u00fcnem Onyx ist ein Kunstwerk, das Ihr Badezimmer in einen luxuri\u00f6sen und glamour\u00f6sen Raum verwandelt und jeden Moment zu einem einzigartigen und au\u00dfergew\u00f6hnlichen Erlebnis macht. F\u00fcr sein Design haben wir einen sehr speziellen Onyx ausgew\u00e4hlt, der die gesamte Sch\u00f6nheit des Steins hervorhebt:<\/p>\n<p>Galaxy Gr\u00fcner Onyx: Ein hellgr\u00fcner Hintergrund, wundersch\u00f6n akzentuiert durch wei\u00dfe Wellen, unterbrochen von bronzenen Adern, erdig goldbraun und r\u00f6tlich. In sehr kleinen Mengen abgebaut, ist diese Variet\u00e4t ein sehr exklusiver und hochgradig transluzenter Onyx.<\/p>\n<p>Galaxy Gr\u00fcner Onyx ist nicht nur wegen seiner Seltenheit und \u00e4sthetischen Attraktivit\u00e4t wertvoll, sondern auch wegen seiner einzigartigen geologischen Entstehung. Dieser Onyx ist das Ergebnis von Jahrtausenden mineralischer Schichtung, die unter dem intensiven Druck der zerkl\u00fcfteten Landschaft einer bestimmten Region S\u00fcdasiens zusammengepresst wurde. Sein markanter hellgr\u00fcner Farbton ist ein nat\u00fcrliches Ph\u00e4nomen, das sonst nirgendwo auf der Welt zu finden ist, wodurch er eine einzigartige Erg\u00e4nzung f\u00fcr luxuri\u00f6se Innenr\u00e4ume darstellt. Die Exklusivit\u00e4t des Steins wird durch seine geografische Einzigartigkeit unterstrichen, wodurch jedes St\u00fcck ein seltenes Artefakt der Kunst der Erde wird, perfekt f\u00fcr diejenigen, die das wirklich Einzigartige im Luxusdesign suchen.<\/p>\n<p>&nbsp;<\/p>\n<p>Erfahren Sie mehr \u00fcber unsere Kollektion von Marmor und Onyx \u00fcber diesen Link: <a href=\"https:\/\/forzini.com\/de\/materialien\/\" target=\"_blank\" rel=\"noopener\">Materialien<\/a><\/p>\n<h3><strong>Hauptmerkmale:<\/strong><\/h3>\n<h3><strong>Installation:<\/strong> Auf der Arbeitsplatte.<\/h3>\n<h3><strong>Durchmesser des Ablauflochs:<\/strong> 4,5 cm (europ\u00e4ische Norm).<\/h3>\n<h3><strong>Kompatibler Ablauftyp:<\/strong> Universelles Ventil (nicht enthalten), ohne \u00dcberlauf.<\/h3>\n<h3><strong>Kompatibler Armaturentyp:<\/strong> Aufsatz- oder Wandarmatur (nicht enthalten).<\/h3>\n<h3><strong>Nicht enthalten:<\/strong> Siphon, Ablaufventil, Armatur.<\/h3>\n","protected":false},"excerpt":{"rendered":"<h2>Ovales Waschbecken aus gr\u00fcnem Onyx<\/h2>\n<p>F\u00fcr die Installation auf der Arbeitsplatte, mit seiner exquisiten Mischung aus sinnlichen Kurven und dem gl\u00e4nzenden Glamour des Natursteins, verleiht Eleganz jedem Badezimmer. Die sanften Farben, durchzogen von Adern und gl\u00e4nzenden Kristallen, schaffen faszinierende Schatten, die die ganze Pracht des echten Onyx wundersch\u00f6n widerspiegeln.<\/p>\n","protected":false},"featured_media":11565,"comment_status":"closed","ping_status":"closed","template":"","meta":{"_acf_changed":false,"_joinchat":[]},"product_brand":[],"product_cat":[332,274],"product_tag":[265],"class_list":{"0":"post-11573","1":"product","2":"type-product","3":"status-publish","4":"has-post-thumbnail","6":"product_cat-onyx-waschbecken","7":"product_cat-waschbecken","8":"product_tag-onyx-de","10":"first","11":"outofstock","12":"sale","13":"featured","14":"shipping-taxable","15":"purchasable","16":"product-type-simple"},"acf":[],"_links":{"self":[{"href":"https:\/\/forzini.com\/de\/wp-json\/wp\/v2\/product\/11573","targetHints":{"allow":["GET"]}}],"collection":[{"href":"https:\/\/forzini.com\/de\/wp-json\/wp\/v2\/product"}],"about":[{"href":"https:\/\/forzini.com\/de\/wp-json\/wp\/v2\/types\/product"}],"replies":[{"embeddable":true,"href":"https:\/\/forzini.com\/de\/wp-json\/wp\/v2\/comments?post=11573"}],"version-history":[{"count":0,"href":"https:\/\/forzini.com\/de\/wp-json\/wp\/v2\/product\/11573\/revisions"}],"wp:featuredmedia":[{"embeddable":true,"href":"https:\/\/forzini.com\/de\/wp-json\/wp\/v2\/media\/11565"}],"wp:attachment":[{"href":"https:\/\/forzini.com\/de\/wp-json\/wp\/v2\/media?parent=11573"}],"wp:term":[{"taxonomy":"product_brand","embeddable":true,"href":"https:\/\/forzini.com\/de\/wp-json\/wp\/v2\/product_brand?post=11573"},{"taxonomy":"product_cat","embeddable":true,"href":"https:\/\/forzini.com\/de\/wp-json\/wp\/v2\/product_cat?post=11573"},{"taxonomy":"product_tag","embeddable":true,"href":"https:\/\/forzini.com\/de\/wp-json\/wp\/v2\/product_tag?post=11573"}],"curies":[{"name":"wp","href":"https:\/\/api.w.org\/{rel}","templated":true}]}}