{"id":11421,"date":"2024-10-18T13:32:30","date_gmt":"2024-10-18T11:32:30","guid":{"rendered":"https:\/\/forzini.com\/producto\/lavabo-piedra-blanca\/"},"modified":"2026-02-23T20:15:03","modified_gmt":"2026-02-23T19:15:03","slug":"steinwaschbecken-weiss-marmor-rosa-onyx","status":"publish","type":"product","link":"https:\/\/forzini.com\/de\/producto\/steinwaschbecken-weiss-marmor-rosa-onyx\/","title":{"rendered":"Steinwaschbecken aus wei\u00dfem Marmor mit rosa Onyx"},"content":{"rendered":"<h2><strong>Steinwaschbecken aus wei\u00dfem Naturstein mit rosa Onyx<\/strong><\/h2>\n<p>Dieses <strong>Steinwaschbecken aus wei\u00dfem Marmor<\/strong> mit einem feinen Rand aus rosa Onyx ist ein au\u00dfergew\u00f6hnliches Luxusobjekt, das jedes Badezimmer in einen Raum zeitloser Raffinesse verwandelt. Jedes Waschbecken wird von erfahrenen Handwerksk\u00fcnstlern von Hand gefertigt, die die Leuchtkraft des Snow\u2011Leopardo\u2011Marmors und die zarte Transparenz des rosa Onyx in jeder Kurve hervorheben.<\/p>\n<p>Das Design verbindet die Reinheit organischer Formen mit dem sanften Kontrast des rosa Onyx und schafft ein dekoratives Element, das durch Sch\u00f6nheit, Harmonie und Funktionalit\u00e4t besticht. Mit seinem makellosen Finish und edlen Materialien wird dieses Waschbecken zum Mittelpunkt jeder Einrichtung und verleiht dem Raum Ruhe, Eleganz und eine unverwechselbare High\u2011End\u2011Note.<\/p>\n<div><\/div>\n<h2><strong>Snow\u2011Leopardo\u2011Marmor \u2013 ein exklusiver Stein mit einzigartigem Charakter<\/strong><\/h2>\n<p><strong>Snow\u2011Leopardo\u2011Marmor<\/strong> ist ein hochwertiger wei\u00dfer Marmor, der f\u00fcr seine feinen grauen Adern und sein nat\u00fcrliches, organisches Muster gesch\u00e4tzt wird. Er stammt aus begrenzten Steinbr\u00fcchen, was ihn besonders selten und begehrt f\u00fcr anspruchsvolle Innenarchitekturprojekte macht.<\/p>\n<p>Jedes St\u00fcck weist ein einzigartiges, nicht reproduzierbares Muster auf \u2013 ein Symbol f\u00fcr Luxus, Exklusivit\u00e4t und nat\u00fcrliche Sch\u00f6nheit.<\/p>\n<div><\/div>\n<h2><strong>Rosa Cloud Onyx \u2013 ein nat\u00fcrlicher Akzent voller Licht und Feinheit<\/strong><\/h2>\n<p><strong>Rosa Cloud Onyx<\/strong> wird f\u00fcr seinen reinen Rosaton und seine F\u00e4higkeit gesch\u00e4tzt, Licht mit einem sanften, faszinierenden Schimmer durchscheinen zu lassen. Die nat\u00fcrlichen Schichten und zarten wei\u00dflichen Wolkenmuster erzeugen einen \u00e4therischen, eleganten visuellen Effekt.<\/p>\n<p>Der obere Rand aus rosa Onyx versch\u00f6nert nicht nur das Design, sondern fungiert als <strong>ikonisches Designdetail<\/strong>, das das Waschbecken in ein funktionales Kunstwerk verwandelt und W\u00e4rme, Romantik und Raffinesse verleiht.<\/p>\n<div><\/div>\n<h2><strong>Ein visueller Blickfang f\u00fcr moderne Designb\u00e4der<\/strong><\/h2>\n<p>Als Aufsatzwaschbecken montiert, wird dieses runde Modell sofort zum visuellen Zentrum des Badezimmers. Die Kombination aus wei\u00dfem Marmor und rosa Onyx erm\u00f6glicht eine harmonische Integration in zahlreiche Einrichtungsstile.<\/p>\n<p>Ideal geeignet f\u00fcr Badezimmer im Stil:<\/p>\n<ul>\n<li>modern<\/li>\n<li>warmer, nat\u00fcrlicher Minimalismus<\/li>\n<li>romantisch\u2011modern<\/li>\n<li>Boho Chic<\/li>\n<li>moderne mediterrane \u00c4sthetik<\/li>\n<li>Japandi<\/li>\n<li>modern\u2011klassisch mit handwerklichen Akzenten<\/li>\n<li>organisches Design \/ Organic Luxury<\/li>\n<li>Home\u2011Spa \/ Wellness\u2011Bad<\/li>\n<li>Mediterran\u2011Nordische Fusion<\/li>\n<\/ul>\n<p>Dank seiner vielseitigen \u00c4sthetik l\u00e4sst sich das Waschbecken m\u00fchelos in unterschiedlichste Gestaltungskonzepte integrieren und verleiht jedem Badprojekt Pers\u00f6nlichkeit und Harmonie.<\/p>\n<div><\/div>\n<h2><strong>Langlebigkeit und einfache Pflege<\/strong><\/h2>\n<p>Wei\u00dfer Marmor und rosa Onyx sind hochwertige Naturmaterialien, bekannt f\u00fcr:<\/p>\n<ul>\n<li>nat\u00fcrliche Widerstandsf\u00e4higkeit<\/li>\n<li>lange Lebensdauer<\/li>\n<li>pflegeleichte Eigenschaften<\/li>\n<li>zeitlose Eleganz<\/li>\n<\/ul>\n<p>Die polierte Oberfl\u00e4che f\u00fchlt sich angenehm glatt an und ist im Alltag \u00e4u\u00dferst praktisch. Mit einer einfachen Pflege bewahrt das Waschbecken seinen nat\u00fcrlichen Glanz und seine Eleganz \u00fcber viele Jahre hinweg.<\/p>\n<p>Erfahren Sie mehr \u00fcber unsere Kollektion von Marmor und Onyx \u00fcber diesen Link: <a href=\"https:\/\/forzini.com\/de\/materialien\/\" target=\"_blank\" rel=\"noopener\">Materialien<\/a><\/p>\n<div><\/div>\n<h2><strong>Wichtige Produkteigenschaften<\/strong><\/h2>\n<ul>\n<li><strong>Installation:<\/strong> Aufsatzwaschbecken<\/li>\n<li><strong>Durchmesser des Abflusslochs:<\/strong> 4,5 cm (europ\u00e4ischer Standard)<\/li>\n<li><strong>Kompatibler Ablauf:<\/strong> Universale Ablaufgarnitur ohne \u00dcberlauf (nicht enthalten)<\/li>\n<li><strong>Kompatible Armatur:<\/strong> Stand\u2011 oder Wandarmatur (nicht enthalten)<\/li>\n<li><strong>Nicht enthalten:<\/strong> Siphon, Ablaufventil, Armatur<\/li>\n<\/ul>\n<div><\/div>\n<h2><strong>FAQs\u00a0<\/strong><\/h2>\n<h3><strong>1. Wie pflegt man ein Waschbecken aus Marmor und Onyx, damit es in perfektem Zustand bleibt?<\/strong><\/h3>\n<p>Lauwarmes Wasser und eine milde, pH\u2011neutrale Seife gen\u00fcgen. Vermeiden Sie saure oder scheuernde Produkte, um den nat\u00fcrlichen Glanz des Steins zu erhalten und die Maserung zu sch\u00fctzen.<\/p>\n<h3><strong>2. Ist jedes Waschbecken aus Marmor und Onyx wirklich ein Unikat?<\/strong><\/h3>\n<p>Ja. Jede Waschschale wird aus einem nat\u00fcrlichen Steinblock gefertigt, wodurch Adern, Farbt\u00f6ne und Muster organisch variieren. Jede ist ein einzigartiges Einzelst\u00fcck.<\/p>\n<h3><strong>3. Welche Ablauf\u2011 und Armaturtypen sind kompatibel?<\/strong><\/h3>\n<p>Dieses Modell verwendet eine universelle Ablaufgarnitur ohne \u00dcberlauf und ist mit Stand\u2011 oder Wandarmaturen kompatibel.<\/p>\n<h3><strong>4. Zu welchen Badezimmerstilen passt ein Waschbecken aus wei\u00dfem Marmor und rosa Onyx?<\/strong><\/h3>\n<p>Es harmoniert perfekt mit modernen, minimalistischen, spa\u2011inspirierten, Japandi\u2011, mediterranen, nordischen, elegant industriellen und zeitgen\u00f6ssischen Luxus\u2011B\u00e4dern.<\/p>\n<h3><strong>5. Warum sollte man ein Waschbecken aus Naturstein einem industriell hergestellten Modell vorziehen?<\/strong><\/h3>\n<p>Naturstein bietet Exklusivit\u00e4t, h\u00f6here Langlebigkeit und eine \u00c4sthetik, die nicht reproduziert werden kann. Jede Waschschale besitzt einzigartige Adern, die dem Badezimmer Luxus und Pers\u00f6nlichkeit verleihen.<\/p>\n<h3><strong>6. Bieten Sie internationalen Versand an?<\/strong><\/h3>\n<p>Ja \u2014 wir liefern weltweit, sodass unsere Naturstein\u2011Waschbecken Kunden in jedem Land erreichen k\u00f6nnen.<\/p>\n<h3><strong>7. Was tr\u00e4gt der rosa Onyx zu diesem Waschbecken bei?<\/strong><\/h3>\n<p>Rosa Onyx verleiht dem Design eine besondere Leichtigkeit, W\u00e4rme und Eleganz. Seine leicht transluzente Sch\u00f6nheit und feine Maserung machen den oberen Rand zu einem <strong>ikonischen Designdetail<\/strong>, das dem Waschbecken einen einzigartigen dekorativen Charakter verleiht.<\/p>\n","protected":false},"excerpt":{"rendered":"<h1><strong>Steinwaschbecken aus Marmor mit rosa Onyx-Rand \u201eSejmet Pink\u201c<\/strong><\/h1>\n<p>Dieses Steinwaschbecken ist ideal f\u00fcr moderne G\u00e4steb\u00e4der und verbindet zeitgen\u00f6ssische Raffinesse mit einem Hauch nat\u00fcrlicher Eleganz. Die von Hand kunstvoll geformten W\u00e4nde spiegeln die Meisterschaft unserer erfahrenen Kunsthandwerker wider und verleihen dem Waschbecken eine einzigartige Textur und Charakterst\u00e4rke, die es unverwechselbar machen.<\/p>\n<p>Auf der Waschtischplatte installiert, strahlt der wei\u00dfe Marmor Ruhe und Reinheit aus, w\u00e4hrend der zarte Rand aus rosa Onyx einen warmen, stilvollen Kontrast setzt. Die nat\u00fcrlichen Maserungen des Onyx und die individuellen Variationen des Marmors machen jedes St\u00fcck zu einem Unikat \u2013 einer exklusiven Komposition, die jedem Badezimmer Harmonie und gehobene Ausstrahlung verleiht.<\/p>\n<p>Perfekt f\u00fcr moderne Innenr\u00e4ume: Das Design kombiniert klare Linien mit edlen Materialien. Die handgearbeitete Oberfl\u00e4che und die nat\u00fcrlichen Steinstrukturen machen dieses Steinwaschbecken zu einem dekorativen Highlight mit luxuri\u00f6sem Flair. Die Kombination aus wei\u00dfem Marmor und rosa Onyx sorgt f\u00fcr ein elegantes Zusammenspiel von Farbe und Form.<\/p>\n<h2><strong>Ma\u00dfe:<\/strong> Durchmesser 40 cm, H\u00f6he 15 cm<\/h2>\n","protected":false},"featured_media":19809,"comment_status":"closed","ping_status":"closed","template":"","meta":{"_acf_changed":false,"_joinchat":[]},"product_brand":[],"product_cat":[340,274],"product_tag":[415,264],"class_list":{"0":"post-11421","1":"product","2":"type-product","3":"status-publish","4":"has-post-thumbnail","6":"product_cat-marmor-waschbecken","7":"product_cat-waschbecken","8":"product_tag-badezimmer-waschbecken","9":"product_tag-marmor","11":"first","12":"instock","13":"sale","14":"shipping-taxable","15":"purchasable","16":"product-type-simple"},"acf":[],"_links":{"self":[{"href":"https:\/\/forzini.com\/de\/wp-json\/wp\/v2\/product\/11421","targetHints":{"allow":["GET"]}}],"collection":[{"href":"https:\/\/forzini.com\/de\/wp-json\/wp\/v2\/product"}],"about":[{"href":"https:\/\/forzini.com\/de\/wp-json\/wp\/v2\/types\/product"}],"replies":[{"embeddable":true,"href":"https:\/\/forzini.com\/de\/wp-json\/wp\/v2\/comments?post=11421"}],"version-history":[{"count":2,"href":"https:\/\/forzini.com\/de\/wp-json\/wp\/v2\/product\/11421\/revisions"}],"predecessor-version":[{"id":24261,"href":"https:\/\/forzini.com\/de\/wp-json\/wp\/v2\/product\/11421\/revisions\/24261"}],"wp:featuredmedia":[{"embeddable":true,"href":"https:\/\/forzini.com\/de\/wp-json\/wp\/v2\/media\/19809"}],"wp:attachment":[{"href":"https:\/\/forzini.com\/de\/wp-json\/wp\/v2\/media?parent=11421"}],"wp:term":[{"taxonomy":"product_brand","embeddable":true,"href":"https:\/\/forzini.com\/de\/wp-json\/wp\/v2\/product_brand?post=11421"},{"taxonomy":"product_cat","embeddable":true,"href":"https:\/\/forzini.com\/de\/wp-json\/wp\/v2\/product_cat?post=11421"},{"taxonomy":"product_tag","embeddable":true,"href":"https:\/\/forzini.com\/de\/wp-json\/wp\/v2\/product_tag?post=11421"}],"curies":[{"name":"wp","href":"https:\/\/api.w.org\/{rel}","templated":true}]}}