{"id":11241,"date":"2024-10-21T17:41:20","date_gmt":"2024-10-21T15:41:20","guid":{"rendered":"https:\/\/forzini.com\/producto\/lavabo-rectangular-de-piedra-sobre-encimera\/"},"modified":"2025-04-17T21:31:24","modified_gmt":"2025-04-17T19:31:24","slug":"rechteckiges-waschbecken-aus-onyx-stein","status":"publish","type":"product","link":"https:\/\/forzini.com\/de\/producto\/rechteckiges-waschbecken-aus-onyx-stein\/","title":{"rendered":"Rechteckiges Waschbecken aus Onyx-Stein"},"content":{"rendered":"<h1><span data-sheets-formula-bar-text-style=\"font-size:13px;color:#000000;font-weight:normal;text-decoration:none;font-family:'Arial';font-style:normal;text-decoration-skip-ink:none;\">Rechteckiges Waschbecken aus Onyx-Stein <\/span>&#8222;Volturnus-W&#8220;.<\/h1>\n<p>**&#8220;Unser Rechteckiges Waschbecken aus nat\u00fcrlichem Onyx-Stein mit seiner k\u00fchnen rechteckigen Form und innovativem Design ist ein echtes Meisterwerk. Aus Onyx-Fels mit handwerklichen Techniken gefertigt, erz\u00e4hlt jede Linie die Geschichte der nat\u00fcrlichen Sch\u00f6nheit. Dieses Rechteckige Waschbecken aus Onyx-Stein, sorgf\u00e4ltig von erfahrenen H\u00e4nden poliert, ist ein au\u00dfergew\u00f6hnliches Designst\u00fcck, das jeden Badezimmerraum mit Glanz und Raffinesse bereichert. Stellen Sie sich dieses prachtvolle Waschbecken als Mittelpunkt Ihres Badezimmers vor \u2013 es wird jeden Gast mit dem Charme dieses Halbedelsteins verzaubern. Die luxuri\u00f6se Verarbeitung vereint perfekt rustikalen Charme mit zeitgen\u00f6ssischer Eleganz und macht es zu einem begehrten Kunstwerk f\u00fcr jeden Raum. Die nat\u00fcrlichen Variationen und faszinierenden Muster des Onyx-Marmors sorgen daf\u00fcr, dass jedes Waschbecken wirklich einzigartig ist und Ihrem Dekor einen unverkennbaren Akzent verleiht. Wir bieten drei exklusive Variationen unseres Onyx an:<\/p>\n<p>Goldene-D\u00fcne-Onyx: Ein wei\u00dfer Hintergrund dient als ruhige Leinwand, zart dekoriert mit weichen wei\u00dfen Wolken, die \u00fcber seine Oberfl\u00e4che zu schweben scheinen. Mit cremigen Schatten, gelben T\u00f6nen und Adern in Gold-, Karamell-, Braun-, Cognac- und Rott\u00f6nen ist dieser wei\u00dfe Onyx eine seltene Entdeckung, die in kleinen Mengen aus einer spezifischen Region abgebaut wird.<\/p>\n<p>Wussten Sie, dass wei\u00dfer Onyx ein faszinierender Stein ist, der wegen seiner Seltenheit und ruhigen Sch\u00f6nheit gesch\u00e4tzt wird? Seine Knappheit beruht auf den spezifischen Bedingungen, die f\u00fcr seine Entstehung erforderlich sind. Wasser, das reich an Silizium ist, tropft in H\u00f6hlen und lagert \u00fcber Jahrtausende Schichten von Chalcedon-Mineralien ab, die kristallisieren. Seine elfenbeinwei\u00dfe Farbe erinnert an die Kunst und Architektur vergangener Zeiten und suggeriert zeitlose Eleganz. Die Magie dieses Onyx liegt in seiner Transluzenz, die ihm eine \u00e4therische Qualit\u00e4t verleiht \u2013 fast so, als hielte man ein St\u00fcck Mondlicht in den H\u00e4nden. Dieses Ph\u00e4nomen erm\u00f6glicht ein Spiel von Licht und Schatten, erweckt den Stein zum Leben und enth\u00fcllt seine komplexen inneren Muster. Die wolken\u00e4hnlichen Zeichnungen sind das nat\u00fcrliche Markenzeichen des wei\u00dfen Onyx und schaffen sanfte Nebellandschaften, die \u00fcber seine Oberfl\u00e4che gleiten. Es ist genau dieses Design, das wei\u00dfem Onyx seinen einzigartigen Reiz verleiht.<\/p>\n<p>&nbsp;<\/p>\n<p>Erfahren Sie mehr \u00fcber unsere Kollektion von Marmor und Onyx \u00fcber diesen Link: <a href=\"https:\/\/forzini.com\/de\/materialien\/\" target=\"_blank\" rel=\"noopener\">Materialien<\/a><\/p>\n<h3><strong>Hauptmerkmale:<\/strong><\/h3>\n<h3><strong>Installation:<\/strong> Auf der Arbeitsplatte.<\/h3>\n<h3><strong>Durchmesser des Ablauflochs:<\/strong> 4,5 cm (europ\u00e4ische Norm).<\/h3>\n<h3><strong>Kompatibler Ablauftyp:<\/strong> Universelles Ventil (nicht enthalten), ohne \u00dcberlauf.<\/h3>\n<h3><strong>Kompatibler Armaturentyp:<\/strong> Aufsatz- oder Wandarmatur (nicht enthalten).<\/h3>\n<h3><strong>Nicht enthalten:<\/strong> Siphon, Ablaufventil, Armatur.<\/h3>\n","protected":false},"excerpt":{"rendered":"<h2>Rechteckiges Waschbecken aus Onyx-Stein<\/h2>\n<p>Aus solider Onyx-Marmor gefertigt, besticht dieses Waschbecken durch seine Eleganz und Vielseitigkeit. Sein mutiges Design macht es zur idealen Wahl f\u00fcr verschiedene Einrichtungsstile. Ob in einem rustikalen, nordischen oder zeitgen\u00f6ssischen Badezimmer \u2013 dieses Waschbecken f\u00fcgt sich dank seiner stilvollen Form und speziellen Verarbeitung harmonisch ein. Die Maserung und die beeindruckenden Muster des nat\u00fcrlichen Onyx unterstreichen die Sch\u00f6nheit des Raums und schaffen eine luxuri\u00f6se und anspruchsvolle Atmosph\u00e4re, die jede Einrichtung perfekt erg\u00e4nzt.<\/p>\n","protected":false},"featured_media":11242,"comment_status":"closed","ping_status":"closed","template":"","meta":{"_acf_changed":false,"_joinchat":[]},"product_brand":[],"product_cat":[332,274],"product_tag":[265],"class_list":{"0":"post-11241","1":"product","2":"type-product","3":"status-publish","4":"has-post-thumbnail","6":"product_cat-onyx-waschbecken","7":"product_cat-waschbecken","8":"product_tag-onyx-de","10":"first","11":"outofstock","12":"sale","13":"featured","14":"shipping-taxable","15":"purchasable","16":"product-type-simple"},"acf":[],"_links":{"self":[{"href":"https:\/\/forzini.com\/de\/wp-json\/wp\/v2\/product\/11241","targetHints":{"allow":["GET"]}}],"collection":[{"href":"https:\/\/forzini.com\/de\/wp-json\/wp\/v2\/product"}],"about":[{"href":"https:\/\/forzini.com\/de\/wp-json\/wp\/v2\/types\/product"}],"replies":[{"embeddable":true,"href":"https:\/\/forzini.com\/de\/wp-json\/wp\/v2\/comments?post=11241"}],"version-history":[{"count":0,"href":"https:\/\/forzini.com\/de\/wp-json\/wp\/v2\/product\/11241\/revisions"}],"wp:featuredmedia":[{"embeddable":true,"href":"https:\/\/forzini.com\/de\/wp-json\/wp\/v2\/media\/11242"}],"wp:attachment":[{"href":"https:\/\/forzini.com\/de\/wp-json\/wp\/v2\/media?parent=11241"}],"wp:term":[{"taxonomy":"product_brand","embeddable":true,"href":"https:\/\/forzini.com\/de\/wp-json\/wp\/v2\/product_brand?post=11241"},{"taxonomy":"product_cat","embeddable":true,"href":"https:\/\/forzini.com\/de\/wp-json\/wp\/v2\/product_cat?post=11241"},{"taxonomy":"product_tag","embeddable":true,"href":"https:\/\/forzini.com\/de\/wp-json\/wp\/v2\/product_tag?post=11241"}],"curies":[{"name":"wp","href":"https:\/\/api.w.org\/{rel}","templated":true}]}}